{"id":6534,"date":"2024-02-21T07:40:42","date_gmt":"2024-02-21T07:40:42","guid":{"rendered":"https:\/\/wpachem.com\/?post_type=product&#038;p=6534"},"modified":"2024-02-21T07:43:00","modified_gmt":"2024-02-21T07:43:00","slug":"zbeczbdc-cas-14726-36-4-zinc-dibenzyldithiocarbamate","status":"publish","type":"product","link":"https:\/\/wpachem.com\/es\/producto\/zbeczbdc-cas-14726-36-4-zinc-dibenzyldithiocarbamate\/","title":{"rendered":"ZBEC (ZBDC) CAS 14726-36-4 Dibencilditiocarbamato de zinc"},"content":{"rendered":"<p><strong>Caracter\u00edstica<\/strong><\/p>\n<p>Cristal incoloro o polvo blanco.<\/p>\n<p><strong>Solicitud:<\/strong><\/p>\n<p>Agente reticulante para pol\u00edmeros transparentes: BZAM puede reaccionar con grupos hidroxilo o carboxilo en pol\u00edmeros transparentes para formar una estructura reticulada y mejorar las propiedades mec\u00e1nicas y la estabilidad t\u00e9rmica del pol\u00edmero.<\/p>","protected":false},"excerpt":{"rendered":"<p>Nombre del producto: TBBS (NS)<\/p>\n<p>CAS\uff1a95-31-8<\/p>\n<p>MF: C11H14N2S2<\/p>\n<p>Apariencia: Cristal incoloro o polvo blanco.<\/p>","protected":false},"featured_media":5179,"template":"","meta":{"_acf_changed":false,"_gspb_post_css":""},"product_brand":[],"product_cat":[62,73],"product_tag":[],"class_list":{"0":"post-6534","1":"product","2":"type-product","3":"status-publish","4":"has-post-thumbnail","6":"product_cat-rubberplastic-ingredients","7":"product_cat-rubber-antioxidant","9":"first","10":"instock","11":"shipping-taxable","12":"product-type-simple"},"acf":[],"_links":{"self":[{"href":"https:\/\/wpachem.com\/es\/wp-json\/wp\/v2\/product\/6534","targetHints":{"allow":["GET"]}}],"collection":[{"href":"https:\/\/wpachem.com\/es\/wp-json\/wp\/v2\/product"}],"about":[{"href":"https:\/\/wpachem.com\/es\/wp-json\/wp\/v2\/types\/product"}],"version-history":[{"count":0,"href":"https:\/\/wpachem.com\/es\/wp-json\/wp\/v2\/product\/6534\/revisions"}],"wp:featuredmedia":[{"embeddable":true,"href":"https:\/\/wpachem.com\/es\/wp-json\/wp\/v2\/media\/5179"}],"wp:attachment":[{"href":"https:\/\/wpachem.com\/es\/wp-json\/wp\/v2\/media?parent=6534"}],"wp:term":[{"taxonomy":"product_brand","embeddable":true,"href":"https:\/\/wpachem.com\/es\/wp-json\/wp\/v2\/product_brand?post=6534"},{"taxonomy":"product_cat","embeddable":true,"href":"https:\/\/wpachem.com\/es\/wp-json\/wp\/v2\/product_cat?post=6534"},{"taxonomy":"product_tag","embeddable":true,"href":"https:\/\/wpachem.com\/es\/wp-json\/wp\/v2\/product_tag?post=6534"}],"curies":[{"name":"wp","href":"https:\/\/api.w.org\/{rel}","templated":true}]}}