{"id":6542,"date":"2024-02-21T07:58:49","date_gmt":"2024-02-21T07:58:49","guid":{"rendered":"https:\/\/wpachem.com\/?post_type=product&#038;p=6542"},"modified":"2024-02-21T08:02:07","modified_gmt":"2024-02-21T08:02:07","slug":"tdec-cas-20941-65-5-tetrakisdiethyldithiocarbamato-teiluriumiv","status":"publish","type":"product","link":"https:\/\/wpachem.com\/es\/producto\/tdec-cas-20941-65-5-tetrakisdiethyldithiocarbamato-teiluriumiv\/","title":{"rendered":"TDEC CAS 20941-65-5 Tetrakis (dietilditiocarbamato) -teilurio (IV)"},"content":{"rendered":"<p><strong>Caracter\u00edstica<\/strong><\/p>\n<p>S\u00f3lido<\/p>\n<p><strong>Solicitud:<\/strong><\/p>\n<p>Es un s\u00faper acelerador de vulcanizaci\u00f3n para caucho natural y caucho de estireno-butadieno. Se suele utilizar junto con aceleradores de tiazol y sulfenamida porque no mancha ni contamina. Tambi\u00e9n se puede utilizar como acelerador principal para la vulcanizaci\u00f3n continua. El caucho se puede agregar directamente sin quemarse, la velocidad de vulcanizaci\u00f3n es r\u00e1pida y se puede aumentar la resistencia a la tracci\u00f3n. Se utiliza principalmente en la fabricaci\u00f3n de bolsas de aire (c\u00e1maras de aire, c\u00e1maras de agua), junto con aceleradores de tiuram y tiazol para aumentar la velocidad de vulcanizaci\u00f3n. La cantidad agregada como agente vulcanizante es 2-4% y la cantidad agregada como acelerador es 0,5-2%.<\/p>","protected":false},"excerpt":{"rendered":"<p>Nombre del producto: TDEC<\/p>\n<p>CAS\uff1a20941-65-5<\/p>\n<p>MF: C20H40N4S8Te<\/p>\n<p>Apariencia: S\u00f3lido<\/p>","protected":false},"featured_media":6543,"template":"","meta":{"_acf_changed":false,"_gspb_post_css":""},"product_brand":[],"product_cat":[62,73],"product_tag":[],"class_list":{"0":"post-6542","1":"product","2":"type-product","3":"status-publish","4":"has-post-thumbnail","6":"product_cat-rubberplastic-ingredients","7":"product_cat-rubber-antioxidant","9":"first","10":"instock","11":"shipping-taxable","12":"product-type-simple"},"acf":[],"_links":{"self":[{"href":"https:\/\/wpachem.com\/es\/wp-json\/wp\/v2\/product\/6542","targetHints":{"allow":["GET"]}}],"collection":[{"href":"https:\/\/wpachem.com\/es\/wp-json\/wp\/v2\/product"}],"about":[{"href":"https:\/\/wpachem.com\/es\/wp-json\/wp\/v2\/types\/product"}],"version-history":[{"count":0,"href":"https:\/\/wpachem.com\/es\/wp-json\/wp\/v2\/product\/6542\/revisions"}],"wp:featuredmedia":[{"embeddable":true,"href":"https:\/\/wpachem.com\/es\/wp-json\/wp\/v2\/media\/6543"}],"wp:attachment":[{"href":"https:\/\/wpachem.com\/es\/wp-json\/wp\/v2\/media?parent=6542"}],"wp:term":[{"taxonomy":"product_brand","embeddable":true,"href":"https:\/\/wpachem.com\/es\/wp-json\/wp\/v2\/product_brand?post=6542"},{"taxonomy":"product_cat","embeddable":true,"href":"https:\/\/wpachem.com\/es\/wp-json\/wp\/v2\/product_cat?post=6542"},{"taxonomy":"product_tag","embeddable":true,"href":"https:\/\/wpachem.com\/es\/wp-json\/wp\/v2\/product_tag?post=6542"}],"curies":[{"name":"wp","href":"https:\/\/api.w.org\/{rel}","templated":true}]}}