{"id":6545,"date":"2024-02-21T08:02:51","date_gmt":"2024-02-21T08:02:51","guid":{"rendered":"https:\/\/wpachem.com\/?post_type=product&#038;p=6545"},"modified":"2024-02-21T08:12:51","modified_gmt":"2024-02-21T08:12:51","slug":"sdbc-tp-cas-136-30-1-dibutylcarbamodithioic-acid-sodium-salt","status":"publish","type":"product","link":"https:\/\/wpachem.com\/es\/producto\/sdbc-tp-cas-136-30-1-dibutylcarbamodithioic-acid-sodium-salt\/","title":{"rendered":"SDBC (TP) CAS 136-30-1 Sal s\u00f3dica del \u00e1cido dibutilcarbamoditioico"},"content":{"rendered":"<p><strong>Caracter\u00edstica<\/strong><\/p>\n<p>L\u00edquido transparente viscoso de color naranja a rojo anaranjado.<\/p>\n<p><strong>Solicitud:<\/strong><\/p>\n<p>Un acelerador de vulcanizaci\u00f3n ultrarr\u00e1pido, com\u00fanmente utilizado en el campo de los aditivos para caucho pl\u00e1stico en mi pa\u00eds, adecuado para l\u00e1tex de caucho natural, caucho de isopreno, caucho de butadieno, caucho de estireno-butadieno y caucho de nitrilo. Comparado con el dietilditiocarbamato de sodio, el efecto acelerador es mayor y la vulcanizaci\u00f3n puede llevarse a cabo a temperatura ambiente. La vulcanizaci\u00f3n tambi\u00e9n es buena. El caucho vulcanizado es suave y transparente con buenas propiedades f\u00edsicas. Este producto puede usarse junto con aceleradores de tiuramos, tiazoles y guanidina. Cuando se usa como segundo acelerador de tiazoles, la cantidad de mezcla es menor que la de los aceleradores TMTD y PZ. Este producto es ligeramente contaminante y se usa principalmente en la fabricaci\u00f3n de caucho esponjoso, globos, guantes, pegamento y productos de l\u00e1tex en general.<\/p>","protected":false},"excerpt":{"rendered":"<p>Nombre del producto: SDBC (TP)<\/p>\n<p>CAS: 136-30-1<\/p>\n<p>MF: C9H18NNaS2<\/p>\n<p>Aspecto: L\u00edquido transparente viscoso de color naranja a rojo anaranjado.<\/p>","protected":false},"featured_media":6546,"template":"","meta":{"_acf_changed":false,"_gspb_post_css":""},"product_brand":[],"product_cat":[62,73],"product_tag":[],"class_list":{"0":"post-6545","1":"product","2":"type-product","3":"status-publish","4":"has-post-thumbnail","6":"product_cat-rubberplastic-ingredients","7":"product_cat-rubber-antioxidant","9":"first","10":"instock","11":"shipping-taxable","12":"product-type-simple"},"acf":[],"_links":{"self":[{"href":"https:\/\/wpachem.com\/es\/wp-json\/wp\/v2\/product\/6545","targetHints":{"allow":["GET"]}}],"collection":[{"href":"https:\/\/wpachem.com\/es\/wp-json\/wp\/v2\/product"}],"about":[{"href":"https:\/\/wpachem.com\/es\/wp-json\/wp\/v2\/types\/product"}],"version-history":[{"count":0,"href":"https:\/\/wpachem.com\/es\/wp-json\/wp\/v2\/product\/6545\/revisions"}],"wp:featuredmedia":[{"embeddable":true,"href":"https:\/\/wpachem.com\/es\/wp-json\/wp\/v2\/media\/6546"}],"wp:attachment":[{"href":"https:\/\/wpachem.com\/es\/wp-json\/wp\/v2\/media?parent=6545"}],"wp:term":[{"taxonomy":"product_brand","embeddable":true,"href":"https:\/\/wpachem.com\/es\/wp-json\/wp\/v2\/product_brand?post=6545"},{"taxonomy":"product_cat","embeddable":true,"href":"https:\/\/wpachem.com\/es\/wp-json\/wp\/v2\/product_cat?post=6545"},{"taxonomy":"product_tag","embeddable":true,"href":"https:\/\/wpachem.com\/es\/wp-json\/wp\/v2\/product_tag?post=6545"}],"curies":[{"name":"wp","href":"https:\/\/api.w.org\/{rel}","templated":true}]}}