{"id":6548,"date":"2024-02-21T08:15:22","date_gmt":"2024-02-21T08:15:22","guid":{"rendered":"https:\/\/wpachem.com\/?post_type=product&#038;p=6548"},"modified":"2024-02-21T08:19:23","modified_gmt":"2024-02-21T08:19:23","slug":"sbec-cas-55310-46-8-dibenzyldithiocarbamic-acid-sodium-salt","status":"publish","type":"product","link":"https:\/\/wpachem.com\/es\/producto\/sbec-cas-55310-46-8-dibenzyldithiocarbamic-acid-sodium-salt\/","title":{"rendered":"SBEC CAS 55310-46-8 SAL DE SODIO DEL \u00c1CIDO DIBENCILDITIOCARB\u00c1MICO"},"content":{"rendered":"<p><strong>Caracter\u00edstica<\/strong><\/p>\n<p>S\u00f3lido cristalino de color amarillo o tostado<\/p>\n<p><strong>Solicitud:<\/strong><\/p>\n<p>Se utiliza en la preparaci\u00f3n de pol\u00edmeros y cauchos para mejorar su estabilidad t\u00e9rmica y durabilidad.<\/p>","protected":false},"excerpt":{"rendered":"<p>Nombre del producto: SBEC<\/p>\n<p>CAS: 55310-46-8<\/p>\n<p>MF: C15H14NNaS2<\/p>\n<p>Aspecto: S\u00f3lido cristalino de color amarillo o tostado.<\/p>","protected":false},"featured_media":6549,"template":"","meta":{"_acf_changed":false,"_gspb_post_css":""},"product_brand":[],"product_cat":[62,73],"product_tag":[],"class_list":{"0":"post-6548","1":"product","2":"type-product","3":"status-publish","4":"has-post-thumbnail","6":"product_cat-rubberplastic-ingredients","7":"product_cat-rubber-antioxidant","9":"first","10":"instock","11":"shipping-taxable","12":"product-type-simple"},"acf":[],"_links":{"self":[{"href":"https:\/\/wpachem.com\/es\/wp-json\/wp\/v2\/product\/6548","targetHints":{"allow":["GET"]}}],"collection":[{"href":"https:\/\/wpachem.com\/es\/wp-json\/wp\/v2\/product"}],"about":[{"href":"https:\/\/wpachem.com\/es\/wp-json\/wp\/v2\/types\/product"}],"version-history":[{"count":0,"href":"https:\/\/wpachem.com\/es\/wp-json\/wp\/v2\/product\/6548\/revisions"}],"wp:featuredmedia":[{"embeddable":true,"href":"https:\/\/wpachem.com\/es\/wp-json\/wp\/v2\/media\/6549"}],"wp:attachment":[{"href":"https:\/\/wpachem.com\/es\/wp-json\/wp\/v2\/media?parent=6548"}],"wp:term":[{"taxonomy":"product_brand","embeddable":true,"href":"https:\/\/wpachem.com\/es\/wp-json\/wp\/v2\/product_brand?post=6548"},{"taxonomy":"product_cat","embeddable":true,"href":"https:\/\/wpachem.com\/es\/wp-json\/wp\/v2\/product_cat?post=6548"},{"taxonomy":"product_tag","embeddable":true,"href":"https:\/\/wpachem.com\/es\/wp-json\/wp\/v2\/product_tag?post=6548"}],"curies":[{"name":"wp","href":"https:\/\/api.w.org\/{rel}","templated":true}]}}