{"id":6562,"date":"2024-02-22T06:46:55","date_gmt":"2024-02-22T06:46:55","guid":{"rendered":"https:\/\/wpachem.com\/?post_type=product&#038;p=6562"},"modified":"2024-02-22T06:47:23","modified_gmt":"2024-02-22T06:47:23","slug":"tbtd-cas-1634-02-2-tetra-n-butylthiuram-disulfide-copy","status":"publish","type":"product","link":"https:\/\/wpachem.com\/es\/producto\/tbtd-cas-1634-02-2-tetra-n-butylthiuram-disulfide-copy\/","title":{"rendered":"TBTD CAS 1634-02-2 DISULFURO DE TETRA-N-BUTILTIURAM (Copia)"},"content":{"rendered":"<p><strong>Caracter\u00edstica<\/strong><\/p>\n<p>S\u00f3lido incoloro a amarillo claro<\/p>\n<p><strong>Solicitud:<\/strong><\/p>\n<p>Se utiliza a menudo en reacciones de fragilizaci\u00f3n oxidativa, reacciones de s\u00edntesis heteroc\u00edclica, polimerizaci\u00f3n ani\u00f3nica de olefinas, etc.<br \/>\nTambi\u00e9n se utiliza en la preparaci\u00f3n de explosivos y tiene ciertos usos en el campo de los explosivos.<\/p>","protected":false},"excerpt":{"rendered":"<p>Nombre del producto: TBTD<\/p>\n<p>CAS\uff1a1634-02-2<\/p>\n<p>MF: C18H36N2S4<\/p>\n<p>Apariencia: S\u00f3lido incoloro a amarillo claro.<\/p>","protected":false},"featured_media":6483,"template":"","meta":{"_acf_changed":false,"_gspb_post_css":""},"product_brand":[],"product_cat":[62,73],"product_tag":[],"class_list":{"0":"post-6562","1":"product","2":"type-product","3":"status-publish","4":"has-post-thumbnail","6":"product_cat-rubberplastic-ingredients","7":"product_cat-rubber-antioxidant","9":"first","10":"instock","11":"shipping-taxable","12":"product-type-simple"},"acf":[],"_links":{"self":[{"href":"https:\/\/wpachem.com\/es\/wp-json\/wp\/v2\/product\/6562","targetHints":{"allow":["GET"]}}],"collection":[{"href":"https:\/\/wpachem.com\/es\/wp-json\/wp\/v2\/product"}],"about":[{"href":"https:\/\/wpachem.com\/es\/wp-json\/wp\/v2\/types\/product"}],"version-history":[{"count":0,"href":"https:\/\/wpachem.com\/es\/wp-json\/wp\/v2\/product\/6562\/revisions"}],"wp:featuredmedia":[{"embeddable":true,"href":"https:\/\/wpachem.com\/es\/wp-json\/wp\/v2\/media\/6483"}],"wp:attachment":[{"href":"https:\/\/wpachem.com\/es\/wp-json\/wp\/v2\/media?parent=6562"}],"wp:term":[{"taxonomy":"product_brand","embeddable":true,"href":"https:\/\/wpachem.com\/es\/wp-json\/wp\/v2\/product_brand?post=6562"},{"taxonomy":"product_cat","embeddable":true,"href":"https:\/\/wpachem.com\/es\/wp-json\/wp\/v2\/product_cat?post=6562"},{"taxonomy":"product_tag","embeddable":true,"href":"https:\/\/wpachem.com\/es\/wp-json\/wp\/v2\/product_tag?post=6562"}],"curies":[{"name":"wp","href":"https:\/\/api.w.org\/{rel}","templated":true}]}}