{"id":6680,"date":"2024-02-26T01:53:27","date_gmt":"2024-02-26T01:53:27","guid":{"rendered":"https:\/\/wpachem.com\/?post_type=product&#038;p=6680"},"modified":"2024-02-26T01:56:59","modified_gmt":"2024-02-26T01:56:59","slug":"calcium-glycinate-cas-35947-07-0","status":"publish","type":"product","link":"https:\/\/wpachem.com\/es\/producto\/calcium-glycinate-cas-35947-07-0\/","title":{"rendered":"Glicinato de calcio CAS 35947-07-0"},"content":{"rendered":"<h3 class=\"magic-2\" data-spm-anchor-id=\"a2700.details.0.i21.5c9d52f0Rx0oYu\">Apariencia:<\/h3>\n<p>Cristal blanco o polvo cristalino.<\/p>\n<div class=\"magic-5\">\n<div class=\"magic-6\">\n<div class=\"magic-7\">\n<div><span class=\"magic-4\" style=\"font-family: Verdana\"><b>Aplicaciones del producto:<\/b><\/span><\/div>\n<div>Suplementos nutricionales: el glicinato de calcio se utiliza a menudo como complemento nutricional en bebidas y alimentos para proporcionar los iones de calcio que necesita el cuerpo humano.<br \/>\nAditivo alimentario: el glicinato de calcio se puede utilizar como aditivo alimentario para mejorar la textura y la estabilidad de los alimentos.<br \/>\nCampo m\u00e9dico: el glicinato de calcio se usa a menudo en el campo m\u00e9dico para tratar los trastornos del metabolismo del calcio y el nitr\u00f3geno.<\/div>\n<\/div>\n<\/div>\n<\/div>","protected":false},"excerpt":{"rendered":"<p>Nombre del producto: glicinato de calcio<br \/>\nN\u00famero CAS: 35947-07-0<br \/>\nFrecuencia intermedia: C2H7CaNO2<br \/>\nAspecto:Cristal blanco o polvo cristalino.<\/p>","protected":false},"featured_media":2161,"template":"","meta":{"_acf_changed":false,"_gspb_post_css":""},"product_brand":[],"product_cat":[55,103],"product_tag":[],"class_list":{"0":"post-6680","1":"product","2":"type-product","3":"status-publish","4":"has-post-thumbnail","6":"product_cat-food-additives","7":"product_cat-nutrition-enhancer","9":"first","10":"instock","11":"shipping-taxable","12":"product-type-simple"},"acf":[],"_links":{"self":[{"href":"https:\/\/wpachem.com\/es\/wp-json\/wp\/v2\/product\/6680","targetHints":{"allow":["GET"]}}],"collection":[{"href":"https:\/\/wpachem.com\/es\/wp-json\/wp\/v2\/product"}],"about":[{"href":"https:\/\/wpachem.com\/es\/wp-json\/wp\/v2\/types\/product"}],"version-history":[{"count":0,"href":"https:\/\/wpachem.com\/es\/wp-json\/wp\/v2\/product\/6680\/revisions"}],"wp:featuredmedia":[{"embeddable":true,"href":"https:\/\/wpachem.com\/es\/wp-json\/wp\/v2\/media\/2161"}],"wp:attachment":[{"href":"https:\/\/wpachem.com\/es\/wp-json\/wp\/v2\/media?parent=6680"}],"wp:term":[{"taxonomy":"product_brand","embeddable":true,"href":"https:\/\/wpachem.com\/es\/wp-json\/wp\/v2\/product_brand?post=6680"},{"taxonomy":"product_cat","embeddable":true,"href":"https:\/\/wpachem.com\/es\/wp-json\/wp\/v2\/product_cat?post=6680"},{"taxonomy":"product_tag","embeddable":true,"href":"https:\/\/wpachem.com\/es\/wp-json\/wp\/v2\/product_tag?post=6680"}],"curies":[{"name":"wp","href":"https:\/\/api.w.org\/{rel}","templated":true}]}}