{"id":6682,"date":"2024-02-26T01:57:26","date_gmt":"2024-02-26T01:57:26","guid":{"rendered":"https:\/\/wpachem.com\/?post_type=product&#038;p=6682"},"modified":"2024-02-26T02:00:57","modified_gmt":"2024-02-26T02:00:57","slug":"calcium-aspartate-cas-10389-09-0","status":"publish","type":"product","link":"https:\/\/wpachem.com\/es\/producto\/calcium-aspartate-cas-10389-09-0\/","title":{"rendered":"Aspartato de calcio CAS 10389-09-0"},"content":{"rendered":"<h3 class=\"magic-2\" data-spm-anchor-id=\"a2700.details.0.i21.5c9d52f0Rx0oYu\">Apariencia:<\/h3>\n<p>polvo blanco<\/p>\n<div class=\"magic-5\">\n<div class=\"magic-6\">\n<div class=\"magic-7\">\n<div><span class=\"magic-4\" style=\"font-family: Verdana\"><b>Aplicaciones del producto:<\/b><\/span><\/div>\n<div>\n<p>El aspartato de calcio es un suplemento nutricional importante que se usa com\u00fanmente en alimentos, bebidas y medicamentos. Tiene la funci\u00f3n de potenciar el sabor, aumentar el valor nutricional y regular el gusto.<\/p>\n<p>El aspartato de calcio tambi\u00e9n se utiliza ampliamente en el campo farmac\u00e9utico. Se puede utilizar como analg\u00e9sico y tiene ciertos efectos para aliviar dolores de cabeza, migra\u00f1as, etc. Adem\u00e1s, tambi\u00e9n juega un papel ansiol\u00edtico, antidepresivo y mejora el sue\u00f1o.<\/p>\n<\/div>\n<\/div>\n<\/div>\n<\/div>","protected":false},"excerpt":{"rendered":"<p>Nombre del producto: aspartato de calcio<br \/>\nN\u00famero CAS: 10389-09-0<br \/>\nFrecuencia intermedia: C4H5CaNO4<br \/>\nAspecto: polvo blanco<\/p>","protected":false},"featured_media":2161,"template":"","meta":{"_acf_changed":false,"_gspb_post_css":""},"product_brand":[],"product_cat":[55,103],"product_tag":[],"class_list":{"0":"post-6682","1":"product","2":"type-product","3":"status-publish","4":"has-post-thumbnail","6":"product_cat-food-additives","7":"product_cat-nutrition-enhancer","9":"first","10":"instock","11":"shipping-taxable","12":"product-type-simple"},"acf":[],"_links":{"self":[{"href":"https:\/\/wpachem.com\/es\/wp-json\/wp\/v2\/product\/6682","targetHints":{"allow":["GET"]}}],"collection":[{"href":"https:\/\/wpachem.com\/es\/wp-json\/wp\/v2\/product"}],"about":[{"href":"https:\/\/wpachem.com\/es\/wp-json\/wp\/v2\/types\/product"}],"version-history":[{"count":0,"href":"https:\/\/wpachem.com\/es\/wp-json\/wp\/v2\/product\/6682\/revisions"}],"wp:featuredmedia":[{"embeddable":true,"href":"https:\/\/wpachem.com\/es\/wp-json\/wp\/v2\/media\/2161"}],"wp:attachment":[{"href":"https:\/\/wpachem.com\/es\/wp-json\/wp\/v2\/media?parent=6682"}],"wp:term":[{"taxonomy":"product_brand","embeddable":true,"href":"https:\/\/wpachem.com\/es\/wp-json\/wp\/v2\/product_brand?post=6682"},{"taxonomy":"product_cat","embeddable":true,"href":"https:\/\/wpachem.com\/es\/wp-json\/wp\/v2\/product_cat?post=6682"},{"taxonomy":"product_tag","embeddable":true,"href":"https:\/\/wpachem.com\/es\/wp-json\/wp\/v2\/product_tag?post=6682"}],"curies":[{"name":"wp","href":"https:\/\/api.w.org\/{rel}","templated":true}]}}