{"id":6683,"date":"2024-02-26T01:59:46","date_gmt":"2024-02-26T01:59:46","guid":{"rendered":"https:\/\/wpachem.com\/?post_type=product&#038;p=6683"},"modified":"2024-02-26T02:03:44","modified_gmt":"2024-02-26T02:03:44","slug":"calcium-hydrogen-phosphate-cas-7757-93-9","status":"publish","type":"product","link":"https:\/\/wpachem.com\/es\/producto\/calcium-hydrogen-phosphate-cas-7757-93-9\/","title":{"rendered":"Fosfato de hidr\u00f3geno y calcio CAS 7757-93-9"},"content":{"rendered":"<h3 class=\"magic-2\" data-spm-anchor-id=\"a2700.details.0.i21.5c9d52f0Rx0oYu\">Apariencia:<\/h3>\n<p>S\u00f3lido cristalino blanco, inodoro.<\/p>\n<div class=\"magic-5\">\n<div class=\"magic-6\">\n<div class=\"magic-7\">\n<div><span class=\"magic-4\" style=\"font-family: Verdana\"><b>Aplicaciones del producto:<\/b><\/span><\/div>\n<div>\n<p>Es un aditivo alimentario de uso com\u00fan que se utiliza para proporcionar los elementos de f\u00f3sforo y calcio que requieren los animales para promover el crecimiento animal y los efectos de la alimentaci\u00f3n.<\/p>\n<p>Tambi\u00e9n se utiliza ampliamente en la producci\u00f3n industrial, como el procesamiento de alimentos, la producci\u00f3n de bebidas y la fabricaci\u00f3n de fertilizantes fosfatados.<\/p>\n<p>Tambi\u00e9n se puede utilizar como agente de tratamiento de agua, ajustador de pH y agente tamp\u00f3n.<\/p>\n<\/div>\n<\/div>\n<\/div>\n<\/div>","protected":false},"excerpt":{"rendered":"<p>Nombre del producto: Fosfato de calcio y hidr\u00f3geno<br \/>\nN\u00famero CAS: 7757-93-9<br \/>\nMF:CaHO4P<br \/>\nAspecto: S\u00f3lido cristalino blanco.<\/p>","protected":false},"featured_media":2161,"template":"","meta":{"_acf_changed":false,"_gspb_post_css":""},"product_brand":[],"product_cat":[55,103],"product_tag":[],"class_list":{"0":"post-6683","1":"product","2":"type-product","3":"status-publish","4":"has-post-thumbnail","6":"product_cat-food-additives","7":"product_cat-nutrition-enhancer","9":"first","10":"instock","11":"shipping-taxable","12":"product-type-simple"},"acf":[],"_links":{"self":[{"href":"https:\/\/wpachem.com\/es\/wp-json\/wp\/v2\/product\/6683","targetHints":{"allow":["GET"]}}],"collection":[{"href":"https:\/\/wpachem.com\/es\/wp-json\/wp\/v2\/product"}],"about":[{"href":"https:\/\/wpachem.com\/es\/wp-json\/wp\/v2\/types\/product"}],"version-history":[{"count":0,"href":"https:\/\/wpachem.com\/es\/wp-json\/wp\/v2\/product\/6683\/revisions"}],"wp:featuredmedia":[{"embeddable":true,"href":"https:\/\/wpachem.com\/es\/wp-json\/wp\/v2\/media\/2161"}],"wp:attachment":[{"href":"https:\/\/wpachem.com\/es\/wp-json\/wp\/v2\/media?parent=6683"}],"wp:term":[{"taxonomy":"product_brand","embeddable":true,"href":"https:\/\/wpachem.com\/es\/wp-json\/wp\/v2\/product_brand?post=6683"},{"taxonomy":"product_cat","embeddable":true,"href":"https:\/\/wpachem.com\/es\/wp-json\/wp\/v2\/product_cat?post=6683"},{"taxonomy":"product_tag","embeddable":true,"href":"https:\/\/wpachem.com\/es\/wp-json\/wp\/v2\/product_tag?post=6683"}],"curies":[{"name":"wp","href":"https:\/\/api.w.org\/{rel}","templated":true}]}}