{"id":6689,"date":"2024-02-26T02:08:22","date_gmt":"2024-02-26T02:08:22","guid":{"rendered":"https:\/\/wpachem.com\/?post_type=product&#038;p=6689"},"modified":"2024-02-26T02:24:09","modified_gmt":"2024-02-26T02:24:09","slug":"ferrous-lactate-cas-5905-52-2","status":"publish","type":"product","link":"https:\/\/wpachem.com\/es\/producto\/ferrous-lactate-cas-5905-52-2\/","title":{"rendered":"Lactato ferroso CAS 5905-52-2"},"content":{"rendered":"<h3 class=\"magic-2\" data-spm-anchor-id=\"a2700.details.0.i21.5c9d52f0Rx0oYu\">Apariencia:<\/h3>\n<p>Polvo o cristal cristalino de color blanco verdoso<\/p>\n<div class=\"magic-5\">\n<div class=\"magic-6\">\n<div class=\"magic-7\">\n<div><span class=\"magic-4\" style=\"font-family: Verdana\"><b>Aplicaciones del producto:<\/b><\/span><\/div>\n<div>1. El lactato ferroso se utiliza ampliamente en alimentos, bebidas, productos l\u00e1cteos, sal, soluciones nutritivas, medicamentos, etc.<br \/>\n2. Suplementos nutricionales (fortificantes de hierro). El requerimiento diario para adultos es de 16 mg y para beb\u00e9s, de 6 mg (est\u00e1ndar japon\u00e9s). Cuando se utiliza para fortificar el hierro en la leche en polvo, la cantidad a\u00f1adida es de unos 6 mg\/100 g. Cuando se utiliza en harina de trigo, galletas y pan, la dosis es de 2 a 3 mg\/100 g. Las ratas tienen una tasa de absorci\u00f3n muy alta (de hierro) de la leche de soja fortificada de este producto. Modificador de color.<br \/>\n3. Es un buen fortificador de hierro en los alimentos con un mejor efecto de absorci\u00f3n que el hierro inorg\u00e1nico. La dosis es de 600-1200 mg\/kg (calculada como hierro, la misma que se indica a continuaci\u00f3n); tambi\u00e9n se puede utilizar en productos l\u00e1cteos y alimentos infantiles, la dosis es de 60-100 mg\/kg; tambi\u00e9n se puede utilizar en cereales y sus productos, la dosis es de 24-48 mg\/kg; tambi\u00e9n se puede utilizar en bebidas, con una dosis de 10 a 20 mg\/kg.<br \/>\n4. El lactato ferroso es un alimento y un f\u00e1rmaco para tratar la anemia. El requerimiento diario es de 16 mg para adultos y 6 mg para beb\u00e9s. Como fortificante de hierro, Estados Unidos estipula que la dosis en la harina es de 3 mg\/100 g, en el pan es de 2 mg\/100 g y en la leche en polvo es de 6 mg\/100 g. El hierro es un elemento indispensable para el cuerpo y es un componente importante de la hemoglobina, la mioglobina y varias enzimas tisulares. La falta de hierro en el cuerpo puede causar anemia ferrop\u00e9nica u otras enfermedades ferrop\u00e9nicas. El lactato ferroso tiene una alta tasa de absorci\u00f3n y puede usarse como suplemento de hierro.<\/div>\n<\/div>\n<\/div>\n<\/div>","protected":false},"excerpt":{"rendered":"<p>Nombre del producto: Lactato ferroso<br \/>\nN.\u00ba CAS: 5905-52-2<br \/>\nMF:C6H10FeO6<br \/>\nAspecto:Polvo o cristal cristalino de color blanco verdoso.<\/p>","protected":false},"featured_media":6690,"template":"","meta":{"_acf_changed":false,"_gspb_post_css":""},"product_brand":[],"product_cat":[55,103],"product_tag":[],"class_list":{"0":"post-6689","1":"product","2":"type-product","3":"status-publish","4":"has-post-thumbnail","6":"product_cat-food-additives","7":"product_cat-nutrition-enhancer","9":"first","10":"instock","11":"shipping-taxable","12":"product-type-simple"},"acf":[],"_links":{"self":[{"href":"https:\/\/wpachem.com\/es\/wp-json\/wp\/v2\/product\/6689","targetHints":{"allow":["GET"]}}],"collection":[{"href":"https:\/\/wpachem.com\/es\/wp-json\/wp\/v2\/product"}],"about":[{"href":"https:\/\/wpachem.com\/es\/wp-json\/wp\/v2\/types\/product"}],"version-history":[{"count":0,"href":"https:\/\/wpachem.com\/es\/wp-json\/wp\/v2\/product\/6689\/revisions"}],"wp:featuredmedia":[{"embeddable":true,"href":"https:\/\/wpachem.com\/es\/wp-json\/wp\/v2\/media\/6690"}],"wp:attachment":[{"href":"https:\/\/wpachem.com\/es\/wp-json\/wp\/v2\/media?parent=6689"}],"wp:term":[{"taxonomy":"product_brand","embeddable":true,"href":"https:\/\/wpachem.com\/es\/wp-json\/wp\/v2\/product_brand?post=6689"},{"taxonomy":"product_cat","embeddable":true,"href":"https:\/\/wpachem.com\/es\/wp-json\/wp\/v2\/product_cat?post=6689"},{"taxonomy":"product_tag","embeddable":true,"href":"https:\/\/wpachem.com\/es\/wp-json\/wp\/v2\/product_tag?post=6689"}],"curies":[{"name":"wp","href":"https:\/\/api.w.org\/{rel}","templated":true}]}}