{"id":6692,"date":"2024-02-26T02:16:05","date_gmt":"2024-02-26T02:16:05","guid":{"rendered":"https:\/\/wpachem.com\/?post_type=product&#038;p=6692"},"modified":"2024-02-26T02:23:22","modified_gmt":"2024-02-26T02:23:22","slug":"ferric-ammonium-citrate-cas-1185-57-5","status":"publish","type":"product","link":"https:\/\/wpachem.com\/es\/producto\/ferric-ammonium-citrate-cas-1185-57-5\/","title":{"rendered":"Citrato f\u00e9rrico de amonio CAS 1185-57-5"},"content":{"rendered":"<h3 class=\"magic-2\" data-spm-anchor-id=\"a2700.details.0.i21.5c9d52f0Rx0oYu\">Apariencia:<\/h3>\n<p>Dos colores: marr\u00f3n y verde.<\/p>\n<div class=\"magic-5\">\n<div class=\"magic-6\">\n<div class=\"magic-7\">\n<div><span class=\"magic-4\" style=\"font-family: Verdana\"><b>Aplicaciones del producto:<\/b><\/span><\/div>\n<div>El citrato de amonio f\u00e9rrico es un excelente fortificante nutricional que se puede utilizar como t\u00f3nico sangu\u00edneo para tratar la anemia por deficiencia de hierro. Se utiliza ampliamente en aditivos alimentarios, medicamentos y muchos otros campos. El citrato de amonio f\u00e9rrico escamoso marr\u00f3n tiene un mayor contenido de hierro, mientras que el citrato de amonio f\u00e9rrico escamoso verde tiene un menor contenido de hierro.<\/div>\n<\/div>\n<\/div>\n<\/div>","protected":false},"excerpt":{"rendered":"<p>Nombre del producto: Citrato de amonio f\u00e9rrico<br \/>\nN.\u00ba CAS: 1185-57-5<br \/>\nMF:C6H11FeNO7<br \/>\nAspecto:Marr\u00f3n y verde.<\/p>","protected":false},"featured_media":6693,"template":"","meta":{"_acf_changed":false,"_gspb_post_css":""},"product_brand":[],"product_cat":[55,103],"product_tag":[],"class_list":{"0":"post-6692","1":"product","2":"type-product","3":"status-publish","4":"has-post-thumbnail","6":"product_cat-food-additives","7":"product_cat-nutrition-enhancer","9":"first","10":"instock","11":"shipping-taxable","12":"product-type-simple"},"acf":[],"_links":{"self":[{"href":"https:\/\/wpachem.com\/es\/wp-json\/wp\/v2\/product\/6692","targetHints":{"allow":["GET"]}}],"collection":[{"href":"https:\/\/wpachem.com\/es\/wp-json\/wp\/v2\/product"}],"about":[{"href":"https:\/\/wpachem.com\/es\/wp-json\/wp\/v2\/types\/product"}],"version-history":[{"count":0,"href":"https:\/\/wpachem.com\/es\/wp-json\/wp\/v2\/product\/6692\/revisions"}],"wp:featuredmedia":[{"embeddable":true,"href":"https:\/\/wpachem.com\/es\/wp-json\/wp\/v2\/media\/6693"}],"wp:attachment":[{"href":"https:\/\/wpachem.com\/es\/wp-json\/wp\/v2\/media?parent=6692"}],"wp:term":[{"taxonomy":"product_brand","embeddable":true,"href":"https:\/\/wpachem.com\/es\/wp-json\/wp\/v2\/product_brand?post=6692"},{"taxonomy":"product_cat","embeddable":true,"href":"https:\/\/wpachem.com\/es\/wp-json\/wp\/v2\/product_cat?post=6692"},{"taxonomy":"product_tag","embeddable":true,"href":"https:\/\/wpachem.com\/es\/wp-json\/wp\/v2\/product_tag?post=6692"}],"curies":[{"name":"wp","href":"https:\/\/api.w.org\/{rel}","templated":true}]}}