{"id":6696,"date":"2024-02-26T02:24:19","date_gmt":"2024-02-26T02:24:19","guid":{"rendered":"https:\/\/wpachem.com\/?post_type=product&#038;p=6696"},"modified":"2024-02-26T02:27:35","modified_gmt":"2024-02-26T02:27:35","slug":"ferrous-glycinate-cas-20150-34-9","status":"publish","type":"product","link":"https:\/\/wpachem.com\/es\/producto\/ferrous-glycinate-cas-20150-34-9\/","title":{"rendered":"Glicinato ferroso CAS 20150-34-9"},"content":{"rendered":"<h3 class=\"magic-2\" data-spm-anchor-id=\"a2700.details.0.i21.5c9d52f0Rx0oYu\">Apariencia:<\/h3>\n<p>Polvo cristalino de color verde marr\u00f3n amarillento claro<\/p>\n<div class=\"magic-5\">\n<div class=\"magic-6\">\n<div class=\"magic-7\">\n<div><span class=\"magic-4\" style=\"font-family: Verdana\"><b>Aplicaciones del producto:<\/b><\/span><\/div>\n<div>El glicinato ferroso es un quelato de amino\u00e1cidos. Su peque\u00f1o grupo molecular \u00fanico puede pasar intacto a trav\u00e9s de la mucosa gastrointestinal. En comparaci\u00f3n con otros suplementos fortificantes de hierro, tiene las caracter\u00edsticas de buena palatabilidad, bajos efectos secundarios y alta tasa de absorci\u00f3n. Es f\u00e1cil de absorber. Es un fortificante nutricional de hierro ideal que puede ser absorbido por el cuerpo humano y es de gran importancia para prevenir la deficiencia nutricional de hierro y mejorar la salud. Al mismo tiempo, existe en forma de hierro quelado, que se absorbe de forma independiente en el cuerpo y no interact\u00faa con otros alimentos. Es seguro, estable y eficaz.<\/div>\n<\/div>\n<\/div>\n<\/div>","protected":false},"excerpt":{"rendered":"<p>Nombre del producto: glicinato ferroso<br \/>\nN\u00famero CAS: 20150-34-9<br \/>\nFrecuencia intermedia: C4H8FeN2O4<br \/>\nAspecto: polvo cristalino verde marr\u00f3n amarillento claro<\/p>","protected":false},"featured_media":6697,"template":"","meta":{"_acf_changed":false,"_gspb_post_css":""},"product_brand":[],"product_cat":[55,103],"product_tag":[],"class_list":{"0":"post-6696","1":"product","2":"type-product","3":"status-publish","4":"has-post-thumbnail","6":"product_cat-food-additives","7":"product_cat-nutrition-enhancer","9":"first","10":"instock","11":"shipping-taxable","12":"product-type-simple"},"acf":[],"_links":{"self":[{"href":"https:\/\/wpachem.com\/es\/wp-json\/wp\/v2\/product\/6696","targetHints":{"allow":["GET"]}}],"collection":[{"href":"https:\/\/wpachem.com\/es\/wp-json\/wp\/v2\/product"}],"about":[{"href":"https:\/\/wpachem.com\/es\/wp-json\/wp\/v2\/types\/product"}],"version-history":[{"count":0,"href":"https:\/\/wpachem.com\/es\/wp-json\/wp\/v2\/product\/6696\/revisions"}],"wp:featuredmedia":[{"embeddable":true,"href":"https:\/\/wpachem.com\/es\/wp-json\/wp\/v2\/media\/6697"}],"wp:attachment":[{"href":"https:\/\/wpachem.com\/es\/wp-json\/wp\/v2\/media?parent=6696"}],"wp:term":[{"taxonomy":"product_brand","embeddable":true,"href":"https:\/\/wpachem.com\/es\/wp-json\/wp\/v2\/product_brand?post=6696"},{"taxonomy":"product_cat","embeddable":true,"href":"https:\/\/wpachem.com\/es\/wp-json\/wp\/v2\/product_cat?post=6696"},{"taxonomy":"product_tag","embeddable":true,"href":"https:\/\/wpachem.com\/es\/wp-json\/wp\/v2\/product_tag?post=6696"}],"curies":[{"name":"wp","href":"https:\/\/api.w.org\/{rel}","templated":true}]}}