{"id":6699,"date":"2024-02-26T02:27:44","date_gmt":"2024-02-26T02:27:44","guid":{"rendered":"https:\/\/wpachem.com\/?post_type=product&#038;p=6699"},"modified":"2024-02-26T02:32:15","modified_gmt":"2024-02-26T02:32:15","slug":"ferrous-fumarate-cas-141-01-5","status":"publish","type":"product","link":"https:\/\/wpachem.com\/es\/producto\/ferrous-fumarate-cas-141-01-5\/","title":{"rendered":"Fumarato ferroso CAS 141-01-5"},"content":{"rendered":"<h3 class=\"magic-2\" data-spm-anchor-id=\"a2700.details.0.i21.5c9d52f0Rx0oYu\">Apariencia:<\/h3>\n<p>S\u00f3lido rojo oscuro a marr\u00f3n oscuro<\/p>\n<div class=\"magic-5\">\n<div class=\"magic-6\">\n<div class=\"magic-7\">\n<div><span class=\"magic-4\" style=\"font-family: Verdana\"><b>Aplicaciones del producto:<\/b><\/span><\/div>\n<div>El fumarato ferroso, tambi\u00e9n conocido como fumarato de hierro, es un suplemento nutricional de hierro org\u00e1nico seguro y eficiente. Es un hierro de \u00e1cido org\u00e1nico (que incluye: lisina de hierro, glicinato de hierro, metionina de hierro, etc.). Su contenido de hierro ferroso org\u00e1nico (hasta m\u00e1s de 30%), el fumarato ferroso se descompone f\u00e1cilmente despu\u00e9s de ser absorbido. No requiere energ\u00eda adicional para ingresar a los gl\u00f3bulos rojos y no irrita el tracto gastrointestinal. Puede aumentar y mantener el nivel normal de hemo y puede utilizarse como aditivo nutricional durante mucho tiempo. Utilizado cl\u00ednicamente para tratar la anemia por deficiencia de hierro.<\/div>\n<\/div>\n<\/div>\n<\/div>","protected":false},"excerpt":{"rendered":"<p>Nombre del producto: fumarato ferroso<br \/>\nN\u00famero CAS: 141-01-5<br \/>\nFrecuencia intermedia: C4H2FeO4<br \/>\nApariencia: s\u00f3lido de color rojo oscuro a marr\u00f3n oscuro<\/p>","protected":false},"featured_media":6700,"template":"","meta":{"_acf_changed":false,"_gspb_post_css":""},"product_brand":[],"product_cat":[55,103],"product_tag":[],"class_list":{"0":"post-6699","1":"product","2":"type-product","3":"status-publish","4":"has-post-thumbnail","6":"product_cat-food-additives","7":"product_cat-nutrition-enhancer","9":"first","10":"instock","11":"shipping-taxable","12":"product-type-simple"},"acf":[],"_links":{"self":[{"href":"https:\/\/wpachem.com\/es\/wp-json\/wp\/v2\/product\/6699","targetHints":{"allow":["GET"]}}],"collection":[{"href":"https:\/\/wpachem.com\/es\/wp-json\/wp\/v2\/product"}],"about":[{"href":"https:\/\/wpachem.com\/es\/wp-json\/wp\/v2\/types\/product"}],"version-history":[{"count":0,"href":"https:\/\/wpachem.com\/es\/wp-json\/wp\/v2\/product\/6699\/revisions"}],"wp:featuredmedia":[{"embeddable":true,"href":"https:\/\/wpachem.com\/es\/wp-json\/wp\/v2\/media\/6700"}],"wp:attachment":[{"href":"https:\/\/wpachem.com\/es\/wp-json\/wp\/v2\/media?parent=6699"}],"wp:term":[{"taxonomy":"product_brand","embeddable":true,"href":"https:\/\/wpachem.com\/es\/wp-json\/wp\/v2\/product_brand?post=6699"},{"taxonomy":"product_cat","embeddable":true,"href":"https:\/\/wpachem.com\/es\/wp-json\/wp\/v2\/product_cat?post=6699"},{"taxonomy":"product_tag","embeddable":true,"href":"https:\/\/wpachem.com\/es\/wp-json\/wp\/v2\/product_tag?post=6699"}],"curies":[{"name":"wp","href":"https:\/\/api.w.org\/{rel}","templated":true}]}}