{"id":6703,"date":"2024-02-26T02:32:38","date_gmt":"2024-02-26T02:32:38","guid":{"rendered":"https:\/\/wpachem.com\/?post_type=product&#038;p=6703"},"modified":"2024-02-26T02:35:50","modified_gmt":"2024-02-26T02:35:50","slug":"zinc-lactate-cas-16039-53-5","status":"publish","type":"product","link":"https:\/\/wpachem.com\/es\/producto\/zinc-lactate-cas-16039-53-5\/","title":{"rendered":"Lactato de zinc CAS 16039-53-5"},"content":{"rendered":"<h3 class=\"magic-2\" data-spm-anchor-id=\"a2700.details.0.i21.5c9d52f0Rx0oYu\">Apariencia:<\/h3>\n<p>Polvo de cristal ortorr\u00f3mbico blanco<\/p>\n<div class=\"magic-5\">\n<div class=\"magic-6\">\n<div class=\"magic-7\">\n<div><span class=\"magic-4\" style=\"font-family: Verdana\"><b>Aplicaciones del producto:<\/b><\/span><\/div>\n<div>\n<p>El lactato de zinc se puede utilizar en la producci\u00f3n de alimentos complementarios de zinc, l\u00edquidos orales nutricionales, tabletas y gr\u00e1nulos de suplementos de zinc para ni\u00f1os. Es un buen fortificante de zinc para alimentos y se usa ampliamente en pasteles, bebidas, diversas soluciones nutricionales, harinas, nutrici\u00f3n. Entre la sal, los productos l\u00e1cteos y los productos de soja, juega un papel importante en el desarrollo intelectual y f\u00edsico de beb\u00e9s y adolescentes, y su efecto de absorci\u00f3n es mejor que el zinc inorg\u00e1nico.<\/p>\n<p>En los productos de tabaco, el lactato de zinc tambi\u00e9n puede sustituir a la glicerina como agente aromatizante, anticongelante e hidratante para el tabaco cortado.<\/p>\n<p>En cosm\u00e9tica, tambi\u00e9n se puede utilizar en limpiadores faciales, cremas de belleza, lociones, champ\u00fas y mascarillas faciales.<\/p>\n<\/div>\n<\/div>\n<\/div>\n<\/div>","protected":false},"excerpt":{"rendered":"<p>Nombre del producto: lactato de zinc<br \/>\nN\u00famero CAS: 16039-53-5<br \/>\nFrecuencia intermedia: C4H2FeO4<br \/>\nAspecto: polvo de cristal ortorr\u00f3mbico blanco<\/p>","protected":false},"featured_media":2161,"template":"","meta":{"_acf_changed":false,"_gspb_post_css":""},"product_brand":[],"product_cat":[55,103],"product_tag":[],"class_list":{"0":"post-6703","1":"product","2":"type-product","3":"status-publish","4":"has-post-thumbnail","6":"product_cat-food-additives","7":"product_cat-nutrition-enhancer","9":"first","10":"instock","11":"shipping-taxable","12":"product-type-simple"},"acf":[],"_links":{"self":[{"href":"https:\/\/wpachem.com\/es\/wp-json\/wp\/v2\/product\/6703","targetHints":{"allow":["GET"]}}],"collection":[{"href":"https:\/\/wpachem.com\/es\/wp-json\/wp\/v2\/product"}],"about":[{"href":"https:\/\/wpachem.com\/es\/wp-json\/wp\/v2\/types\/product"}],"version-history":[{"count":0,"href":"https:\/\/wpachem.com\/es\/wp-json\/wp\/v2\/product\/6703\/revisions"}],"wp:featuredmedia":[{"embeddable":true,"href":"https:\/\/wpachem.com\/es\/wp-json\/wp\/v2\/media\/2161"}],"wp:attachment":[{"href":"https:\/\/wpachem.com\/es\/wp-json\/wp\/v2\/media?parent=6703"}],"wp:term":[{"taxonomy":"product_brand","embeddable":true,"href":"https:\/\/wpachem.com\/es\/wp-json\/wp\/v2\/product_brand?post=6703"},{"taxonomy":"product_cat","embeddable":true,"href":"https:\/\/wpachem.com\/es\/wp-json\/wp\/v2\/product_cat?post=6703"},{"taxonomy":"product_tag","embeddable":true,"href":"https:\/\/wpachem.com\/es\/wp-json\/wp\/v2\/product_tag?post=6703"}],"curies":[{"name":"wp","href":"https:\/\/api.w.org\/{rel}","templated":true}]}}