{"id":6711,"date":"2024-02-26T02:50:21","date_gmt":"2024-02-26T02:50:21","guid":{"rendered":"https:\/\/wpachem.com\/?post_type=product&#038;p=6711"},"modified":"2024-02-26T02:53:48","modified_gmt":"2024-02-26T02:53:48","slug":"magnesium-lactate-cas-18917-93-6","status":"publish","type":"product","link":"https:\/\/wpachem.com\/es\/producto\/magnesium-lactate-cas-18917-93-6\/","title":{"rendered":"Lactato de magnesio CAS 18917-93-6"},"content":{"rendered":"<h3 class=\"magic-2\" data-spm-anchor-id=\"a2700.details.0.i21.5c9d52f0Rx0oYu\">Apariencia:<\/h3>\n<p>S\u00f3lido cristalino incoloro<\/p>\n<div class=\"magic-5\">\n<div class=\"magic-6\">\n<div class=\"magic-7\">\n<div><span class=\"magic-4\" style=\"font-family: Verdana\"><b>Aplicaciones del producto:<\/b><\/span><\/div>\n<div>\n<p>Campo farmac\u00e9utico: El lactato de magnesio se utiliza com\u00fanmente en la preparaci\u00f3n de em\u00e9ticos, laxantes y suplementos de magnesio, y tambi\u00e9n se puede utilizar como ingrediente farmac\u00e9utico para tratar el estre\u00f1imiento.<\/p>\n<p>Industria alimentaria: El lactato de magnesio se puede utilizar como aditivo alimentario con efectos espesantes, estabilizadores y de ajuste del pH.<\/p>\n<p>Cosm\u00e9ticos: El lactato de magnesio se puede utilizar como estabilizador o acondicionador en cosm\u00e9ticos.<\/p>\n<\/div>\n<\/div>\n<\/div>\n<\/div>","protected":false},"excerpt":{"rendered":"<p>Nombre del producto: Lactato de magnesio<br \/>\nN.\u00ba CAS: 18917-93-6<br \/>\nMF:C6H8MgO6<br \/>\nAspecto: S\u00f3lido cristalino blanco.<\/p>","protected":false},"featured_media":2161,"template":"","meta":{"_acf_changed":false,"_gspb_post_css":""},"product_brand":[],"product_cat":[55,103],"product_tag":[],"class_list":{"0":"post-6711","1":"product","2":"type-product","3":"status-publish","4":"has-post-thumbnail","6":"product_cat-food-additives","7":"product_cat-nutrition-enhancer","9":"first","10":"instock","11":"shipping-taxable","12":"product-type-simple"},"acf":[],"_links":{"self":[{"href":"https:\/\/wpachem.com\/es\/wp-json\/wp\/v2\/product\/6711","targetHints":{"allow":["GET"]}}],"collection":[{"href":"https:\/\/wpachem.com\/es\/wp-json\/wp\/v2\/product"}],"about":[{"href":"https:\/\/wpachem.com\/es\/wp-json\/wp\/v2\/types\/product"}],"version-history":[{"count":0,"href":"https:\/\/wpachem.com\/es\/wp-json\/wp\/v2\/product\/6711\/revisions"}],"wp:featuredmedia":[{"embeddable":true,"href":"https:\/\/wpachem.com\/es\/wp-json\/wp\/v2\/media\/2161"}],"wp:attachment":[{"href":"https:\/\/wpachem.com\/es\/wp-json\/wp\/v2\/media?parent=6711"}],"wp:term":[{"taxonomy":"product_brand","embeddable":true,"href":"https:\/\/wpachem.com\/es\/wp-json\/wp\/v2\/product_brand?post=6711"},{"taxonomy":"product_cat","embeddable":true,"href":"https:\/\/wpachem.com\/es\/wp-json\/wp\/v2\/product_cat?post=6711"},{"taxonomy":"product_tag","embeddable":true,"href":"https:\/\/wpachem.com\/es\/wp-json\/wp\/v2\/product_tag?post=6711"}],"curies":[{"name":"wp","href":"https:\/\/api.w.org\/{rel}","templated":true}]}}