{"id":6716,"date":"2024-02-26T02:59:27","date_gmt":"2024-02-26T02:59:27","guid":{"rendered":"https:\/\/wpachem.com\/?post_type=product&#038;p=6716"},"modified":"2024-02-26T03:01:03","modified_gmt":"2024-02-26T03:01:03","slug":"magnesium-citrate-cas-3344-18-1","status":"publish","type":"product","link":"https:\/\/wpachem.com\/es\/producto\/magnesium-citrate-cas-3344-18-1\/","title":{"rendered":"Citrato de magnesio CAS 3344-18-1"},"content":{"rendered":"<h3 class=\"magic-2\" data-spm-anchor-id=\"a2700.details.0.i21.5c9d52f0Rx0oYu\">Apariencia:<\/h3>\n<p>Polvo cristalino blanco<\/p>\n<div class=\"magic-5\">\n<div class=\"magic-6\">\n<div class=\"magic-7\">\n<div><span class=\"magic-4\" style=\"font-family: Verdana\"><b>Aplicaciones del producto:<\/b><\/span><\/div>\n<div>\n<p>1. En el campo m\u00e9dico: El citrato de magnesio se utiliza como laxante para tratar el estre\u00f1imiento y aliviar las molestias gastrointestinales;<br \/>\n2. En la industria alimentaria: El citrato de magnesio es un acidificante y agente quelante de alimentos, a menudo utilizado en la producci\u00f3n de bebidas \u00e1cidas de frutas, productos l\u00e1cteos, etc.;<br \/>\n3. En la industria farmac\u00e9utica: El citrato de magnesio se utiliza como suplemento de magnesio para tratar la deficiencia de magnesio;<br \/>\n4. En la industria cosm\u00e9tica: se utiliza para ajustar el valor de pH de los cosm\u00e9ticos y aumentar la estabilidad.<\/p>\n<\/div>\n<\/div>\n<\/div>\n<\/div>","protected":false},"excerpt":{"rendered":"<p>Nombre del producto: Citrato de magnesio<br \/>\nN.\u00ba CAS: 3344-18-1<br \/>\nMF:C12H10Mg3O14<br \/>\nAspecto: polvo cristalino blanco<\/p>","protected":false},"featured_media":2161,"template":"","meta":{"_acf_changed":false,"_gspb_post_css":""},"product_brand":[],"product_cat":[55,103],"product_tag":[],"class_list":{"0":"post-6716","1":"product","2":"type-product","3":"status-publish","4":"has-post-thumbnail","6":"product_cat-food-additives","7":"product_cat-nutrition-enhancer","9":"first","10":"instock","11":"shipping-taxable","12":"product-type-simple"},"acf":[],"_links":{"self":[{"href":"https:\/\/wpachem.com\/es\/wp-json\/wp\/v2\/product\/6716","targetHints":{"allow":["GET"]}}],"collection":[{"href":"https:\/\/wpachem.com\/es\/wp-json\/wp\/v2\/product"}],"about":[{"href":"https:\/\/wpachem.com\/es\/wp-json\/wp\/v2\/types\/product"}],"version-history":[{"count":0,"href":"https:\/\/wpachem.com\/es\/wp-json\/wp\/v2\/product\/6716\/revisions"}],"wp:featuredmedia":[{"embeddable":true,"href":"https:\/\/wpachem.com\/es\/wp-json\/wp\/v2\/media\/2161"}],"wp:attachment":[{"href":"https:\/\/wpachem.com\/es\/wp-json\/wp\/v2\/media?parent=6716"}],"wp:term":[{"taxonomy":"product_brand","embeddable":true,"href":"https:\/\/wpachem.com\/es\/wp-json\/wp\/v2\/product_brand?post=6716"},{"taxonomy":"product_cat","embeddable":true,"href":"https:\/\/wpachem.com\/es\/wp-json\/wp\/v2\/product_cat?post=6716"},{"taxonomy":"product_tag","embeddable":true,"href":"https:\/\/wpachem.com\/es\/wp-json\/wp\/v2\/product_tag?post=6716"}],"curies":[{"name":"wp","href":"https:\/\/api.w.org\/{rel}","templated":true}]}}