{"id":6718,"date":"2024-02-26T03:01:24","date_gmt":"2024-02-26T03:01:24","guid":{"rendered":"https:\/\/wpachem.com\/?post_type=product&#038;p=6718"},"modified":"2024-02-26T03:04:01","modified_gmt":"2024-02-26T03:04:01","slug":"magnesium-malate-cas-869-06-7","status":"publish","type":"product","link":"https:\/\/wpachem.com\/es\/producto\/magnesium-malate-cas-869-06-7\/","title":{"rendered":"Malato de magnesio CAS 869-06-7"},"content":{"rendered":"<h3 class=\"magic-2\" data-spm-anchor-id=\"a2700.details.0.i21.5c9d52f0Rx0oYu\">Apariencia:<\/h3>\n<p>Cristal incoloro o polvo de cristal blanco.<\/p>\n<div class=\"magic-5\">\n<div class=\"magic-6\">\n<div class=\"magic-7\">\n<div><span class=\"magic-4\" style=\"font-family: Verdana\"><b>Aplicaciones del producto:<\/b><\/span><\/div>\n<div>\n<p>Aditivo alimentario: El malato de magnesio se utiliza ampliamente como agente leudante y agrio en la industria alimentaria. Aumenta la ligereza, estabilidad y extensibilidad de la masa, al tiempo que la hace m\u00e1s esponjosa.<br \/>\nPreparaciones farmac\u00e9uticas: El malato de magnesio tambi\u00e9n se utiliza en ciertos medicamentos, como neutralizador de \u00e1cido estomacal y laxante.<\/p>\n<\/div>\n<\/div>\n<\/div>\n<\/div>","protected":false},"excerpt":{"rendered":"<p>Nombre del producto: Malato de magnesio<br \/>\nN.\u00ba CAS: 869-06-7<br \/>\nMF:C4H8MgO5<br \/>\nAspecto: Cristal incoloro o polvo cristalino blanco.<\/p>","protected":false},"featured_media":2161,"template":"","meta":{"_acf_changed":false,"_gspb_post_css":""},"product_brand":[],"product_cat":[55,103],"product_tag":[],"class_list":{"0":"post-6718","1":"product","2":"type-product","3":"status-publish","4":"has-post-thumbnail","6":"product_cat-food-additives","7":"product_cat-nutrition-enhancer","9":"first","10":"instock","11":"shipping-taxable","12":"product-type-simple"},"acf":[],"_links":{"self":[{"href":"https:\/\/wpachem.com\/es\/wp-json\/wp\/v2\/product\/6718","targetHints":{"allow":["GET"]}}],"collection":[{"href":"https:\/\/wpachem.com\/es\/wp-json\/wp\/v2\/product"}],"about":[{"href":"https:\/\/wpachem.com\/es\/wp-json\/wp\/v2\/types\/product"}],"version-history":[{"count":0,"href":"https:\/\/wpachem.com\/es\/wp-json\/wp\/v2\/product\/6718\/revisions"}],"wp:featuredmedia":[{"embeddable":true,"href":"https:\/\/wpachem.com\/es\/wp-json\/wp\/v2\/media\/2161"}],"wp:attachment":[{"href":"https:\/\/wpachem.com\/es\/wp-json\/wp\/v2\/media?parent=6718"}],"wp:term":[{"taxonomy":"product_brand","embeddable":true,"href":"https:\/\/wpachem.com\/es\/wp-json\/wp\/v2\/product_brand?post=6718"},{"taxonomy":"product_cat","embeddable":true,"href":"https:\/\/wpachem.com\/es\/wp-json\/wp\/v2\/product_cat?post=6718"},{"taxonomy":"product_tag","embeddable":true,"href":"https:\/\/wpachem.com\/es\/wp-json\/wp\/v2\/product_tag?post=6718"}],"curies":[{"name":"wp","href":"https:\/\/api.w.org\/{rel}","templated":true}]}}