{"id":6720,"date":"2024-02-26T03:04:10","date_gmt":"2024-02-26T03:04:10","guid":{"rendered":"https:\/\/wpachem.com\/?post_type=product&#038;p=6720"},"modified":"2024-02-26T03:06:16","modified_gmt":"2024-02-26T03:06:16","slug":"magnesium-glycinate-cas-14783-68-7","status":"publish","type":"product","link":"https:\/\/wpachem.com\/es\/producto\/magnesium-glycinate-cas-14783-68-7\/","title":{"rendered":"Glicinato de magnesio CAS 14783-68-7"},"content":{"rendered":"<h3 class=\"magic-2\" data-spm-anchor-id=\"a2700.details.0.i21.5c9d52f0Rx0oYu\">Apariencia:<\/h3>\n<p>Polvo cristalino blanco o parecido al blanco.<\/p>\n<div class=\"magic-5\">\n<div class=\"magic-6\">\n<div class=\"magic-7\">\n<div><span class=\"magic-4\" style=\"font-family: Verdana\"><b>Aplicaciones del producto:<\/b><\/span><\/div>\n<div>\n<p>1. Suplemento nutricional: El glicinato de magnesio se puede utilizar como suplemento nutricional para suplir la deficiencia de magnesio.<br \/>\n2. Medicamentos: El glicinato de magnesio tambi\u00e9n se utiliza como aditivo en algunos medicamentos, como algunos analg\u00e9sicos.<br \/>\n3. Cosm\u00e9ticos: El glicinato de magnesio tambi\u00e9n se utiliza en algunos cosm\u00e9ticos y productos de cuidado personal.<\/p>\n<\/div>\n<\/div>\n<\/div>\n<\/div>","protected":false},"excerpt":{"rendered":"<p>Nombre del producto: glicinato de magnesio<br \/>\nN.\u00ba CAS: 14783-68-7<br \/>\nMg:C4H8MgN2O4<br \/>\nAspecto:Polvo cristalino blanco o similar al blanco.<\/p>","protected":false},"featured_media":2161,"template":"","meta":{"_acf_changed":false,"_gspb_post_css":""},"product_brand":[],"product_cat":[55,103],"product_tag":[],"class_list":{"0":"post-6720","1":"product","2":"type-product","3":"status-publish","4":"has-post-thumbnail","6":"product_cat-food-additives","7":"product_cat-nutrition-enhancer","9":"first","10":"instock","11":"shipping-taxable","12":"product-type-simple"},"acf":[],"_links":{"self":[{"href":"https:\/\/wpachem.com\/es\/wp-json\/wp\/v2\/product\/6720","targetHints":{"allow":["GET"]}}],"collection":[{"href":"https:\/\/wpachem.com\/es\/wp-json\/wp\/v2\/product"}],"about":[{"href":"https:\/\/wpachem.com\/es\/wp-json\/wp\/v2\/types\/product"}],"version-history":[{"count":0,"href":"https:\/\/wpachem.com\/es\/wp-json\/wp\/v2\/product\/6720\/revisions"}],"wp:featuredmedia":[{"embeddable":true,"href":"https:\/\/wpachem.com\/es\/wp-json\/wp\/v2\/media\/2161"}],"wp:attachment":[{"href":"https:\/\/wpachem.com\/es\/wp-json\/wp\/v2\/media?parent=6720"}],"wp:term":[{"taxonomy":"product_brand","embeddable":true,"href":"https:\/\/wpachem.com\/es\/wp-json\/wp\/v2\/product_brand?post=6720"},{"taxonomy":"product_cat","embeddable":true,"href":"https:\/\/wpachem.com\/es\/wp-json\/wp\/v2\/product_cat?post=6720"},{"taxonomy":"product_tag","embeddable":true,"href":"https:\/\/wpachem.com\/es\/wp-json\/wp\/v2\/product_tag?post=6720"}],"curies":[{"name":"wp","href":"https:\/\/api.w.org\/{rel}","templated":true}]}}