{"id":6730,"date":"2024-02-26T03:30:17","date_gmt":"2024-02-26T03:30:17","guid":{"rendered":"https:\/\/wpachem.com\/?post_type=product&#038;p=6730"},"modified":"2024-02-26T03:31:50","modified_gmt":"2024-02-26T03:31:50","slug":"potassium-gluconate-cas-299-27-4","status":"publish","type":"product","link":"https:\/\/wpachem.com\/es\/producto\/potassium-gluconate-cas-299-27-4\/","title":{"rendered":"Gluconato de potasio CAS 299-27-4"},"content":{"rendered":"<h3 class=\"magic-2\" data-spm-anchor-id=\"a2700.details.0.i21.5c9d52f0Rx0oYu\">Apariencia:<\/h3>\n<p>Cristal incoloro o s\u00f3lido granular blanco<\/p>\n<div class=\"magic-5\">\n<div class=\"magic-6\">\n<div class=\"magic-7\">\n<div><span class=\"magic-4\" style=\"font-family: Verdana\"><b>Aplicaciones del producto:<\/b><\/span><\/div>\n<div>\n<p>1. El gluconato de potasio se utiliza ampliamente en la industria alimentaria como acidificante y conservante de alimentos.<br \/>\n2. Puede ajustar la acidez de los alimentos y bebidas y mejorar el sabor de los alimentos.<br \/>\n3. El gluconato de potasio tambi\u00e9n se utiliza como conservante de alimentos para evitar el crecimiento microbiano y el deterioro de los alimentos.<br \/>\n4. Adem\u00e1s, el gluconato de potasio tambi\u00e9n se utiliza en productos farmac\u00e9uticos y cosm\u00e9ticos como agente aromatizante y amortiguador.<\/p>\n<\/div>\n<\/div>\n<\/div>\n<\/div>","protected":false},"excerpt":{"rendered":"<p>Nombre del producto: gluconato de potasio<br \/>\nN.\u00ba CAS: 299-27-4<br \/>\nMF:C6H11KO7<br \/>\nAspecto: Cristal incoloro o s\u00f3lido granular blanco.<\/p>","protected":false},"featured_media":2161,"template":"","meta":{"_acf_changed":false,"_gspb_post_css":""},"product_brand":[],"product_cat":[55,103],"product_tag":[],"class_list":{"0":"post-6730","1":"product","2":"type-product","3":"status-publish","4":"has-post-thumbnail","6":"product_cat-food-additives","7":"product_cat-nutrition-enhancer","9":"first","10":"instock","11":"shipping-taxable","12":"product-type-simple"},"acf":[],"_links":{"self":[{"href":"https:\/\/wpachem.com\/es\/wp-json\/wp\/v2\/product\/6730","targetHints":{"allow":["GET"]}}],"collection":[{"href":"https:\/\/wpachem.com\/es\/wp-json\/wp\/v2\/product"}],"about":[{"href":"https:\/\/wpachem.com\/es\/wp-json\/wp\/v2\/types\/product"}],"version-history":[{"count":0,"href":"https:\/\/wpachem.com\/es\/wp-json\/wp\/v2\/product\/6730\/revisions"}],"wp:featuredmedia":[{"embeddable":true,"href":"https:\/\/wpachem.com\/es\/wp-json\/wp\/v2\/media\/2161"}],"wp:attachment":[{"href":"https:\/\/wpachem.com\/es\/wp-json\/wp\/v2\/media?parent=6730"}],"wp:term":[{"taxonomy":"product_brand","embeddable":true,"href":"https:\/\/wpachem.com\/es\/wp-json\/wp\/v2\/product_brand?post=6730"},{"taxonomy":"product_cat","embeddable":true,"href":"https:\/\/wpachem.com\/es\/wp-json\/wp\/v2\/product_cat?post=6730"},{"taxonomy":"product_tag","embeddable":true,"href":"https:\/\/wpachem.com\/es\/wp-json\/wp\/v2\/product_tag?post=6730"}],"curies":[{"name":"wp","href":"https:\/\/api.w.org\/{rel}","templated":true}]}}