{"id":6734,"date":"2024-02-26T03:34:37","date_gmt":"2024-02-26T03:34:37","guid":{"rendered":"https:\/\/wpachem.com\/?post_type=product&#038;p=6734"},"modified":"2024-02-26T03:36:09","modified_gmt":"2024-02-26T03:36:09","slug":"potassium-chloride-cas-7447-40-7","status":"publish","type":"product","link":"https:\/\/wpachem.com\/es\/producto\/potassium-chloride-cas-7447-40-7\/","title":{"rendered":"Cloruro de potasio CAS 7447-40-7"},"content":{"rendered":"<h3 class=\"magic-2\" data-spm-anchor-id=\"a2700.details.0.i21.5c9d52f0Rx0oYu\">Apariencia:<\/h3>\n<p>Polvo cristalino blanco<\/p>\n<div class=\"magic-5\">\n<div class=\"magic-6\">\n<div class=\"magic-7\">\n<div><span class=\"magic-4\" style=\"font-family: Verdana\"><b>Aplicaciones del producto:<\/b><\/span><\/div>\n<div>\n<p>El cloruro de potasio se utiliza ampliamente en la agricultura como fertilizante para proporcionar a las plantas el potasio que necesitan.<br \/>\nEn el procesamiento de alimentos, el cloruro de potasio se puede utilizar como agente aromatizante para reemplazar la sal de mesa y reducir la ingesta de sodio.<br \/>\nEn el campo farmac\u00e9utico, el cloruro de potasio se utiliza para preparar goteos intravenosos y soluciones de rehidrataci\u00f3n electrol\u00edtica.<br \/>\nEl cloruro de potasio tambi\u00e9n se utiliza para preparar otros compuestos como el cloruro cuproso, el cloruro estannoso, etc.<\/p>\n<\/div>\n<\/div>\n<\/div>\n<\/div>","protected":false},"excerpt":{"rendered":"<p>Nombre del producto: Cloruro de potasio<br \/>\nN.\u00ba CAS: 7447-40-7<br \/>\nMF:ClK<br \/>\nAspecto: polvo cristalino blanco<\/p>","protected":false},"featured_media":2161,"template":"","meta":{"_acf_changed":false,"_gspb_post_css":""},"product_brand":[],"product_cat":[55,103],"product_tag":[],"class_list":{"0":"post-6734","1":"product","2":"type-product","3":"status-publish","4":"has-post-thumbnail","6":"product_cat-food-additives","7":"product_cat-nutrition-enhancer","9":"first","10":"instock","11":"shipping-taxable","12":"product-type-simple"},"acf":[],"_links":{"self":[{"href":"https:\/\/wpachem.com\/es\/wp-json\/wp\/v2\/product\/6734","targetHints":{"allow":["GET"]}}],"collection":[{"href":"https:\/\/wpachem.com\/es\/wp-json\/wp\/v2\/product"}],"about":[{"href":"https:\/\/wpachem.com\/es\/wp-json\/wp\/v2\/types\/product"}],"version-history":[{"count":0,"href":"https:\/\/wpachem.com\/es\/wp-json\/wp\/v2\/product\/6734\/revisions"}],"wp:featuredmedia":[{"embeddable":true,"href":"https:\/\/wpachem.com\/es\/wp-json\/wp\/v2\/media\/2161"}],"wp:attachment":[{"href":"https:\/\/wpachem.com\/es\/wp-json\/wp\/v2\/media?parent=6734"}],"wp:term":[{"taxonomy":"product_brand","embeddable":true,"href":"https:\/\/wpachem.com\/es\/wp-json\/wp\/v2\/product_brand?post=6734"},{"taxonomy":"product_cat","embeddable":true,"href":"https:\/\/wpachem.com\/es\/wp-json\/wp\/v2\/product_cat?post=6734"},{"taxonomy":"product_tag","embeddable":true,"href":"https:\/\/wpachem.com\/es\/wp-json\/wp\/v2\/product_tag?post=6734"}],"curies":[{"name":"wp","href":"https:\/\/api.w.org\/{rel}","templated":true}]}}