{"id":6738,"date":"2024-02-26T03:39:22","date_gmt":"2024-02-26T03:39:22","guid":{"rendered":"https:\/\/wpachem.com\/?post_type=product&#038;p=6738"},"modified":"2024-02-26T03:40:28","modified_gmt":"2024-02-26T03:40:28","slug":"monosodium-fumarate-cas-7704-73-6","status":"publish","type":"product","link":"https:\/\/wpachem.com\/es\/producto\/monosodium-fumarate-cas-7704-73-6\/","title":{"rendered":"Fumarato monos\u00f3dico CAS 7704-73-6"},"content":{"rendered":"<h3 class=\"magic-2\" data-spm-anchor-id=\"a2700.details.0.i21.5c9d52f0Rx0oYu\">Apariencia:<\/h3>\n<p>Polvo cristalino blanco<\/p>\n<div class=\"magic-5\">\n<div class=\"magic-6\">\n<div class=\"magic-7\">\n<div><span class=\"magic-4\" style=\"font-family: Verdana\"><b>Aplicaciones del producto:<\/b><\/span><\/div>\n<div>\n<p>El fumarato monos\u00f3dico se utiliza como agente agrio, agente tamp\u00f3n, agente aromatizante y aditivo antioxidante. Se utiliza para preparar vino, bebidas refrescantes, productos de confiter\u00eda, jugos en polvo, frutas enlatadas, bebidas fr\u00edas, mermeladas, gelatinas, etc. Agente leudante compuesto para preparar pan, galletas, etc. A menudo se combina con \u00e1cido DL-m\u00e1lico, \u00e1cido c\u00edtrico y otros \u00e1cidos org\u00e1nicos.<\/p>\n<\/div>\n<\/div>\n<\/div>\n<\/div>","protected":false},"excerpt":{"rendered":"<p>Nombre del producto: Fumarato monos\u00f3dico<br \/>\nN.\u00ba CAS: 7704-73-6<br \/>\nMF:C4H3NaO4<br \/>\nAspecto: polvo cristalino blanco<\/p>","protected":false},"featured_media":2161,"template":"","meta":{"_acf_changed":false,"_gspb_post_css":""},"product_brand":[],"product_cat":[55,103],"product_tag":[],"class_list":{"0":"post-6738","1":"product","2":"type-product","3":"status-publish","4":"has-post-thumbnail","6":"product_cat-food-additives","7":"product_cat-nutrition-enhancer","9":"first","10":"instock","11":"shipping-taxable","12":"product-type-simple"},"acf":[],"_links":{"self":[{"href":"https:\/\/wpachem.com\/es\/wp-json\/wp\/v2\/product\/6738","targetHints":{"allow":["GET"]}}],"collection":[{"href":"https:\/\/wpachem.com\/es\/wp-json\/wp\/v2\/product"}],"about":[{"href":"https:\/\/wpachem.com\/es\/wp-json\/wp\/v2\/types\/product"}],"version-history":[{"count":0,"href":"https:\/\/wpachem.com\/es\/wp-json\/wp\/v2\/product\/6738\/revisions"}],"wp:featuredmedia":[{"embeddable":true,"href":"https:\/\/wpachem.com\/es\/wp-json\/wp\/v2\/media\/2161"}],"wp:attachment":[{"href":"https:\/\/wpachem.com\/es\/wp-json\/wp\/v2\/media?parent=6738"}],"wp:term":[{"taxonomy":"product_brand","embeddable":true,"href":"https:\/\/wpachem.com\/es\/wp-json\/wp\/v2\/product_brand?post=6738"},{"taxonomy":"product_cat","embeddable":true,"href":"https:\/\/wpachem.com\/es\/wp-json\/wp\/v2\/product_cat?post=6738"},{"taxonomy":"product_tag","embeddable":true,"href":"https:\/\/wpachem.com\/es\/wp-json\/wp\/v2\/product_tag?post=6738"}],"curies":[{"name":"wp","href":"https:\/\/api.w.org\/{rel}","templated":true}]}}