{"id":6740,"date":"2024-02-26T03:42:46","date_gmt":"2024-02-26T03:42:46","guid":{"rendered":"https:\/\/wpachem.com\/?post_type=product&#038;p=6740"},"modified":"2024-02-26T03:45:02","modified_gmt":"2024-02-26T03:45:02","slug":"sappsodium-acid-pyrophosphate-cas-7758-16-9","status":"publish","type":"product","link":"https:\/\/wpachem.com\/es\/producto\/sappsodium-acid-pyrophosphate-cas-7758-16-9\/","title":{"rendered":"SAPP (pirofosfato \u00e1cido de sodio) CAS 7758-16-9"},"content":{"rendered":"<h3 class=\"magic-2\" data-spm-anchor-id=\"a2700.details.0.i21.5c9d52f0Rx0oYu\">Apariencia:<\/h3>\n<p>Polvo cristalino blanco<\/p>\n<div class=\"magic-5\">\n<div class=\"magic-6\">\n<div class=\"magic-7\">\n<div><span class=\"magic-4\" style=\"font-family: Verdana\"><b>Aplicaciones del producto:<\/b><\/span><\/div>\n<div>\n<p>1. Aditivo alimentario: el pirofosfato de dihidr\u00f3geno dis\u00f3dico se puede utilizar como aditivo alimentario para ajustar el pH, estabilizar el valor del pH y desempe\u00f1ar un papel en la preservaci\u00f3n de la frescura y la protecci\u00f3n de la calidad de los alimentos.<br \/>\n2. Tratamiento de superficies met\u00e1licas: se puede utilizar como agente de tratamiento de superficies met\u00e1licas para eliminar \u00f3xidos y herrumbre, mejorando as\u00ed la adherencia de la superficie met\u00e1lica.<br \/>\n3. An\u00e1lisis qu\u00edmico: el pirofosfato de dihidr\u00f3geno dis\u00f3dico se puede utilizar como tamp\u00f3n y reactivo en an\u00e1lisis qu\u00edmicos.<\/p>\n<\/div>\n<\/div>\n<\/div>\n<\/div>","protected":false},"excerpt":{"rendered":"<p>Nombre del producto: SAPP (pirofosfato \u00e1cido de sodio)<br \/>\nN\u00famero CAS: 7758-16-9<br \/>\nFrecuencia intermedia: H2Na2O7P2<br \/>\nAspecto: polvo cristalino blanco<\/p>","protected":false},"featured_media":2161,"template":"","meta":{"_acf_changed":false,"_gspb_post_css":""},"product_brand":[],"product_cat":[55,121],"product_tag":[],"class_list":{"0":"post-6740","1":"product","2":"type-product","3":"status-publish","4":"has-post-thumbnail","6":"product_cat-food-additives","7":"product_cat-phosphates","9":"first","10":"instock","11":"shipping-taxable","12":"product-type-simple"},"acf":[],"_links":{"self":[{"href":"https:\/\/wpachem.com\/es\/wp-json\/wp\/v2\/product\/6740","targetHints":{"allow":["GET"]}}],"collection":[{"href":"https:\/\/wpachem.com\/es\/wp-json\/wp\/v2\/product"}],"about":[{"href":"https:\/\/wpachem.com\/es\/wp-json\/wp\/v2\/types\/product"}],"version-history":[{"count":0,"href":"https:\/\/wpachem.com\/es\/wp-json\/wp\/v2\/product\/6740\/revisions"}],"wp:featuredmedia":[{"embeddable":true,"href":"https:\/\/wpachem.com\/es\/wp-json\/wp\/v2\/media\/2161"}],"wp:attachment":[{"href":"https:\/\/wpachem.com\/es\/wp-json\/wp\/v2\/media?parent=6740"}],"wp:term":[{"taxonomy":"product_brand","embeddable":true,"href":"https:\/\/wpachem.com\/es\/wp-json\/wp\/v2\/product_brand?post=6740"},{"taxonomy":"product_cat","embeddable":true,"href":"https:\/\/wpachem.com\/es\/wp-json\/wp\/v2\/product_cat?post=6740"},{"taxonomy":"product_tag","embeddable":true,"href":"https:\/\/wpachem.com\/es\/wp-json\/wp\/v2\/product_tag?post=6740"}],"curies":[{"name":"wp","href":"https:\/\/api.w.org\/{rel}","templated":true}]}}