{"id":6742,"date":"2024-02-26T03:45:21","date_gmt":"2024-02-26T03:45:21","guid":{"rendered":"https:\/\/wpachem.com\/?post_type=product&#038;p=6742"},"modified":"2024-02-26T03:47:00","modified_gmt":"2024-02-26T03:47:00","slug":"tspptetrasodium-pyrophosphate-cas-7722-88-5","status":"publish","type":"product","link":"https:\/\/wpachem.com\/es\/producto\/tspptetrasodium-pyrophosphate-cas-7722-88-5\/","title":{"rendered":"TSPP (pirofosfato tetras\u00f3dico) CAS 7722-88-5"},"content":{"rendered":"<h3 class=\"magic-2\" data-spm-anchor-id=\"a2700.details.0.i21.5c9d52f0Rx0oYu\">Apariencia:<\/h3>\n<p>Polvo cristalino blanco<\/p>\n<div class=\"magic-5\">\n<div class=\"magic-6\">\n<div class=\"magic-7\">\n<div><span class=\"magic-4\" style=\"font-family: Verdana\"><b>Aplicaciones del producto:<\/b><\/span><\/div>\n<div>\n<p>Tiene una amplia gama de aplicaciones en la industria. Puede usarse como inhibidor de corrosi\u00f3n, inhibidor de \u00f3xido y agente de fusi\u00f3n;<br \/>\nEn la industria alimentaria, es un componente importante de emulsionantes, leudantes y espesantes;<br \/>\nTambi\u00e9n se puede utilizar en \u00e1reas como tratamiento de agua, detergentes y limpieza de metales.<\/p>\n<\/div>\n<\/div>\n<\/div>\n<\/div>","protected":false},"excerpt":{"rendered":"<p>Nombre del producto: TSPP (pirofosfato tetras\u00f3dico)<br \/>\nN\u00famero CAS: 7722-88-5<br \/>\nFrecuencia intermedia:Na4O7P2<br \/>\nAspecto: polvo cristalino blanco<\/p>","protected":false},"featured_media":2161,"template":"","meta":{"_acf_changed":false,"_gspb_post_css":""},"product_brand":[],"product_cat":[55,121],"product_tag":[],"class_list":{"0":"post-6742","1":"product","2":"type-product","3":"status-publish","4":"has-post-thumbnail","6":"product_cat-food-additives","7":"product_cat-phosphates","9":"first","10":"instock","11":"shipping-taxable","12":"product-type-simple"},"acf":[],"_links":{"self":[{"href":"https:\/\/wpachem.com\/es\/wp-json\/wp\/v2\/product\/6742","targetHints":{"allow":["GET"]}}],"collection":[{"href":"https:\/\/wpachem.com\/es\/wp-json\/wp\/v2\/product"}],"about":[{"href":"https:\/\/wpachem.com\/es\/wp-json\/wp\/v2\/types\/product"}],"version-history":[{"count":0,"href":"https:\/\/wpachem.com\/es\/wp-json\/wp\/v2\/product\/6742\/revisions"}],"wp:featuredmedia":[{"embeddable":true,"href":"https:\/\/wpachem.com\/es\/wp-json\/wp\/v2\/media\/2161"}],"wp:attachment":[{"href":"https:\/\/wpachem.com\/es\/wp-json\/wp\/v2\/media?parent=6742"}],"wp:term":[{"taxonomy":"product_brand","embeddable":true,"href":"https:\/\/wpachem.com\/es\/wp-json\/wp\/v2\/product_brand?post=6742"},{"taxonomy":"product_cat","embeddable":true,"href":"https:\/\/wpachem.com\/es\/wp-json\/wp\/v2\/product_cat?post=6742"},{"taxonomy":"product_tag","embeddable":true,"href":"https:\/\/wpachem.com\/es\/wp-json\/wp\/v2\/product_tag?post=6742"}],"curies":[{"name":"wp","href":"https:\/\/api.w.org\/{rel}","templated":true}]}}