{"id":6793,"date":"2024-02-27T08:56:17","date_gmt":"2024-02-27T08:56:17","guid":{"rendered":"https:\/\/wpachem.com\/?post_type=product&#038;p=6793"},"modified":"2024-02-27T08:56:17","modified_gmt":"2024-02-27T08:56:17","slug":"n-13-dimethylbutyl-n-phenyl-p-phenylenediamine-6ppd-4020-cas-793-24-8","status":"publish","type":"product","link":"https:\/\/wpachem.com\/es\/producto\/n-13-dimethylbutyl-n-phenyl-p-phenylenediamine-6ppd-4020-cas-793-24-8\/","title":{"rendered":"N-(1,3-Dimetilbutil)-N&#039;-fenil-p-fenilendiamina 6PPD (4020) CAS 793-24-8"},"content":{"rendered":"<article class=\"4ever-article\" data-clipboard-cangjie=\"[&quot;root&quot;,{},[&quot;p&quot;,{&quot;jc&quot;:&quot;left&quot;,&quot;ind&quot;:{&quot;left&quot;:0},&quot;spacing&quot;:{&quot;before&quot;:6.66667,&quot;after&quot;:6.66667,&quot;line&quot;:1},&quot;uuid&quot;:&quot;lswtfsvs3vee7i5x5ul&quot;},[&quot;span&quot;,{&quot;data-type&quot;:&quot;text&quot;},[&quot;span&quot;,{&quot;bold&quot;:true,&quot;sz&quot;:14,&quot;szUnit&quot;:&quot;pt&quot;,&quot;data-type&quot;:&quot;leaf&quot;},&quot;Characteristic&quot;]]],[&quot;p&quot;,{&quot;uuid&quot;:&quot;lt44eay2gpuw2dwby6e&quot;},[&quot;span&quot;,{&quot;data-type&quot;:&quot;text&quot;},[&quot;span&quot;,{&quot;data-type&quot;:&quot;leaf&quot;},&quot;Gray-black solid. Soluble in benzene, acetone, toluene, etc., insoluble in water.&quot;]]],[&quot;p&quot;,{&quot;jc&quot;:&quot;left&quot;,&quot;ind&quot;:{&quot;left&quot;:0},&quot;spacing&quot;:{&quot;before&quot;:6.66667,&quot;after&quot;:6.66667,&quot;line&quot;:1},&quot;uuid&quot;:&quot;lswtg02ah8hjo3elwjc&quot;},[&quot;span&quot;,{&quot;data-type&quot;:&quot;text&quot;},[&quot;span&quot;,{&quot;bold&quot;:true,&quot;color&quot;:&quot;rgb(0, 0, 0)&quot;,&quot;sz&quot;:14,&quot;szUnit&quot;:&quot;pt&quot;,&quot;data-type&quot;:&quot;leaf&quot;},&quot;Application:&quot;]]],[&quot;p&quot;,{&quot;jc&quot;:&quot;left&quot;,&quot;ind&quot;:{&quot;left&quot;:0},&quot;spacing&quot;:{&quot;after&quot;:5.33333,&quot;line&quot;:1},&quot;uuid&quot;:&quot;lswtfsvtda07m7e1xm&quot;},[&quot;span&quot;,{&quot;data-type&quot;:&quot;text&quot;},[&quot;span&quot;,{&quot;sz&quot;:9,&quot;szUnit&quot;:&quot;pt&quot;,&quot;color&quot;:&quot;rgb(147, 149, 153)&quot;,&quot;data-type&quot;:&quot;leaf&quot;},&quot;The product is a polluting antioxidant, in addition to having a good antioxidant effect, but also anti-ozone, anti-flexion cracking and inhibition of copper, manganese and other harmful metals. Its performance is similar to that of antioxidant 4010NA, but its toxicity and skin irritation are smaller than 4010NA, and its solubility in water is better than 4010NA (washing loss rate: 4010NA is 50%, while 4020 is only 15-20%). It can be widely used in the preparation of tires, tapes and many other industrial rubber products, with a general dosage of 0.5-1.5%. The product is not suitable for making light-colored products due to serious pollution. Antioxidant 4020 is one of the main varieties of p-phenylenediamine antioxidant. P-phenylenediamine antioxidant is the main excellent variety commonly used in rubber industry at home and abroad, and also the development direction of antioxidant in the future.&quot;]]],[&quot;p&quot;,{&quot;uuid&quot;:&quot;lt44r5mfjqlxyt1bfq&quot;},[&quot;span&quot;,{&quot;data-type&quot;:&quot;text&quot;},[&quot;span&quot;,{&quot;sz&quot;:9,&quot;szUnit&quot;:&quot;pt&quot;,&quot;color&quot;:&quot;rgb(147, 149, 153)&quot;,&quot;data-type&quot;:&quot;leaf&quot;},&quot;It is an anti-ozone agent and antioxidant for natural rubber and synthetic rubber, and has excellent protective effect on ozone cracking and flexure fatigue&quot;]]]]\" data-identifier-application__slash__x-cangjie-fragment=\"JTdCJTIya2xhc3MlMjIlM0ElMjJkb2N1bWVudCUyMiUyQyUyMmRhdGElMjIlM0ElN0IlN0QlMkMlMjJub2RlcyUyMiUzQSU1QiU3QiUyMmtsYXNzJTIyJTNBJTIyYmxvY2slMjIlMkMlMjJ0eXBlJTIyJTNBJTIycGFyYWdyYXBoJTIyJTJDJTIyZGF0YSUyMiUzQSU3QiUyMmpjJTIyJTNBJTIybGVmdCUyMiUyQyUyMmluZCUyMiUzQSU3QiUyMmxlZnQlMjIlM0EwJTdEJTJDJTIyc3BhY2luZyUyMiUzQSU3QiUyMmJlZm9yZSUyMiUzQTYuNjY2NjclMkMlMjJhZnRlciUyMiUzQTYuNjY2NjclMkMlMjJsaW5lJTIyJTNBMSU3RCUyQyUyMnV1aWQlMjIlM0ElMjJsc3d0ZnN2czN2ZWU3aTV4NXVsJTIyJTdEJTJDJTIybm9kZXMlMjIlM0ElNUIlN0IlMjJrbGFzcyUyMiUzQSUyMnRleHQlMjIlMkMlMjJsZWF2ZXMlMjIlM0ElNUIlN0IlMjJrbGFzcyUyMiUzQSUyMmxlYWYlMjIlMkMlMjJ0ZXh0JTIyJTNBJTIyQ2hhcmFjdGVyaXN0aWMlMjIlMkMlMjJtYXJrcyUyMiUzQSU1QiU3QiUyMmtsYXNzJTIyJTNBJTIybWFyayUyMiUyQyUyMnR5cGUlMjIlM0ElMjJib2xkJTIyJTJDJTIyZGF0YSUyMiUzQSU3QiU3RCU3RCUyQyU3QiUyMmtsYXNzJTIyJTNBJTIybWFyayUyMiUyQyUyMnR5cGUlMjIlM0ElMjJzeiUyMiUyQyUyMmRhdGElMjIlM0ElN0IlMjJzelVuaXQlMjIlM0ElMjJwdCUyMiUyQyUyMnZhbHVlJTIyJTNBMTQlN0QlN0QlNUQlN0QlNUQlN0QlNUQlN0QlMkMlN0IlMjJrbGFzcyUyMiUzQSUyMmJsb2NrJTIyJTJDJTIydHlwZSUyMiUzQSUyMnBhcmFncmFwaCUyMiUyQyUyMmRhdGElMjIlM0ElN0IlMjJ1dWlkJTIyJTNBJTIybHQ0NGVheTJncHV3MmR3Ynk2ZSUyMiU3RCUyQyUyMm5vZGVzJTIyJTNBJTVCJTdCJTIya2xhc3MlMjIlM0ElMjJ0ZXh0JTIyJTJDJTIybGVhdmVzJTIyJTNBJTVCJTdCJTIya2xhc3MlMjIlM0ElMjJsZWFmJTIyJTJDJTIydGV4dCUyMiUzQSUyMkdyYXktYmxhY2slMjBzb2xpZC4lMjBTb2x1YmxlJTIwaW4lMjBiZW56ZW5lJTJDJTIwYWNldG9uZSUyQyUyMHRvbHVlbmUlMkMlMjBldGMuJTJDJTIwaW5zb2x1YmxlJTIwaW4lMjB3YXRlci4lMjIlMkMlMjJtYXJrcyUyMiUzQSU1QiU1RCU3RCU1RCU3RCU1RCU3RCUyQyU3QiUyMmtsYXNzJTIyJTNBJTIyYmxvY2slMjIlMkMlMjJ0eXBlJTIyJTNBJTIycGFyYWdyYXBoJTIyJTJDJTIyZGF0YSUyMiUzQSU3QiUyMmpjJTIyJTNBJTIybGVmdCUyMiUyQyUyMmluZCUyMiUzQSU3QiUyMmxlZnQlMjIlM0EwJTdEJTJDJTIyc3BhY2luZyUyMiUzQSU3QiUyMmJlZm9yZSUyMiUzQTYuNjY2NjclMkMlMjJhZnRlciUyMiUzQTYuNjY2NjclMkMlMjJsaW5lJTIyJTNBMSU3RCUyQyUyMnV1aWQlMjIlM0ElMjJsc3d0ZzAyYWg4aGpvM2Vsd2pjJTIyJTdEJTJDJTIybm9kZXMlMjIlM0ElNUIlN0IlMjJrbGFzcyUyMiUzQSUyMnRleHQlMjIlMkMlMjJsZWF2ZXMlMjIlM0ElNUIlN0IlMjJrbGFzcyUyMiUzQSUyMmxlYWYlMjIlMkMlMjJ0ZXh0JTIyJTNBJTIyQXBwbGljYXRpb24lM0ElMjIlMkMlMjJtYXJrcyUyMiUzQSU1QiU3QiUyMmtsYXNzJTIyJTNBJTIybWFyayUyMiUyQyUyMnR5cGUlMjIlM0ElMjJib2xkJTIyJTJDJTIyZGF0YSUyMiUzQSU3QiU3RCU3RCUyQyU3QiUyMmtsYXNzJTIyJTNBJTIybWFyayUyMiUyQyUyMnR5cGUlMjIlM0ElMjJjb2xvciUyMiUyQyUyMmRhdGElMjIlM0ElN0IlMjJ2YWx1ZSUyMiUzQSUyMnJnYigwJTJDJTIwMCUyQyUyMDApJTIyJTdEJTdEJTJDJTdCJTIya2xhc3MlMjIlM0ElMjJtYXJrJTIyJTJDJTIydHlwZSUyMiUzQSUyMnN6JTIyJTJDJTIyZGF0YSUyMiUzQSU3QiUyMnZhbHVlJTIyJTNBMTQlMkMlMjJzelVuaXQlMjIlM0ElMjJwdCUyMiU3RCU3RCU1RCU3RCU1RCU3RCU1RCU3RCUyQyU3QiUyMmtsYXNzJTIyJTNBJTIyYmxvY2slMjIlMkMlMjJ0eXBlJTIyJTNBJTIycGFyYWdyYXBoJTIyJTJDJTIyZGF0YSUyMiUzQSU3QiUyMmpjJTIyJTNBJTIybGVmdCUyMiUyQyUyMmluZCUyMiUzQSU3QiUyMmxlZnQlMjIlM0EwJTdEJTJDJTIyc3BhY2luZyUyMiUzQSU3QiUyMmFmdGVyJTIyJTNBNS4zMzMzMyUyQyUyMmxpbmUlMjIlM0ExJTdEJTJDJTIydXVpZCUyMiUzQSUyMmxzd3Rmc3Z0ZGEwN203ZTF4bSUyMiU3RCUyQyUyMm5vZGVzJTIyJTNBJTVCJTdCJTIya2xhc3MlMjIlM0ElMjJ0ZXh0JTIyJTJDJTIybGVhdmVzJTIyJTNBJTVCJTdCJTIya2xhc3MlMjIlM0ElMjJsZWFmJTIyJTJDJTIydGV4dCUyMiUzQSUyMlRoZSUyMHByb2R1Y3QlMjBpcyUyMGElMjBwb2xsdXRpbmclMjBhbnRpb3hpZGFudCUyQyUyMGluJTIwYWRkaXRpb24lMjB0byUyMGhhdmluZyUyMGElMjBnb29kJTIwYW50aW94aWRhbnQlMjBlZmZlY3QlMkMlMjBidXQlMjBhbHNvJTIwYW50aS1vem9uZSUyQyUyMGFudGktZmxleGlvbiUyMGNyYWNraW5nJTIwYW5kJTIwaW5oaWJpdGlvbiUyMG9mJTIwY29wcGVyJTJDJTIwbWFuZ2FuZXNlJTIwYW5kJTIwb3RoZXIlMjBoYXJtZnVsJTIwbWV0YWxzLiUyMEl0cyUyMHBlcmZvcm1hbmNlJTIwaXMlMjBzaW1pbGFyJTIwdG8lMjB0aGF0JTIwb2YlMjBhbnRpb3hpZGFudCUyMDQwMTBOQSUyQyUyMGJ1dCUyMGl0cyUyMHRveGljaXR5JTIwYW5kJTIwc2tpbiUyMGlycml0YXRpb24lMjBhcmUlMjBzbWFsbGVyJTIwdGhhbiUyMDQwMTBOQSUyQyUyMGFuZCUyMGl0cyUyMHNvbHViaWxpdHklMjBpbiUyMHdhdGVyJTIwaXMlMjBiZXR0ZXIlMjB0aGFuJTIwNDAxME5BJTIwKHdhc2hpbmclMjBsb3NzJTIwcmF0ZSUzQSUyMDQwMTBOQSUyMGlzJTIwNTAlMjUlMkMlMjB3aGlsZSUyMDQwMjAlMjBpcyUyMG9ubHklMjAxNS0yMCUyNSkuJTIwSXQlMjBjYW4lMjBiZSUyMHdpZGVseSUyMHVzZWQlMjBpbiUyMHRoZSUyMHByZXBhcmF0aW9uJTIwb2YlMjB0aXJlcyUyQyUyMHRhcGVzJTIwYW5kJTIwbWFueSUyMG90aGVyJTIwaW5kdXN0cmlhbCUyMHJ1YmJlciUyMHByb2R1Y3RzJTJDJTIwd2l0aCUyMGElMjBnZW5lcmFsJTIwZG9zYWdlJTIwb2YlMjAwLjUtMS41JTI1LiUyMFRoZSUyMHByb2R1Y3QlMjBpcyUyMG5vdCUyMHN1aXRhYmxlJTIwZm9yJTIwbWFraW5nJTIwbGlnaHQtY29sb3JlZCUyMHByb2R1Y3RzJTIwZHVlJTIwdG8lMjBzZXJpb3VzJTIwcG9sbHV0aW9uLiUyMEFudGlveGlkYW50JTIwNDAyMCUyMGlzJTIwb25lJTIwb2YlMjB0aGUlMjBtYWluJTIwdmFyaWV0aWVzJTIwb2YlMjBwLXBoZW55bGVuZWRpYW1pbmUlMjBhbnRpb3hpZGFudC4lMjBQLXBoZW55bGVuZWRpYW1pbmUlMjBhbnRpb3hpZGFudCUyMGlzJTIwdGhlJTIwbWFpbiUyMGV4Y2VsbGVudCUyMHZhcmlldHklMjBjb21tb25seSUyMHVzZWQlMjBpbiUyMHJ1YmJlciUyMGluZHVzdHJ5JTIwYXQlMjBob21lJTIwYW5kJTIwYWJyb2FkJTJDJTIwYW5kJTIwYWxzbyUyMHRoZSUyMGRldmVsb3BtZW50JTIwZGlyZWN0aW9uJTIwb2YlMjBhbnRpb3hpZGFudCUyMGluJTIwdGhlJTIwZnV0dXJlLiUyMiUyQyUyMm1hcmtzJTIyJTNBJTVCJTdCJTIya2xhc3MlMjIlM0ElMjJtYXJrJTIyJTJDJTIydHlwZSUyMiUzQSUyMnN6JTIyJTJDJTIyZGF0YSUyMiUzQSU3QiUyMnN6VW5pdCUyMiUzQSUyMnB0JTIyJTJDJTIydmFsdWUlMjIlM0E5JTdEJTdEJTJDJTdCJTIya2xhc3MlMjIlM0ElMjJtYXJrJTIyJTJDJTIydHlwZSUyMiUzQSUyMmNvbG9yJTIyJTJDJTIyZGF0YSUyMiUzQSU3QiUyMnZhbHVlJTIyJTNBJTIycmdiKDE0NyUyQyUyMDE0OSUyQyUyMDE1MyklMjIlN0QlN0QlNUQlN0QlNUQlN0QlNUQlN0QlMkMlN0IlMjJrbGFzcyUyMiUzQSUyMmJsb2NrJTIyJTJDJTIydHlwZSUyMiUzQSUyMnBhcmFncmFwaCUyMiUyQyUyMmRhdGElMjIlM0ElN0IlMjJ1dWlkJTIyJTNBJTIybHQ0NHI1bWZqcWx4eXQxYmZxJTIyJTdEJTJDJTIybm9kZXMlMjIlM0ElNUIlN0IlMjJrbGFzcyUyMiUzQSUyMnRleHQlMjIlMkMlMjJsZWF2ZXMlMjIlM0ElNUIlN0IlMjJrbGFzcyUyMiUzQSUyMmxlYWYlMjIlMkMlMjJ0ZXh0JTIyJTNBJTIySXQlMjBpcyUyMGFuJTIwYW50aS1vem9uZSUyMGFnZW50JTIwYW5kJTIwYW50aW94aWRhbnQlMjBmb3IlMjBuYXR1cmFsJTIwcnViYmVyJTIwYW5kJTIwc3ludGhldGljJTIwcnViYmVyJTJDJTIwYW5kJTIwaGFzJTIwZXhjZWxsZW50JTIwcHJvdGVjdGl2ZSUyMGVmZmVjdCUyMG9uJTIwb3pvbmUlMjBjcmFja2luZyUyMGFuZCUyMGZsZXh1cmUlMjBmYXRpZ3VlJTIyJTJDJTIybWFya3MlMjIlM0ElNUIlN0IlMjJrbGFzcyUyMiUzQSUyMm1hcmslMjIlMkMlMjJ0eXBlJTIyJTNBJTIyc3olMjIlMkMlMjJkYXRhJTIyJTNBJTdCJTIyc3pVbml0JTIyJTNBJTIycHQlMjIlMkMlMjJ2YWx1ZSUyMiUzQTklN0QlN0QlMkMlN0IlMjJrbGFzcyUyMiUzQSUyMm1hcmslMjIlMkMlMjJ0eXBlJTIyJTNBJTIyY29sb3IlMjIlMkMlMjJkYXRhJTIyJTNBJTdCJTIydmFsdWUlMjIlM0ElMjJyZ2IoMTQ3JTJDJTIwMTQ5JTJDJTIwMTUzKSUyMiU3RCU3RCU1RCU3RCU1RCU3RCU1RCU3RCU1RCU3RA==\" data-identifier-application__slash__x-doc-key=\"1X3lE6ekRYRgnJbv\"><strong>Caracter\u00edstica<\/strong><\/p>\n<p><span data-type=\"text\">S\u00f3lido gris-negro. Soluble en benceno, acetona, tolueno, etc., insoluble en agua.<\/span><\/p>\n<p><strong>Solicitud:<\/strong><\/p>\n<p><span data-type=\"text\">El producto es un antioxidante contaminante, adem\u00e1s de tener un buen efecto antioxidante, pero tambi\u00e9n anti-ozono, anti-agrietamiento por flexi\u00f3n e inhibici\u00f3n de cobre, manganeso y otros metales nocivos. Su rendimiento es similar al del antioxidante 4010NA, pero su toxicidad e irritaci\u00f3n cut\u00e1nea son menores que las del 4010NA, y su solubilidad en agua es mejor que la del 4010NA (tasa de p\u00e9rdida por lavado: el 4010NA es 50%, mientras que el 4020 es solo 15-20%). Puede ser ampliamente utilizado en la preparaci\u00f3n de neum\u00e1ticos, cintas y muchos otros productos industriales de caucho, con una dosis general de 0,5-1,5%. El producto no es adecuado para fabricar productos de colores claros debido a la grave contaminaci\u00f3n. El antioxidante 4020 es una de las principales variedades de antioxidante p-fenilendiamina. El antioxidante P-fenilendiamina es la principal variedad excelente que se utiliza com\u00fanmente en la industria del caucho en el pa\u00eds y en el extranjero, y tambi\u00e9n la direcci\u00f3n de desarrollo del antioxidante en el futuro.<\/span><\/p>\n<p><span data-type=\"text\">Es un agente antiozono y antioxidante para caucho natural y caucho sint\u00e9tico, y tiene un excelente efecto protector contra el agrietamiento por ozono y la fatiga por flexi\u00f3n.<\/span><\/p>\n<\/article>","protected":false},"excerpt":{"rendered":"<article class=\"4ever-article\" data-clipboard-cangjie=\"[&quot;root&quot;,{},[&quot;p&quot;,{&quot;jc&quot;:&quot;left&quot;,&quot;ind&quot;:{&quot;left&quot;:0},&quot;spacing&quot;:{&quot;before&quot;:6.66667,&quot;after&quot;:6.66667,&quot;line&quot;:1},&quot;uuid&quot;:&quot;lswtfsvvvijk6s1z8p&quot;},[&quot;span&quot;,{&quot;data-type&quot;:&quot;text&quot;},[&quot;span&quot;,{&quot;color&quot;:&quot;rgb(0, 0, 0)&quot;,&quot;sz&quot;:12,&quot;szUnit&quot;:&quot;pt&quot;,&quot;data-type&quot;:&quot;leaf&quot;},&quot;Product name:&quot;],[&quot;span&quot;,{&quot;sz&quot;:11,&quot;szUnit&quot;:&quot;pt&quot;,&quot;fonts&quot;:{&quot;ascii&quot;:&quot;\u5b8b\u4f53&quot;,&quot;hAnsi&quot;:&quot;\u5b8b\u4f53&quot;,&quot;cs&quot;:&quot;\u5b8b\u4f53&quot;,&quot;eastAsia&quot;:&quot;\u5b8b\u4f53&quot;},&quot;color&quot;:&quot;#000000&quot;,&quot;data-type&quot;:&quot;leaf&quot;},&quot;N-(1,3-Dimethylbutyl)-N'-phenyl-p-phenylenediamine&quot;]]],[&quot;p&quot;,{&quot;jc&quot;:&quot;left&quot;,&quot;ind&quot;:{&quot;left&quot;:0},&quot;spacing&quot;:{&quot;before&quot;:6.66667,&quot;after&quot;:6.66667,&quot;line&quot;:1},&quot;uuid&quot;:&quot;lswtfsvw67msoc684k9&quot;},[&quot;span&quot;,{&quot;data-type&quot;:&quot;text&quot;},[&quot;span&quot;,{&quot;color&quot;:&quot;rgb(0, 0, 0)&quot;,&quot;sz&quot;:12,&quot;szUnit&quot;:&quot;pt&quot;,&quot;data-type&quot;:&quot;leaf&quot;},&quot;CAS\uff1a&quot;],[&quot;span&quot;,{&quot;sz&quot;:11,&quot;szUnit&quot;:&quot;pt&quot;,&quot;fonts&quot;:{&quot;ascii&quot;:&quot;\u5b8b\u4f53&quot;,&quot;hAnsi&quot;:&quot;\u5b8b\u4f53&quot;,&quot;cs&quot;:&quot;\u5b8b\u4f53&quot;,&quot;eastAsia&quot;:&quot;\u5b8b\u4f53&quot;},&quot;color&quot;:&quot;#000000&quot;,&quot;data-type&quot;:&quot;leaf&quot;},&quot;793-24-8&quot;]]],[&quot;p&quot;,{&quot;jc&quot;:&quot;left&quot;,&quot;ind&quot;:{&quot;left&quot;:0},&quot;spacing&quot;:{&quot;before&quot;:6.66667,&quot;after&quot;:6.66667,&quot;line&quot;:1},&quot;uuid&quot;:&quot;lswtfsvwccqptazn6p7&quot;},[&quot;span&quot;,{&quot;data-type&quot;:&quot;text&quot;},[&quot;span&quot;,{&quot;color&quot;:&quot;rgb(0, 0, 0)&quot;,&quot;sz&quot;:12,&quot;szUnit&quot;:&quot;pt&quot;,&quot;data-type&quot;:&quot;leaf&quot;},&quot;EINECS:\u00a0&quot;],[&quot;span&quot;,{&quot;color&quot;:&quot;rgb(42, 43, 46)&quot;,&quot;sz&quot;:9,&quot;szUnit&quot;:&quot;pt&quot;,&quot;data-type&quot;:&quot;leaf&quot;},&quot; &quot;],[&quot;span&quot;,{&quot;fonts&quot;:{&quot;ascii&quot;:&quot;\u5b8b\u4f53&quot;,&quot;hAnsi&quot;:&quot;\u5b8b\u4f53&quot;,&quot;cs&quot;:&quot;\u5b8b\u4f53&quot;,&quot;eastAsia&quot;:&quot;\u5b8b\u4f53&quot;},&quot;sz&quot;:12,&quot;szUnit&quot;:&quot;pt&quot;,&quot;color&quot;:&quot;rgb(0, 0, 0)&quot;,&quot;data-type&quot;:&quot;leaf&quot;},&quot;212-344-0&quot;]]],[&quot;p&quot;,{&quot;jc&quot;:&quot;left&quot;,&quot;ind&quot;:{&quot;left&quot;:0},&quot;spacing&quot;:{&quot;before&quot;:6.66667,&quot;after&quot;:6.66667,&quot;line&quot;:1},&quot;uuid&quot;:&quot;lswvmmugqxelvfo7nls&quot;},[&quot;span&quot;,{&quot;data-type&quot;:&quot;text&quot;},[&quot;span&quot;,{&quot;color&quot;:&quot;rgb(0, 0, 0)&quot;,&quot;sz&quot;:12,&quot;szUnit&quot;:&quot;pt&quot;,&quot;data-type&quot;:&quot;leaf&quot;},&quot;Appearance: Light orange to dark red to black powder or lump&quot;]]]]\" data-identifier-application__slash__x-cangjie-fragment=\"JTdCJTIya2xhc3MlMjIlM0ElMjJkb2N1bWVudCUyMiUyQyUyMmRhdGElMjIlM0ElN0IlN0QlMkMlMjJub2RlcyUyMiUzQSU1QiU3QiUyMmtsYXNzJTIyJTNBJTIyYmxvY2slMjIlMkMlMjJ0eXBlJTIyJTNBJTIycGFyYWdyYXBoJTIyJTJDJTIyZGF0YSUyMiUzQSU3QiUyMmpjJTIyJTNBJTIybGVmdCUyMiUyQyUyMmluZCUyMiUzQSU3QiUyMmxlZnQlMjIlM0EwJTdEJTJDJTIyc3BhY2luZyUyMiUzQSU3QiUyMmJlZm9yZSUyMiUzQTYuNjY2NjclMkMlMjJhZnRlciUyMiUzQTYuNjY2NjclMkMlMjJsaW5lJTIyJTNBMSU3RCUyQyUyMnV1aWQlMjIlM0ElMjJsc3d0ZnN2dnZpams2czF6OHAlMjIlN0QlMkMlMjJub2RlcyUyMiUzQSU1QiU3QiUyMmtsYXNzJTIyJTNBJTIydGV4dCUyMiUyQyUyMmxlYXZlcyUyMiUzQSU1QiU3QiUyMmtsYXNzJTIyJTNBJTIybGVhZiUyMiUyQyUyMnRleHQlMjIlM0ElMjJQcm9kdWN0JTIwbmFtZSUzQSUyMiUyQyUyMm1hcmtzJTIyJTNBJTVCJTdCJTIya2xhc3MlMjIlM0ElMjJtYXJrJTIyJTJDJTIydHlwZSUyMiUzQSUyMmNvbG9yJTIyJTJDJTIyZGF0YSUyMiUzQSU3QiUyMnZhbHVlJTIyJTNBJTIycmdiKDAlMkMlMjAwJTJDJTIwMCklMjIlN0QlN0QlMkMlN0IlMjJrbGFzcyUyMiUzQSUyMm1hcmslMjIlMkMlMjJ0eXBlJTIyJTNBJTIyc3olMjIlMkMlMjJkYXRhJTIyJTNBJTdCJTIydmFsdWUlMjIlM0ExMiUyQyUyMnN6VW5pdCUyMiUzQSUyMnB0JTIyJTdEJTdEJTVEJTdEJTJDJTdCJTIya2xhc3MlMjIlM0ElMjJsZWFmJTIyJTJDJTIydGV4dCUyMiUzQSUyMk4tKDElMkMzLURpbWV0aHlsYnV0eWwpLU4nLXBoZW55bC1wLXBoZW55bGVuZWRpYW1pbmUlMjIlMkMlMjJtYXJrcyUyMiUzQSU1QiU3QiUyMmtsYXNzJTIyJTNBJTIybWFyayUyMiUyQyUyMnR5cGUlMjIlM0ElMjJzeiUyMiUyQyUyMmRhdGElMjIlM0ElN0IlMjJ2YWx1ZSUyMiUzQTExJTJDJTIyc2NhbGUlMjIlM0ExJTJDJTIyc3pVbml0JTIyJTNBJTIycHQlMjIlN0QlN0QlMkMlN0IlMjJrbGFzcyUyMiUzQSUyMm1hcmslMjIlMkMlMjJ0eXBlJTIyJTNBJTIyZm9udHMlMjIlMkMlMjJkYXRhJTIyJTNBJTdCJTIyYXNjaWklMjIlM0ElMjIlRTUlQUUlOEIlRTQlQkQlOTMlMjIlMkMlMjJoQW5zaSUyMiUzQSUyMiVFNSVBRSU4QiVFNCVCRCU5MyUyMiUyQyUyMmNzJTIyJTNBJTIyJUU1JUFFJThCJUU0JUJEJTkzJTIyJTJDJTIyZWFzdEFzaWElMjIlM0ElMjIlRTUlQUUlOEIlRTQlQkQlOTMlMjIlN0QlN0QlMkMlN0IlMjJrbGFzcyUyMiUzQSUyMm1hcmslMjIlMkMlMjJ0eXBlJTIyJTNBJTIyY29sb3IlMjIlMkMlMjJkYXRhJTIyJTNBJTdCJTIydmFsdWUlMjIlM0ElMjIlMjMwMDAwMDAlMjIlN0QlN0QlNUQlN0QlNUQlN0QlNUQlN0QlMkMlN0IlMjJrbGFzcyUyMiUzQSUyMmJsb2NrJTIyJTJDJTIydHlwZSUyMiUzQSUyMnBhcmFncmFwaCUyMiUyQyUyMmRhdGElMjIlM0ElN0IlMjJqYyUyMiUzQSUyMmxlZnQlMjIlMkMlMjJpbmQlMjIlM0ElN0IlMjJsZWZ0JTIyJTNBMCU3RCUyQyUyMnNwYWNpbmclMjIlM0ElN0IlMjJiZWZvcmUlMjIlM0E2LjY2NjY3JTJDJTIyYWZ0ZXIlMjIlM0E2LjY2NjY3JTJDJTIybGluZSUyMiUzQTElN0QlMkMlMjJ1dWlkJTIyJTNBJTIybHN3dGZzdnc2N21zb2M2ODRrOSUyMiU3RCUyQyUyMm5vZGVzJTIyJTNBJTVCJTdCJTIya2xhc3MlMjIlM0ElMjJ0ZXh0JTIyJTJDJTIybGVhdmVzJTIyJTNBJTVCJTdCJTIya2xhc3MlMjIlM0ElMjJsZWFmJTIyJTJDJTIydGV4dCUyMiUzQSUyMkNBUyVFRiVCQyU5QSUyMiUyQyUyMm1hcmtzJTIyJTNBJTVCJTdCJTIya2xhc3MlMjIlM0ElMjJtYXJrJTIyJTJDJTIydHlwZSUyMiUzQSUyMmNvbG9yJTIyJTJDJTIyZGF0YSUyMiUzQSU3QiUyMnZhbHVlJTIyJTNBJTIycmdiKDAlMkMlMjAwJTJDJTIwMCklMjIlN0QlN0QlMkMlN0IlMjJrbGFzcyUyMiUzQSUyMm1hcmslMjIlMkMlMjJ0eXBlJTIyJTNBJTIyc3olMjIlMkMlMjJkYXRhJTIyJTNBJTdCJTIydmFsdWUlMjIlM0ExMiUyQyUyMnN6VW5pdCUyMiUzQSUyMnB0JTIyJTdEJTdEJTVEJTdEJTJDJTdCJTIya2xhc3MlMjIlM0ElMjJsZWFmJTIyJTJDJTIydGV4dCUyMiUzQSUyMjc5My0yNC04JTIyJTJDJTIybWFya3MlMjIlM0ElNUIlN0IlMjJrbGFzcyUyMiUzQSUyMm1hcmslMjIlMkMlMjJ0eXBlJTIyJTNBJTIyc3olMjIlMkMlMjJkYXRhJTIyJTNBJTdCJTIydmFsdWUlMjIlM0ExMSUyQyUyMnNjYWxlJTIyJTNBMSUyQyUyMnN6VW5pdCUyMiUzQSUyMnB0JTIyJTdEJTdEJTJDJTdCJTIya2xhc3MlMjIlM0ElMjJtYXJrJTIyJTJDJTIydHlwZSUyMiUzQSUyMmZvbnRzJTIyJTJDJTIyZGF0YSUyMiUzQSU3QiUyMmFzY2lpJTIyJTNBJTIyJUU1JUFFJThCJUU0JUJEJTkzJTIyJTJDJTIyaEFuc2klMjIlM0ElMjIlRTUlQUUlOEIlRTQlQkQlOTMlMjIlMkMlMjJjcyUyMiUzQSUyMiVFNSVBRSU4QiVFNCVCRCU5MyUyMiUyQyUyMmVhc3RBc2lhJTIyJTNBJTIyJUU1JUFFJThCJUU0JUJEJTkzJTIyJTdEJTdEJTJDJTdCJTIya2xhc3MlMjIlM0ElMjJtYXJrJTIyJTJDJTIydHlwZSUyMiUzQSUyMmNvbG9yJTIyJTJDJTIyZGF0YSUyMiUzQSU3QiUyMnZhbHVlJTIyJTNBJTIyJTIzMDAwMDAwJTIyJTdEJTdEJTVEJTdEJTVEJTdEJTVEJTdEJTJDJTdCJTIya2xhc3MlMjIlM0ElMjJibG9jayUyMiUyQyUyMnR5cGUlMjIlM0ElMjJwYXJhZ3JhcGglMjIlMkMlMjJkYXRhJTIyJTNBJTdCJTIyamMlMjIlM0ElMjJsZWZ0JTIyJTJDJTIyaW5kJTIyJTNBJTdCJTIybGVmdCUyMiUzQTAlN0QlMkMlMjJzcGFjaW5nJTIyJTNBJTdCJTIyYmVmb3JlJTIyJTNBNi42NjY2NyUyQyUyMmFmdGVyJTIyJTNBNi42NjY2NyUyQyUyMmxpbmUlMjIlM0ExJTdEJTJDJTIydXVpZCUyMiUzQSUyMmxzd3Rmc3Z3Y2NxcHRhem42cDclMjIlN0QlMkMlMjJub2RlcyUyMiUzQSU1QiU3QiUyMmtsYXNzJTIyJTNBJTIydGV4dCUyMiUyQyUyMmxlYXZlcyUyMiUzQSU1QiU3QiUyMmtsYXNzJTIyJTNBJTIybGVhZiUyMiUyQyUyMnRleHQlMjIlM0ElMjJFSU5FQ1MlM0ElQzIlQTAlMjIlMkMlMjJtYXJrcyUyMiUzQSU1QiU3QiUyMmtsYXNzJTIyJTNBJTIybWFyayUyMiUyQyUyMnR5cGUlMjIlM0ElMjJjb2xvciUyMiUyQyUyMmRhdGElMjIlM0ElN0IlMjJ2YWx1ZSUyMiUzQSUyMnJnYigwJTJDJTIwMCUyQyUyMDApJTIyJTdEJTdEJTJDJTdCJTIya2xhc3MlMjIlM0ElMjJtYXJrJTIyJTJDJTIydHlwZSUyMiUzQSUyMnN6JTIyJTJDJTIyZGF0YSUyMiUzQSU3QiUyMnZhbHVlJTIyJTNBMTIlMkMlMjJzelVuaXQlMjIlM0ElMjJwdCUyMiU3RCU3RCU1RCU3RCUyQyU3QiUyMmtsYXNzJTIyJTNBJTIybGVhZiUyMiUyQyUyMnRleHQlMjIlM0ElMjIlMjAlMjIlMkMlMjJtYXJrcyUyMiUzQSU1QiU3QiUyMmtsYXNzJTIyJTNBJTIybWFyayUyMiUyQyUyMnR5cGUlMjIlM0ElMjJjb2xvciUyMiUyQyUyMmRhdGElMjIlM0ElN0IlMjJ2YWx1ZSUyMiUzQSUyMnJnYig0MiUyQyUyMDQzJTJDJTIwNDYpJTIyJTdEJTdEJTJDJTdCJTIya2xhc3MlMjIlM0ElMjJtYXJrJTIyJTJDJTIydHlwZSUyMiUzQSUyMnN6JTIyJTJDJTIyZGF0YSUyMiUzQSU3QiUyMnZhbHVlJTIyJTNBOSUyQyUyMnN6VW5pdCUyMiUzQSUyMnB0JTIyJTdEJTdEJTVEJTdEJTJDJTdCJTIya2xhc3MlMjIlM0ElMjJsZWFmJTIyJTJDJTIydGV4dCUyMiUzQSUyMjIxMi0zNDQtMCUyMiUyQyUyMm1hcmtzJTIyJTNBJTVCJTdCJTIya2xhc3MlMjIlM0ElMjJtYXJrJTIyJTJDJTIydHlwZSUyMiUzQSUyMmZvbnRzJTIyJTJDJTIyZGF0YSUyMiUzQSU3QiUyMmFzY2lpJTIyJTNBJTIyJUU1JUFFJThCJUU0JUJEJTkzJTIyJTJDJTIyaEFuc2klMjIlM0ElMjIlRTUlQUUlOEIlRTQlQkQlOTMlMjIlMkMlMjJjcyUyMiUzQSUyMiVFNSVBRSU4QiVFNCVCRCU5MyUyMiUyQyUyMmVhc3RBc2lhJTIyJTNBJTIyJUU1JUFFJThCJUU0JUJEJTkzJTIyJTdEJTdEJTJDJTdCJTIya2xhc3MlMjIlM0ElMjJtYXJrJTIyJTJDJTIydHlwZSUyMiUzQSUyMnN6JTIyJTJDJTIyZGF0YSUyMiUzQSU3QiUyMnZhbHVlJTIyJTNBMTIlMkMlMjJzelVuaXQlMjIlM0ElMjJwdCUyMiU3RCU3RCUyQyU3QiUyMmtsYXNzJTIyJTNBJTIybWFyayUyMiUyQyUyMnR5cGUlMjIlM0ElMjJjb2xvciUyMiUyQyUyMmRhdGElMjIlM0ElN0IlMjJ2YWx1ZSUyMiUzQSUyMnJnYigwJTJDJTIwMCUyQyUyMDApJTIyJTdEJTdEJTVEJTdEJTVEJTdEJTVEJTdEJTJDJTdCJTIya2xhc3MlMjIlM0ElMjJibG9jayUyMiUyQyUyMnR5cGUlMjIlM0ElMjJwYXJhZ3JhcGglMjIlMkMlMjJkYXRhJTIyJTNBJTdCJTIyamMlMjIlM0ElMjJsZWZ0JTIyJTJDJTIyaW5kJTIyJTNBJTdCJTIybGVmdCUyMiUzQTAlN0QlMkMlMjJzcGFjaW5nJTIyJTNBJTdCJTIyYmVmb3JlJTIyJTNBNi42NjY2NyUyQyUyMmFmdGVyJTIyJTNBNi42NjY2NyUyQyUyMmxpbmUlMjIlM0ExJTdEJTJDJTIydXVpZCUyMiUzQSUyMmxzd3ZtbXVncXhlbHZmbzdubHMlMjIlN0QlMkMlMjJub2RlcyUyMiUzQSU1QiU3QiUyMmtsYXNzJTIyJTNBJTIydGV4dCUyMiUyQyUyMmxlYXZlcyUyMiUzQSU1QiU3QiUyMmtsYXNzJTIyJTNBJTIybGVhZiUyMiUyQyUyMnRleHQlMjIlM0ElMjJBcHBlYXJhbmNlJTNBJTIwTGlnaHQlMjBvcmFuZ2UlMjB0byUyMGRhcmslMjByZWQlMjB0byUyMGJsYWNrJTIwcG93ZGVyJTIwb3IlMjBsdW1wJTIyJTJDJTIybWFya3MlMjIlM0ElNUIlN0IlMjJrbGFzcyUyMiUzQSUyMm1hcmslMjIlMkMlMjJ0eXBlJTIyJTNBJTIyY29sb3IlMjIlMkMlMjJkYXRhJTIyJTNBJTdCJTIydmFsdWUlMjIlM0ElMjJyZ2IoMCUyQyUyMDAlMkMlMjAwKSUyMiU3RCU3RCUyQyU3QiUyMmtsYXNzJTIyJTNBJTIybWFyayUyMiUyQyUyMnR5cGUlMjIlM0ElMjJzeiUyMiUyQyUyMmRhdGElMjIlM0ElN0IlMjJ2YWx1ZSUyMiUzQTEyJTJDJTIyc3pVbml0JTIyJTNBJTIycHQlMjIlN0QlN0QlNUQlN0QlNUQlN0QlNUQlN0QlNUQlN0Q=\" data-identifier-application__slash__x-doc-key=\"1X3lE6ekRYRgnJbv\"><span data-type=\"text\">Nombre del producto:<\/span><span data-type=\"text\">N-(1,3-Dimetilbutil)-N&#039;-fenil-p-fenilendiamina<\/span><\/p>\n<p><span data-type=\"text\">CAS:<\/span><span data-type=\"text\">793-24-8<\/span><\/p>\n<p><span data-type=\"text\">EINECS:\u00a0<\/span><span data-type=\"text\">\u00a0<\/span><span data-type=\"text\">212-344-0<\/span><\/p>\n<p><span data-type=\"text\">Aspecto: Polvo o grumos de color naranja claro a rojo oscuro a negro.<\/span><\/p>\n<\/article>","protected":false},"featured_media":4823,"template":"","meta":{"_acf_changed":false,"_gspb_post_css":""},"product_brand":[],"product_cat":[62,73],"product_tag":[],"class_list":{"0":"post-6793","1":"product","2":"type-product","3":"status-publish","4":"has-post-thumbnail","6":"product_cat-rubberplastic-ingredients","7":"product_cat-rubber-antioxidant","9":"first","10":"instock","11":"shipping-taxable","12":"product-type-simple"},"acf":[],"_links":{"self":[{"href":"https:\/\/wpachem.com\/es\/wp-json\/wp\/v2\/product\/6793","targetHints":{"allow":["GET"]}}],"collection":[{"href":"https:\/\/wpachem.com\/es\/wp-json\/wp\/v2\/product"}],"about":[{"href":"https:\/\/wpachem.com\/es\/wp-json\/wp\/v2\/types\/product"}],"version-history":[{"count":0,"href":"https:\/\/wpachem.com\/es\/wp-json\/wp\/v2\/product\/6793\/revisions"}],"wp:featuredmedia":[{"embeddable":true,"href":"https:\/\/wpachem.com\/es\/wp-json\/wp\/v2\/media\/4823"}],"wp:attachment":[{"href":"https:\/\/wpachem.com\/es\/wp-json\/wp\/v2\/media?parent=6793"}],"wp:term":[{"taxonomy":"product_brand","embeddable":true,"href":"https:\/\/wpachem.com\/es\/wp-json\/wp\/v2\/product_brand?post=6793"},{"taxonomy":"product_cat","embeddable":true,"href":"https:\/\/wpachem.com\/es\/wp-json\/wp\/v2\/product_cat?post=6793"},{"taxonomy":"product_tag","embeddable":true,"href":"https:\/\/wpachem.com\/es\/wp-json\/wp\/v2\/product_tag?post=6793"}],"curies":[{"name":"wp","href":"https:\/\/api.w.org\/{rel}","templated":true}]}}