{"id":7483,"date":"2023-12-27T06:22:34","date_gmt":"2023-12-27T06:22:34","guid":{"rendered":"https:\/\/wpapigments.com\/?post_type=product&amp;p=5538"},"modified":"2023-12-27T06:22:34","modified_gmt":"2023-12-27T06:22:34","slug":"pigment-yellow-1-p-y-1-cas-no-2512-29-0","status":"publish","type":"product","link":"https:\/\/wpachem.com\/es\/producto\/pigment-yellow-1-p-y-1-cas-no-2512-29-0\/","title":{"rendered":"Pigmento amarillo 1\/ PY 1 No. CAS 2512-29-0"},"content":{"rendered":"<p><strong>Propiedades del hombre:<\/strong> Semitransparente<\/p>\n<p><strong>Solicitud:<\/strong><\/p>\n<p>El pigmento amarillo 1 se utiliza principalmente para colorear revestimientos de tintas resistentes a la luz avanzadas, tintas de impresi\u00f3n de hierro, productos pl\u00e1sticos, caucho y suministros culturales y educativos, y tambi\u00e9n se puede utilizar para la impresi\u00f3n con pigmentos y la coloraci\u00f3n de pasta de viscosa.<\/p>\n<p>1) Uso de pintura: pintura industrial, recubrimiento en polvo, recubrimiento decorativo, impresi\u00f3n textil, pintura a base de agua<\/p>\n<p>2) Tinta utilizada: Tinta a base de agua, tinta a base de solvente.<\/p>","protected":false},"excerpt":{"rendered":"<p><strong>Nombre del producto:<\/strong> Pigmento amarillo 1<\/p>\n<p><strong>Indice de color:<\/strong> CIPY 1<\/p>\n<p><strong>Apariencia:<\/strong> Polvo amarillo<\/p>\n<p><strong>No CAS.:<\/strong> 2512-29-0<\/p>\n<p><strong>MF:<\/strong> C17H16N4O4<\/p>\n<p><strong>Otro nombre: <\/strong>Amarillo r\u00e1pido G<\/p>","protected":false},"featured_media":0,"template":"","meta":{"_acf_changed":false,"_gspb_post_css":""},"product_brand":[],"product_cat":[162,163],"product_tag":[],"class_list":{"0":"post-7483","1":"product","2":"type-product","3":"status-publish","5":"product_cat-for-inks","6":"product_cat-for-paints-and-coatings","8":"first","9":"instock","10":"shipping-taxable","11":"product-type-simple"},"acf":[],"_links":{"self":[{"href":"https:\/\/wpachem.com\/es\/wp-json\/wp\/v2\/product\/7483","targetHints":{"allow":["GET"]}}],"collection":[{"href":"https:\/\/wpachem.com\/es\/wp-json\/wp\/v2\/product"}],"about":[{"href":"https:\/\/wpachem.com\/es\/wp-json\/wp\/v2\/types\/product"}],"version-history":[{"count":0,"href":"https:\/\/wpachem.com\/es\/wp-json\/wp\/v2\/product\/7483\/revisions"}],"wp:attachment":[{"href":"https:\/\/wpachem.com\/es\/wp-json\/wp\/v2\/media?parent=7483"}],"wp:term":[{"taxonomy":"product_brand","embeddable":true,"href":"https:\/\/wpachem.com\/es\/wp-json\/wp\/v2\/product_brand?post=7483"},{"taxonomy":"product_cat","embeddable":true,"href":"https:\/\/wpachem.com\/es\/wp-json\/wp\/v2\/product_cat?post=7483"},{"taxonomy":"product_tag","embeddable":true,"href":"https:\/\/wpachem.com\/es\/wp-json\/wp\/v2\/product_tag?post=7483"}],"curies":[{"name":"wp","href":"https:\/\/api.w.org\/{rel}","templated":true}]}}