{"id":7484,"date":"2023-12-27T06:45:26","date_gmt":"2023-12-27T06:45:26","guid":{"rendered":"https:\/\/wpapigments.com\/?post_type=product&amp;p=5543"},"modified":"2023-12-27T06:45:26","modified_gmt":"2023-12-27T06:45:26","slug":"pigment-red-2-pigment-naphthol-red-f2r-p-r-2-cas-no-6041-94-7","status":"publish","type":"product","link":"https:\/\/wpachem.com\/es\/producto\/pigment-red-2-pigment-naphthol-red-f2r-p-r-2-cas-no-6041-94-7\/","title":{"rendered":"Pigmento rojo 2\/Pigmento rojo naftol F2R\/PR2 No. CAS 6041-94-7"},"content":{"rendered":"<p><b>Nombre del producto:<\/b><\/p>\n<p>El rojo naftol F2R, tambi\u00e9n conocido como rojo permanente FRR o colorante acr\u00edlico rojo permanente N\u00edger F2R, es un colorante sint\u00e9tico org\u00e1nico de uso com\u00fan.<\/p>\n<p><b>Personaje:<\/b><br \/>\n\u2013 Aspecto: El rojo naftol F2R existe en forma de polvo o cristal rojo.<br \/>\n\u2013 Solubilidad: El Rojo Naftol F2R es soluble en disolventes org\u00e1nicos, como alcoholes, cetonas y \u00e9steres, pero insoluble en agua.<br \/>\n\u2013 Estabilidad: El tinte es relativamente estable a la luz y al calor y tiene durabilidad.<\/p>\n<p><b>Propiedades f\u00edsicas y qu\u00edmicas:<\/b><\/p>\n<table width=\"753\">\n<tbody>\n<tr>\n<td colspan=\"2\" rowspan=\"2\" width=\"334\">\u7269\u5316\u6570\u636e<br \/>\nDatos f\u00edsicos<\/td>\n<td width=\"239\">\u6bd4\u91cd Densidad g\/CM3<\/td>\n<td width=\"180\">1.40-1.60<\/td>\n<\/tr>\n<tr>\n<td width=\"239\">\u5438\u6cb9\u91cf Aceite de Aborto ml\/100g<\/td>\n<td width=\"180\">30-60<\/td>\n<\/tr>\n<tr>\n<td colspan=\"2\" rowspan=\"7\" width=\"334\">\u7262\u5ea6\u6027\u80fd<br \/>\nPropiedades de solidez<\/td>\n<td width=\"239\">\u8010\u5149\u6027 Solidez a la luz<\/td>\n<td width=\"180\">4<\/td>\n<\/tr>\n<tr>\n<td width=\"239\">\u8010\u70ed\u6027 Resistencia al calor<\/td>\n<td width=\"180\">140<\/td>\n<\/tr>\n<tr>\n<td width=\"239\">\u8010\u6c34\u6027 Resistencia al agua<\/td>\n<td width=\"180\">5<\/td>\n<\/tr>\n<tr>\n<td width=\"239\">\u8010\u6cb9\u6027 Resistencia al aceite<\/td>\n<td width=\"180\">2<\/td>\n<\/tr>\n<tr>\n<td width=\"239\">\u8010\u9178\u6027 Resistencia a los \u00e1cidos<\/td>\n<td width=\"180\">5<\/td>\n<\/tr>\n<tr>\n<td width=\"239\">Resistencia a los \u00e1lcalis<\/td>\n<td width=\"180\">4<\/td>\n<\/tr>\n<tr>\n<td width=\"239\">\u8010\u9187\u6027Resistencia al alcohol<\/td>\n<td width=\"180\">4<\/td>\n<\/tr>\n<\/tbody>\n<\/table>\n<p>&nbsp;<\/p>\n<p><strong>Solicitud:<\/strong><\/p>\n<p>El Rojo Naftol F2R se puede usar como colorante y se usa ampliamente en textiles, pl\u00e1sticos, tintas y recubrimientos. Proporciona un color rojo duradero.<br \/>\n\u2013 En el te\u00f1ido de fibras, se utiliza a menudo para te\u00f1ir fibras naturales como el algod\u00f3n, el lino y la seda, as\u00ed como fibras sint\u00e9ticas como el poli\u00e9ster, el acr\u00edlico, etc.<\/p>\n<p>1) Uso de pintura: Recubrimiento decorativo, impresi\u00f3n textil, pintura a base de agua<\/p>\n<p>2) Tinta utilizada: Tinta offset, tinta a base de agua<\/p>","protected":false},"excerpt":{"rendered":"<p><strong>Nombre del producto:<\/strong> Rojo naftol F2R<\/p>\n<p><strong>Indice de color:<\/strong> PR2<\/p>\n<p><strong>Apariencia:<\/strong> polvo rojo<\/p>\n<p><strong>No CAS.:<\/strong> 6041-94-7<\/p>\n<p><strong>Otro nombre:\u00a0<\/strong>Permanent Red FRR, tinte acr\u00edlico rojo permanente N\u00edger F2R, es un tinte sint\u00e9tico org\u00e1nico de uso com\u00fan.<\/p>","protected":false},"featured_media":7616,"template":"","meta":{"_acf_changed":false,"_gspb_post_css":""},"product_brand":[],"product_cat":[162,163],"product_tag":[],"class_list":{"0":"post-7484","1":"product","2":"type-product","3":"status-publish","4":"has-post-thumbnail","6":"product_cat-for-inks","7":"product_cat-for-paints-and-coatings","9":"first","10":"instock","11":"shipping-taxable","12":"product-type-simple"},"acf":[],"_links":{"self":[{"href":"https:\/\/wpachem.com\/es\/wp-json\/wp\/v2\/product\/7484","targetHints":{"allow":["GET"]}}],"collection":[{"href":"https:\/\/wpachem.com\/es\/wp-json\/wp\/v2\/product"}],"about":[{"href":"https:\/\/wpachem.com\/es\/wp-json\/wp\/v2\/types\/product"}],"version-history":[{"count":0,"href":"https:\/\/wpachem.com\/es\/wp-json\/wp\/v2\/product\/7484\/revisions"}],"wp:featuredmedia":[{"embeddable":true,"href":"https:\/\/wpachem.com\/es\/wp-json\/wp\/v2\/media\/7616"}],"wp:attachment":[{"href":"https:\/\/wpachem.com\/es\/wp-json\/wp\/v2\/media?parent=7484"}],"wp:term":[{"taxonomy":"product_brand","embeddable":true,"href":"https:\/\/wpachem.com\/es\/wp-json\/wp\/v2\/product_brand?post=7484"},{"taxonomy":"product_cat","embeddable":true,"href":"https:\/\/wpachem.com\/es\/wp-json\/wp\/v2\/product_cat?post=7484"},{"taxonomy":"product_tag","embeddable":true,"href":"https:\/\/wpachem.com\/es\/wp-json\/wp\/v2\/product_tag?post=7484"}],"curies":[{"name":"wp","href":"https:\/\/api.w.org\/{rel}","templated":true}]}}