{"id":7485,"date":"2023-12-28T09:37:01","date_gmt":"2023-12-28T09:37:01","guid":{"rendered":"https:\/\/wpapigments.com\/?post_type=product&amp;p=5548"},"modified":"2023-12-28T09:37:01","modified_gmt":"2023-12-28T09:37:01","slug":"pigment-red-481-pigment-fast-red-bbn-p-r-481-cas-no-7585-41-3","status":"publish","type":"product","link":"https:\/\/wpachem.com\/es\/producto\/pigment-red-481-pigment-fast-red-bbn-p-r-481-cas-no-7585-41-3\/","title":{"rendered":"Pigmento rojo 48:1\/Pigmento rojo r\u00e1pido BBN\/PR48:1 No. CAS 7585-41-3"},"content":{"rendered":"<p><b>Nombre del producto:<\/b><\/p>\n<p>Luz roja r\u00e1pida 2B<br \/>\nBBN escarlata ligero y r\u00e1pido<br \/>\nBBN rojo resistente al sol<br \/>\nRojo brillante resistente a la luz BBN-P<br \/>\n3133 rojo permanente 2BN<br \/>\n3118 Sunfast rojo BBN<\/p>\n<p><b>Personaje:<\/b><br \/>\nEste producto es un polvo rojo amarillento con un fuerte poder colorante. Es insoluble en agua y etanol. Al disolverse en \u00e1cido sulf\u00farico y \u00e1cido n\u00edtrico concentrados, adquiere un color rojo p\u00farpura y rojo parduzco, respectivamente. Presenta buena resistencia a la luz y al calor.<\/p>\n<p><b>Propiedades f\u00edsicas y qu\u00edmicas:<\/b><\/p>\n<table width=\"753\">\n<tbody>\n<tr>\n<td colspan=\"2\" rowspan=\"2\" width=\"334\">\u7269\u5316\u6570\u636e<br \/>\nDatos f\u00edsicos<\/td>\n<td width=\"239\">\u6bd4\u91cd Densidad g\/CM3<\/td>\n<td width=\"180\">2.00-2.20<\/td>\n<\/tr>\n<tr>\n<td width=\"239\">\u5438\u6cb9\u91cf Aceite de Aborto ml\/100g<\/td>\n<td width=\"180\">25-60<\/td>\n<\/tr>\n<tr>\n<td colspan=\"2\" rowspan=\"7\" width=\"334\">\u7262\u5ea6\u6027\u80fd<br \/>\nPropiedades de solidez<\/td>\n<td width=\"239\">\u8010\u5149\u6027 Solidez a la luz<\/td>\n<td width=\"180\">4<\/td>\n<\/tr>\n<tr>\n<td width=\"239\">\u8010\u70ed\u6027 Resistencia al calor<\/td>\n<td width=\"180\">180<\/td>\n<\/tr>\n<tr>\n<td width=\"239\">\u8010\u6c34\u6027 Resistencia al agua<\/td>\n<td width=\"180\">5<\/td>\n<\/tr>\n<tr>\n<td width=\"239\">\u8010\u6cb9\u6027 Resistencia al aceite<\/td>\n<td width=\"180\">5<\/td>\n<\/tr>\n<tr>\n<td width=\"239\">\u8010\u9178\u6027 Resistencia a los \u00e1cidos<\/td>\n<td width=\"180\">4<\/td>\n<\/tr>\n<tr>\n<td width=\"239\">Resistencia a los \u00e1lcalis<\/td>\n<td width=\"180\">4<\/td>\n<\/tr>\n<tr>\n<td width=\"239\">\u8010\u9187\u6027Resistencia al alcohol<\/td>\n<td width=\"180\">3<\/td>\n<\/tr>\n<\/tbody>\n<\/table>\n<p>&nbsp;<\/p>\n<p><strong>Solicitud:<\/strong><\/p>\n<p>El pigmento rojo 48:1 es un pigmento com\u00fanmente utilizado en pinturas, tintas de impresi\u00f3n, pl\u00e1sticos, caucho, textiles y otros campos.<\/p>\n<p>1) Uso de pintura: pintura industrial, recubrimiento en polvo, pintura a base de agua<\/p>\n<p>2) Uso de pl\u00e1stico: PVC, PP, PE, PS, ABS, EVA, caucho<\/p>","protected":false},"excerpt":{"rendered":"<p><strong>Nombre del producto:<\/strong> BBN rojo r\u00e1pido<\/p>\n<p><strong>Indice de color:<\/strong> PR48:1<\/p>\n<p><strong>Apariencia:<\/strong> polvo rojo<\/p>\n<p><strong>No CAS.:<\/strong> 7585-41-3<\/p>\n<p><strong>Otro nombre:\u00a0<\/strong>Rojo resistente a la luz 2B\/Escarlata resistente a la luz BBN\/Rojo resistente al sol BBN<\/p>","protected":false},"featured_media":7616,"template":"","meta":{"_acf_changed":false,"_gspb_post_css":""},"product_brand":[],"product_cat":[161,163],"product_tag":[],"class_list":{"0":"post-7485","1":"product","2":"type-product","3":"status-publish","4":"has-post-thumbnail","6":"product_cat-for-plastics","7":"product_cat-for-paints-and-coatings","9":"first","10":"instock","11":"shipping-taxable","12":"product-type-simple"},"acf":[],"_links":{"self":[{"href":"https:\/\/wpachem.com\/es\/wp-json\/wp\/v2\/product\/7485","targetHints":{"allow":["GET"]}}],"collection":[{"href":"https:\/\/wpachem.com\/es\/wp-json\/wp\/v2\/product"}],"about":[{"href":"https:\/\/wpachem.com\/es\/wp-json\/wp\/v2\/types\/product"}],"version-history":[{"count":0,"href":"https:\/\/wpachem.com\/es\/wp-json\/wp\/v2\/product\/7485\/revisions"}],"wp:featuredmedia":[{"embeddable":true,"href":"https:\/\/wpachem.com\/es\/wp-json\/wp\/v2\/media\/7616"}],"wp:attachment":[{"href":"https:\/\/wpachem.com\/es\/wp-json\/wp\/v2\/media?parent=7485"}],"wp:term":[{"taxonomy":"product_brand","embeddable":true,"href":"https:\/\/wpachem.com\/es\/wp-json\/wp\/v2\/product_brand?post=7485"},{"taxonomy":"product_cat","embeddable":true,"href":"https:\/\/wpachem.com\/es\/wp-json\/wp\/v2\/product_cat?post=7485"},{"taxonomy":"product_tag","embeddable":true,"href":"https:\/\/wpachem.com\/es\/wp-json\/wp\/v2\/product_tag?post=7485"}],"curies":[{"name":"wp","href":"https:\/\/api.w.org\/{rel}","templated":true}]}}