{"id":7486,"date":"2023-12-29T06:42:20","date_gmt":"2023-12-29T06:42:20","guid":{"rendered":"https:\/\/wpapigments.com\/?post_type=product&amp;p=5551"},"modified":"2023-12-29T06:42:20","modified_gmt":"2023-12-29T06:42:20","slug":"pigment-red-482-pigment-fast-red-bbc-p-r-481-cas-no-7023-61-2","status":"publish","type":"product","link":"https:\/\/wpachem.com\/es\/producto\/pigment-red-482-pigment-fast-red-bbc-p-r-481-cas-no-7023-61-2\/","title":{"rendered":"Pigmento rojo 48:2\/Pigmento rojo r\u00e1pido \/PR48:2 No. CAS 7023-61-2"},"content":{"rendered":"<p><b>Nombre del producto:<\/b><\/p>\n<p>Rojo r\u00e1pido F5R<\/p>\n<p>PR48:2 CA ROJO 2B YS<\/p>\n<p>PR48:2 ROJO 2B BS<\/p>\n<p>PR48:2 YS PERMANENTE ROJO 2B<\/p>\n<p><b>Personaje:<\/b><br \/>\nPolvo rojo violeta con fuerte poder colorante. Es de color rojo p\u00farpura cuando entra en contacto con \u00e1cido sulf\u00farico concentrado y se vuelve un precipitado rojo azul despu\u00e9s de la diluci\u00f3n. Es de color marr\u00f3n rojizo cuando entra en contacto con \u00e1cido n\u00edtrico concentrado y rojo cuando entra en contacto con hidr\u00f3xido de sodio. Buena resistencia a la luz y al calor. Pobre resistencia a \u00e1cidos y \u00e1lcalis.<\/p>\n<p><b>Propiedades f\u00edsicas y qu\u00edmicas:<\/b><\/p>\n<table width=\"753\">\n<tbody>\n<tr>\n<td colspan=\"2\" rowspan=\"2\" width=\"334\">\u7269\u5316\u6570\u636e<br \/>\nDatos f\u00edsicos<\/td>\n<td width=\"239\">\u6bd4\u91cd Densidad g\/CM3<\/td>\n<td width=\"180\">1.50-1.70<\/td>\n<\/tr>\n<tr>\n<td width=\"239\">\u5438\u6cb9\u91cf Aceite de Aborto ml\/100g<\/td>\n<td width=\"180\">30-70<\/td>\n<\/tr>\n<tr>\n<td colspan=\"2\" rowspan=\"7\" width=\"334\">\u7262\u5ea6\u6027\u80fd<br \/>\nPropiedades de solidez<\/td>\n<td width=\"239\">\u8010\u5149\u6027 Solidez a la luz<\/td>\n<td width=\"180\">4<\/td>\n<\/tr>\n<tr>\n<td width=\"239\">\u8010\u70ed\u6027 Resistencia al calor<\/td>\n<td width=\"180\">180<\/td>\n<\/tr>\n<tr>\n<td width=\"239\">\u8010\u6c34\u6027 Resistencia al agua<\/td>\n<td width=\"180\">5<\/td>\n<\/tr>\n<tr>\n<td width=\"239\">\u8010\u6cb9\u6027 Resistencia al aceite<\/td>\n<td width=\"180\">5<\/td>\n<\/tr>\n<tr>\n<td width=\"239\">\u8010\u9178\u6027 Resistencia a los \u00e1cidos<\/td>\n<td width=\"180\">3<\/td>\n<\/tr>\n<tr>\n<td width=\"239\">Resistencia a los \u00e1lcalis<\/td>\n<td width=\"180\">3<\/td>\n<\/tr>\n<tr>\n<td width=\"239\">\u8010\u9187\u6027Resistencia al alcohol<\/td>\n<td width=\"180\">4<\/td>\n<\/tr>\n<\/tbody>\n<\/table>\n<p>&nbsp;<\/p>\n<p><strong>Solicitud:<\/strong><\/p>\n<p>El pigmento rojo 48:1 es un pigmento com\u00fanmente utilizado en pinturas, tintas de impresi\u00f3n, pl\u00e1sticos, caucho, textiles y otros campos.<\/p>\n<p>1) Uso de pintura: pintura industrial, recubrimiento en polvo, recubrimiento decorativo, impresi\u00f3n textil, pintura a base de agua<\/p>\n<p>2) Uso de pl\u00e1stico: PVC, PP, PE, PS, ABS, EVA, caucho<\/p>\n<p>3) Uso de tinta: tinta offset, tinta a base de agua, tinta a base de solvente<\/p>","protected":false},"excerpt":{"rendered":"<p><strong>Nombre del producto:<\/strong> BBC roja r\u00e1pida<\/p>\n<p><strong>Indice de color:<\/strong> PR48:2<\/p>\n<p><strong>Apariencia:<\/strong> polvo rojo<\/p>\n<p><strong>No CAS.:<\/strong> 7023-61-2<\/p>\n<p><strong>Otro nombre:<\/strong>Rojo r\u00e1pido F5R\/PR48:2 CA ROJO 2B YS\/PR48:2 ROJO 2B BS\/PR48:2 YS ROJO PERMANENTE 2B<\/p>","protected":false},"featured_media":7616,"template":"","meta":{"_acf_changed":false,"_gspb_post_css":""},"product_brand":[],"product_cat":[161,162,163],"product_tag":[],"class_list":{"0":"post-7486","1":"product","2":"type-product","3":"status-publish","4":"has-post-thumbnail","6":"product_cat-for-plastics","7":"product_cat-for-inks","8":"product_cat-for-paints-and-coatings","10":"first","11":"instock","12":"shipping-taxable","13":"product-type-simple"},"acf":[],"_links":{"self":[{"href":"https:\/\/wpachem.com\/es\/wp-json\/wp\/v2\/product\/7486","targetHints":{"allow":["GET"]}}],"collection":[{"href":"https:\/\/wpachem.com\/es\/wp-json\/wp\/v2\/product"}],"about":[{"href":"https:\/\/wpachem.com\/es\/wp-json\/wp\/v2\/types\/product"}],"version-history":[{"count":0,"href":"https:\/\/wpachem.com\/es\/wp-json\/wp\/v2\/product\/7486\/revisions"}],"wp:featuredmedia":[{"embeddable":true,"href":"https:\/\/wpachem.com\/es\/wp-json\/wp\/v2\/media\/7616"}],"wp:attachment":[{"href":"https:\/\/wpachem.com\/es\/wp-json\/wp\/v2\/media?parent=7486"}],"wp:term":[{"taxonomy":"product_brand","embeddable":true,"href":"https:\/\/wpachem.com\/es\/wp-json\/wp\/v2\/product_brand?post=7486"},{"taxonomy":"product_cat","embeddable":true,"href":"https:\/\/wpachem.com\/es\/wp-json\/wp\/v2\/product_cat?post=7486"},{"taxonomy":"product_tag","embeddable":true,"href":"https:\/\/wpachem.com\/es\/wp-json\/wp\/v2\/product_tag?post=7486"}],"curies":[{"name":"wp","href":"https:\/\/api.w.org\/{rel}","templated":true}]}}