{"id":7487,"date":"2024-01-02T09:40:33","date_gmt":"2024-01-02T09:40:33","guid":{"rendered":"https:\/\/wpapigments.com\/?post_type=product&amp;p=5559"},"modified":"2024-01-02T09:40:33","modified_gmt":"2024-01-02T09:40:33","slug":"pigment-red-483-pigment-fast-red-2bsp-p-r-483-cas-no-15782-05-5","status":"publish","type":"product","link":"https:\/\/wpachem.com\/es\/producto\/pigment-red-483-pigment-fast-red-2bsp-p-r-483-cas-no-15782-05-5\/","title":{"rendered":"Pigmento rojo 48:3\/Pigmento rojo r\u00e1pido 2BSP\/PR48:3 No. CAS 15782-05-5"},"content":{"rendered":"<p><b>Nombre del producto:<\/b><\/p>\n<p>Rojo 2BS;CI 15865:3<\/p>\n<p>CIPIGMENTO ROJO 48:3<\/p>\n<p>pigmento rojo 48:3<\/p>\n<p>3124 BBS rojo r\u00e1pido<\/p>\n<p>Pigmento rojo t\u00f3ner 2B<\/p>\n<p>PR48:3 ROJO 2B ESTRONCIO<\/p>\n<p><b>Personaje:<\/b><br \/>\nEl Pigmento Rojo 48:3 (CAS 15782-05-5) es un colorante organomet\u00e1lico vers\u00e1til utilizado en pl\u00e1sticos y envases de alimentos. El polietileno tratado con el Pigmento Rojo 48:3 mostr\u00f3 una menor eficiencia de reticulaci\u00f3n fotoiniciada.<\/p>\n<p><b>Propiedades f\u00edsicas y qu\u00edmicas:<\/b><\/p>\n<table width=\"753\">\n<tbody>\n<tr>\n<td colspan=\"2\" rowspan=\"2\" width=\"334\">\u7269\u5316\u6570\u636e<br \/>\nDatos f\u00edsicos<\/td>\n<td width=\"239\">\u6bd4\u91cd Densidad g\/CM3<\/td>\n<td width=\"180\">1.60-1.90<\/td>\n<\/tr>\n<tr>\n<td width=\"239\">\u5438\u6cb9\u91cf Aceite de Aborto ml\/100g<\/td>\n<td width=\"180\">40-70<\/td>\n<\/tr>\n<tr>\n<td colspan=\"2\" rowspan=\"7\" width=\"334\">\u7262\u5ea6\u6027\u80fd<br \/>\nPropiedades de solidez<\/td>\n<td width=\"239\">\u8010\u5149\u6027 Solidez a la luz<\/td>\n<td width=\"180\">5<\/td>\n<\/tr>\n<tr>\n<td width=\"239\">\u8010\u70ed\u6027 Resistencia al calor<\/td>\n<td width=\"180\">200<\/td>\n<\/tr>\n<tr>\n<td width=\"239\">\u8010\u6c34\u6027 Resistencia al agua<\/td>\n<td width=\"180\">5<\/td>\n<\/tr>\n<tr>\n<td width=\"239\">\u8010\u6cb9\u6027 Resistencia al aceite<\/td>\n<td width=\"180\">5<\/td>\n<\/tr>\n<tr>\n<td width=\"239\">\u8010\u9178\u6027 Resistencia a los \u00e1cidos<\/td>\n<td width=\"180\">3<\/td>\n<\/tr>\n<tr>\n<td width=\"239\">Resistencia a los \u00e1lcalis<\/td>\n<td width=\"180\">3<\/td>\n<\/tr>\n<tr>\n<td width=\"239\">\u8010\u9187\u6027Resistencia al alcohol<\/td>\n<td width=\"180\">4<\/td>\n<\/tr>\n<\/tbody>\n<\/table>\n<p>&nbsp;<\/p>\n<p><strong>Solicitud:<\/strong><\/p>\n<p>El pigmento rojo 48:1 es un pigmento com\u00fanmente utilizado en pinturas, tintas de impresi\u00f3n, pl\u00e1sticos, caucho, textiles y otros campos.<\/p>\n<p>1) Uso de pintura: Recubrimiento en polvo, recubrimiento decorativo, impresi\u00f3n textil<\/p>\n<p>2) Uso de pl\u00e1stico: PVC, PP, PE, PS, ABS, EVA, caucho<\/p>\n<p>3) Uso de tinta: tinta offset, tinta a base de agua, tinta a base de solvente<\/p>","protected":false},"excerpt":{"rendered":"<p><strong>Nombre del producto:<\/strong> Rojo r\u00e1pido 2BSP<\/p>\n<p><strong>Indice de color:<\/strong> PR48:3<\/p>\n<p><strong>Apariencia:<\/strong> polvo rojo<\/p>\n<p><strong>No CAS.:<\/strong> 15782-05-5<\/p>\n<p><strong>Otro nombre:<\/strong>Rojo 2BS;CI 15865:3\/CIPIGMENTRED48:3\/pigmento rojo 48:3\/3124 Rojo r\u00e1pido BBS\/Pigmento rojo Tonner 2B\/PR48:3 ROJO 2B ESTRONCIO<\/p>","protected":false},"featured_media":7616,"template":"","meta":{"_acf_changed":false,"_gspb_post_css":""},"product_brand":[],"product_cat":[161,162,163],"product_tag":[],"class_list":{"0":"post-7487","1":"product","2":"type-product","3":"status-publish","4":"has-post-thumbnail","6":"product_cat-for-plastics","7":"product_cat-for-inks","8":"product_cat-for-paints-and-coatings","10":"first","11":"instock","12":"shipping-taxable","13":"product-type-simple"},"acf":[],"_links":{"self":[{"href":"https:\/\/wpachem.com\/es\/wp-json\/wp\/v2\/product\/7487","targetHints":{"allow":["GET"]}}],"collection":[{"href":"https:\/\/wpachem.com\/es\/wp-json\/wp\/v2\/product"}],"about":[{"href":"https:\/\/wpachem.com\/es\/wp-json\/wp\/v2\/types\/product"}],"version-history":[{"count":0,"href":"https:\/\/wpachem.com\/es\/wp-json\/wp\/v2\/product\/7487\/revisions"}],"wp:featuredmedia":[{"embeddable":true,"href":"https:\/\/wpachem.com\/es\/wp-json\/wp\/v2\/media\/7616"}],"wp:attachment":[{"href":"https:\/\/wpachem.com\/es\/wp-json\/wp\/v2\/media?parent=7487"}],"wp:term":[{"taxonomy":"product_brand","embeddable":true,"href":"https:\/\/wpachem.com\/es\/wp-json\/wp\/v2\/product_brand?post=7487"},{"taxonomy":"product_cat","embeddable":true,"href":"https:\/\/wpachem.com\/es\/wp-json\/wp\/v2\/product_cat?post=7487"},{"taxonomy":"product_tag","embeddable":true,"href":"https:\/\/wpachem.com\/es\/wp-json\/wp\/v2\/product_tag?post=7487"}],"curies":[{"name":"wp","href":"https:\/\/api.w.org\/{rel}","templated":true}]}}