{"id":7488,"date":"2024-01-02T09:51:35","date_gmt":"2024-01-02T09:51:35","guid":{"rendered":"https:\/\/wpapigments.com\/?post_type=product&amp;p=5561"},"modified":"2024-01-02T09:51:35","modified_gmt":"2024-01-02T09:51:35","slug":"pigment-484-pigment-fast-red-bbm-p-r-484-cas-no-5280-66-0","status":"publish","type":"product","link":"https:\/\/wpachem.com\/es\/producto\/pigment-484-pigment-fast-red-bbm-p-r-484-cas-no-5280-66-0\/","title":{"rendered":"Pigmento 48:4\/Pigmento rojo r\u00e1pido BBM\/PR48:4 No. CAS 5280-66-0"},"content":{"rendered":"<p><b>Nombre del producto:<\/b><\/p>\n<p>CI 15865:4;<\/p>\n<p>Rojo r\u00e1pido 2BL;<\/p>\n<p>Rojo r\u00e1pido 2BM;<\/p>\n<p>Pigmento Rojo FBL;<\/p>\n<p>Pigmento rojo H2BA;<\/p>\n<p>pigmento rojo 48:4;<\/p>\n<p>Rojo manganeso 2B;<\/p>\n<p>BB Extra Rojo Permanente;<\/p>\n<p>PR48:4 MANGANESO ROJO 2B;<\/p>\n<p>Pigmento \u2014 Pigmento rojo 48:4<\/p>\n<p><b>Personaje:<\/b><br \/>\nEl pigmento rojo 48:4 es un colorante complejo de manganeso, en polvo rojo, con excelente resistencia a la luz y al calor y poca resistencia a los \u00e1cidos y \u00e1lcalis. Se utiliza principalmente para colorear tintas, pl\u00e1sticos, revestimientos, suministros culturales y educativos e impresi\u00f3n de pintura.<\/p>\n<p><b>Propiedades f\u00edsicas y qu\u00edmicas:<\/b><\/p>\n<table width=\"753\">\n<tbody>\n<tr>\n<td colspan=\"2\" rowspan=\"2\" width=\"334\">\u7269\u5316\u6570\u636e<br \/>\nDatos f\u00edsicos<\/td>\n<td width=\"239\">\u6bd4\u91cd Densidad g\/CM3<\/td>\n<td width=\"180\">1.60-1.80<\/td>\n<\/tr>\n<tr>\n<td width=\"239\">\u5438\u6cb9\u91cf Aceite de Aborto ml\/100g<\/td>\n<td width=\"180\">30-60<\/td>\n<\/tr>\n<tr>\n<td colspan=\"2\" rowspan=\"7\" width=\"334\">\u7262\u5ea6\u6027\u80fd<br \/>\nPropiedades de solidez<\/td>\n<td width=\"239\">\u8010\u5149\u6027 Solidez a la luz<\/td>\n<td width=\"180\">4<\/td>\n<\/tr>\n<tr>\n<td width=\"239\">\u8010\u70ed\u6027 Resistencia al calor<\/td>\n<td width=\"180\">180<\/td>\n<\/tr>\n<tr>\n<td width=\"239\">\u8010\u6c34\u6027 Resistencia al agua<\/td>\n<td width=\"180\">5<\/td>\n<\/tr>\n<tr>\n<td width=\"239\">\u8010\u6cb9\u6027 Resistencia al aceite<\/td>\n<td width=\"180\">4<\/td>\n<\/tr>\n<tr>\n<td width=\"239\">\u8010\u9178\u6027 Resistencia a los \u00e1cidos<\/td>\n<td width=\"180\">3<\/td>\n<\/tr>\n<tr>\n<td width=\"239\">Resistencia a los \u00e1lcalis<\/td>\n<td width=\"180\">4<\/td>\n<\/tr>\n<tr>\n<td width=\"239\">\u8010\u9187\u6027Resistencia al alcohol<\/td>\n<td width=\"180\">4<\/td>\n<\/tr>\n<\/tbody>\n<\/table>\n<p>&nbsp;<\/p>\n<p><strong>Solicitud:<\/strong><\/p>\n<p>El pigmento rojo 48:4 se utiliza com\u00fanmente en tintas colorantes, pl\u00e1sticos, revestimientos, suministros culturales y educativos e impresi\u00f3n de pintura.<\/p>\n<p>1) Uso de pintura: pintura industrial, recubrimiento en polvo, recubrimiento decorativo, impresi\u00f3n textil, pintura a base de agua<\/p>\n<p>2) Uso de pl\u00e1stico: PVC, PP, PE, PS, ABS, EVA, caucho<\/p>\n<p>3) Uso de tinta: tinta offset, tinta a base de agua, tinta a base de solvente<\/p>","protected":false},"excerpt":{"rendered":"<p><strong>Nombre del producto:<\/strong> BBM rojo r\u00e1pido<\/p>\n<p><strong>Indice de color:<\/strong> PR48:4<\/p>\n<p><strong>Apariencia:<\/strong> polvo rojo<\/p>\n<p><strong>No CAS.:<\/strong> 5280-66-0<\/p>\n<p><strong>Otro nombre:<\/strong><\/p>\n<p>CI 15865:4;<\/p>\n<p>Rojo r\u00e1pido 2BL;<\/p>\n<p>Rojo r\u00e1pido 2BM;<\/p>\n<p>Pigmento Rojo FBL;<\/p>\n<p>Pigmento rojo H2BA;<\/p>\n<p>pigmento rojo 48:4;<\/p>\n<p>Rojo manganeso 2B;<\/p>\n<p>BB Extra Rojo Permanente;<\/p>\n<p>PR48:4 MANGANESO ROJO 2B;<\/p>\n<p>Pigmento \u2014 Pigmento rojo 48:4<\/p>","protected":false},"featured_media":7616,"template":"","meta":{"_acf_changed":false,"_gspb_post_css":""},"product_brand":[],"product_cat":[161,162,163],"product_tag":[],"class_list":{"0":"post-7488","1":"product","2":"type-product","3":"status-publish","4":"has-post-thumbnail","6":"product_cat-for-plastics","7":"product_cat-for-inks","8":"product_cat-for-paints-and-coatings","10":"first","11":"instock","12":"shipping-taxable","13":"product-type-simple"},"acf":[],"_links":{"self":[{"href":"https:\/\/wpachem.com\/es\/wp-json\/wp\/v2\/product\/7488","targetHints":{"allow":["GET"]}}],"collection":[{"href":"https:\/\/wpachem.com\/es\/wp-json\/wp\/v2\/product"}],"about":[{"href":"https:\/\/wpachem.com\/es\/wp-json\/wp\/v2\/types\/product"}],"version-history":[{"count":0,"href":"https:\/\/wpachem.com\/es\/wp-json\/wp\/v2\/product\/7488\/revisions"}],"wp:featuredmedia":[{"embeddable":true,"href":"https:\/\/wpachem.com\/es\/wp-json\/wp\/v2\/media\/7616"}],"wp:attachment":[{"href":"https:\/\/wpachem.com\/es\/wp-json\/wp\/v2\/media?parent=7488"}],"wp:term":[{"taxonomy":"product_brand","embeddable":true,"href":"https:\/\/wpachem.com\/es\/wp-json\/wp\/v2\/product_brand?post=7488"},{"taxonomy":"product_cat","embeddable":true,"href":"https:\/\/wpachem.com\/es\/wp-json\/wp\/v2\/product_cat?post=7488"},{"taxonomy":"product_tag","embeddable":true,"href":"https:\/\/wpachem.com\/es\/wp-json\/wp\/v2\/product_tag?post=7488"}],"curies":[{"name":"wp","href":"https:\/\/api.w.org\/{rel}","templated":true}]}}