{"id":7489,"date":"2024-01-03T08:46:38","date_gmt":"2024-01-03T08:46:38","guid":{"rendered":"https:\/\/wpapigments.com\/?post_type=product&amp;p=5564"},"modified":"2024-01-03T08:46:38","modified_gmt":"2024-01-03T08:46:38","slug":"pigment-yellow-3-p-y-3-cas-no-6486-23-3","status":"publish","type":"product","link":"https:\/\/wpachem.com\/es\/producto\/pigment-yellow-3-p-y-3-cas-no-6486-23-3\/","title":{"rendered":"Pigmento amarillo 3\/ PY 3 No. CAS 6486-23-3"},"content":{"rendered":"<p><strong>Caracter\u00edstica<\/strong><\/p>\n<p><strong><b>Propiedades del hombre<\/b><\/strong>:Transparente, Alta resistencia<\/p>\n<p><strong><b>Solicitud:<\/b><\/strong><\/p>\n<p>El pigmento amarillo 3 se utiliza para pintura de secado autom\u00e1tico al aire, pintura de l\u00e1tex, pasta de impresi\u00f3n de pintura y tinta de embalaje, jab\u00f3n, coloraci\u00f3n de papeler\u00eda, pero no es adecuado para coloraci\u00f3n de pl\u00e1stico, se utiliza principalmente para coloraci\u00f3n de pintura, tinta, impresi\u00f3n de pintura, suministros culturales y educativos y productos pl\u00e1sticos.<\/p>\n<p>1) <strong><b>Pintar usando<\/b><\/strong>Pintura industrial, recubrimiento en polvo, recubrimiento decorativo, impresi\u00f3n textil, pintura al agua<\/p>\n<p>2) <strong><b>Uso de tinta<\/b><\/strong>:Tinta offset, Tinta base agua, Tinta base solvente.<\/p>","protected":false},"excerpt":{"rendered":"<p><strong>Nombre del producto:<\/strong>\u00a0Amarillo r\u00e1pido 10G<\/p>\n<p><strong>Indice de color:<\/strong>\u00a0A\u00f1o 3<\/p>\n<p><strong>Apariencia:<\/strong>\u00a0polvo amarillo<\/p>\n<p><strong>No CAS.:<\/strong>\u00a06486-23-3<\/p>\n<p><strong>Otro nombre:\u00a0<\/strong>Hansagelb10G\/pigmento amarillo 3<\/p>","protected":false},"featured_media":7620,"template":"","meta":{"_acf_changed":false,"_gspb_post_css":""},"product_brand":[],"product_cat":[162,163,70],"product_tag":[],"class_list":{"0":"post-7489","1":"product","2":"type-product","3":"status-publish","4":"has-post-thumbnail","6":"product_cat-for-inks","7":"product_cat-for-paints-and-coatings","8":"product_cat-organic-pigment","10":"first","11":"instock","12":"shipping-taxable","13":"product-type-simple"},"acf":[],"_links":{"self":[{"href":"https:\/\/wpachem.com\/es\/wp-json\/wp\/v2\/product\/7489","targetHints":{"allow":["GET"]}}],"collection":[{"href":"https:\/\/wpachem.com\/es\/wp-json\/wp\/v2\/product"}],"about":[{"href":"https:\/\/wpachem.com\/es\/wp-json\/wp\/v2\/types\/product"}],"version-history":[{"count":0,"href":"https:\/\/wpachem.com\/es\/wp-json\/wp\/v2\/product\/7489\/revisions"}],"wp:featuredmedia":[{"embeddable":true,"href":"https:\/\/wpachem.com\/es\/wp-json\/wp\/v2\/media\/7620"}],"wp:attachment":[{"href":"https:\/\/wpachem.com\/es\/wp-json\/wp\/v2\/media?parent=7489"}],"wp:term":[{"taxonomy":"product_brand","embeddable":true,"href":"https:\/\/wpachem.com\/es\/wp-json\/wp\/v2\/product_brand?post=7489"},{"taxonomy":"product_cat","embeddable":true,"href":"https:\/\/wpachem.com\/es\/wp-json\/wp\/v2\/product_cat?post=7489"},{"taxonomy":"product_tag","embeddable":true,"href":"https:\/\/wpachem.com\/es\/wp-json\/wp\/v2\/product_tag?post=7489"}],"curies":[{"name":"wp","href":"https:\/\/api.w.org\/{rel}","templated":true}]}}