{"id":7492,"date":"2024-01-03T09:13:09","date_gmt":"2024-01-03T09:13:09","guid":{"rendered":"https:\/\/wpapigments.com\/?post_type=product&amp;p=5575"},"modified":"2024-01-03T09:13:09","modified_gmt":"2024-01-03T09:13:09","slug":"pigment-491-pigment-lithol-scarlet-red-r-p-r-491-cas-no-1103-38-4","status":"publish","type":"product","link":"https:\/\/wpachem.com\/es\/producto\/pigment-491-pigment-lithol-scarlet-red-r-p-r-491-cas-no-1103-38-4\/","title":{"rendered":"Pigmento 49:1\/Pigmento Litol Rojo Escarlata R\/PR49:1 No. CAS 1103-38-4"},"content":{"rendered":"<p><b>Nombre del producto:<\/b><\/p>\n<p>Rojo escarlata lithol R\/PR49:1<\/p>\n<p><b>Personaje:<\/b><br \/>\nEl pigmento rojo 49:1 es un polvo rojo con un fuerte poder colorante pero un poder cubriente bajo. Ligeramente soluble en agua caliente, etanol, acetona y soluci\u00f3n de hidr\u00f3xido de sodio. Cuando es soluble en \u00e1cido sulf\u00farico, se vuelve violeta lineal. Cuando se diluye, cambia a violeta rojizo y luego se convierte en un precipitado marr\u00f3n rojizo. Cuando se expone al \u00e1cido n\u00edtrico, se convierte en una soluci\u00f3n marr\u00f3n rojiza. Las dem\u00e1s propiedades son normales.<\/p>\n<p><b>Propiedades f\u00edsicas y qu\u00edmicas:<\/b><\/p>\n<table width=\"753\">\n<tbody>\n<tr>\n<td colspan=\"2\" rowspan=\"2\" width=\"334\">\u7269\u5316\u6570\u636e<br \/>\nDatos f\u00edsicos<\/td>\n<td width=\"239\">\u6bd4\u91cd Densidad g\/CM3<\/td>\n<td width=\"180\">1.60-1.80<\/td>\n<\/tr>\n<tr>\n<td width=\"239\">\u5438\u6cb9\u91cf Aceite de Aborto ml\/100g<\/td>\n<td width=\"180\">30-70<\/td>\n<\/tr>\n<tr>\n<td colspan=\"2\" rowspan=\"7\" width=\"334\">\u7262\u5ea6\u6027\u80fd<br \/>\nPropiedades de solidez<\/td>\n<td width=\"239\">\u8010\u5149\u6027 Solidez a la luz<\/td>\n<td width=\"180\">3<\/td>\n<\/tr>\n<tr>\n<td width=\"239\">\u8010\u70ed\u6027 Resistencia al calor<\/td>\n<td width=\"180\">160<\/td>\n<\/tr>\n<tr>\n<td width=\"239\">\u8010\u6c34\u6027 Resistencia al agua<\/td>\n<td width=\"180\">5<\/td>\n<\/tr>\n<tr>\n<td width=\"239\">\u8010\u6cb9\u6027 Resistencia al aceite<\/td>\n<td width=\"180\">5<\/td>\n<\/tr>\n<tr>\n<td width=\"239\">\u8010\u9178\u6027 Resistencia a los \u00e1cidos<\/td>\n<td width=\"180\">3<\/td>\n<\/tr>\n<tr>\n<td width=\"239\">Resistencia a los \u00e1lcalis<\/td>\n<td width=\"180\">3<\/td>\n<\/tr>\n<tr>\n<td width=\"239\">\u8010\u9187\u6027Resistencia al alcohol<\/td>\n<td width=\"180\">4<\/td>\n<\/tr>\n<\/tbody>\n<\/table>\n<p>&nbsp;<\/p>\n<p><strong>Solicitud:<\/strong><\/p>\n<p>El pigmento rojo 49:1 se utiliza principalmente para colorear tintas de impresi\u00f3n, especialmente para tintas de huecograbado para publicaciones. La forma de dosificaci\u00f3n resinizada puede reducir el fen\u00f3meno del brillo del cobre; la forma de dosificaci\u00f3n especial es adecuada para tintas de impresi\u00f3n a base de agua.<\/p>\n<p>1) Uso de pintura: Recubrimiento en polvo, recubrimiento decorativo, impresi\u00f3n textil, pintura a base de agua<\/p>\n<p>2) Tinta utilizada: tinta offset, tinta a base de agua, tinta UV, tinta a base de solvente<\/p>","protected":false},"excerpt":{"rendered":"<p><strong>Nombre del producto:<\/strong> Lithol Rojo Escarlata R<\/p>\n<p><strong>Indice de color:<\/strong> PR49:1<\/p>\n<p><strong>Apariencia:<\/strong> polvo rojo<\/p>\n<p><strong>No CAS.:<\/strong> 1103-38-4<\/p>\n<p><strong>Otro nombre:<\/strong><\/p>\n<p>PIGMENTOROJO49:1;<\/p>\n<p>Sal de bario del \u00e1cido 2-(2-hidroxi-1-naftilazo)-1-naftalenosulf\u00f3nico (2:1);<\/p>\n<p>litolredba;<\/p>\n<p>Bis[2-[(2-hidroxinaftil)azo]naftalenosulfonato de bario];<\/p>\n<p>Bis[2-(2-hidroxi-1-naftilazo)-1-naftalenosulfonato] de bario;<\/p>\n<p>D&amp;CRedNo.12;<\/p>\n<p>PigmentoRojo49(Ba);<\/p>\n<p>PR49:1Bario-litol<\/p>","protected":false},"featured_media":7616,"template":"","meta":{"_acf_changed":false,"_gspb_post_css":""},"product_brand":[],"product_cat":[162,163],"product_tag":[],"class_list":{"0":"post-7492","1":"product","2":"type-product","3":"status-publish","4":"has-post-thumbnail","6":"product_cat-for-inks","7":"product_cat-for-paints-and-coatings","9":"first","10":"instock","11":"shipping-taxable","12":"product-type-simple"},"acf":[],"_links":{"self":[{"href":"https:\/\/wpachem.com\/es\/wp-json\/wp\/v2\/product\/7492","targetHints":{"allow":["GET"]}}],"collection":[{"href":"https:\/\/wpachem.com\/es\/wp-json\/wp\/v2\/product"}],"about":[{"href":"https:\/\/wpachem.com\/es\/wp-json\/wp\/v2\/types\/product"}],"version-history":[{"count":0,"href":"https:\/\/wpachem.com\/es\/wp-json\/wp\/v2\/product\/7492\/revisions"}],"wp:featuredmedia":[{"embeddable":true,"href":"https:\/\/wpachem.com\/es\/wp-json\/wp\/v2\/media\/7616"}],"wp:attachment":[{"href":"https:\/\/wpachem.com\/es\/wp-json\/wp\/v2\/media?parent=7492"}],"wp:term":[{"taxonomy":"product_brand","embeddable":true,"href":"https:\/\/wpachem.com\/es\/wp-json\/wp\/v2\/product_brand?post=7492"},{"taxonomy":"product_cat","embeddable":true,"href":"https:\/\/wpachem.com\/es\/wp-json\/wp\/v2\/product_cat?post=7492"},{"taxonomy":"product_tag","embeddable":true,"href":"https:\/\/wpachem.com\/es\/wp-json\/wp\/v2\/product_tag?post=7492"}],"curies":[{"name":"wp","href":"https:\/\/api.w.org\/{rel}","templated":true}]}}