{"id":7495,"date":"2024-01-03T09:26:38","date_gmt":"2024-01-03T09:26:38","guid":{"rendered":"https:\/\/wpapigments.com\/?post_type=product&amp;p=5581"},"modified":"2024-01-03T09:26:38","modified_gmt":"2024-01-03T09:26:38","slug":"pigment-531-pigment-lake-red-c-p-r-531-cas-no-5160-02-1","status":"publish","type":"product","link":"https:\/\/wpachem.com\/es\/producto\/pigment-531-pigment-lake-red-c-p-r-531-cas-no-5160-02-1\/","title":{"rendered":"Pigmento 53:1\/Pigmento rojo laca C\/PR53:1 No. CAS 5160-02-1"},"content":{"rendered":"<p><b>Nombre del producto:<\/b><\/p>\n<p>Pigmento Lago Rojo C\/PR53:1<\/p>\n<p><b>Personaje:<\/b><br \/>\nEste producto es un polvo de color rojo amarillento con un color brillante y una luz dorada intensa. La luz dorada es duradera y fuerte, y la tinta tiene buena fluidez. Buena resistencia a la luz y al calor. Insoluble en acetona, ligeramente soluble en agua con etanol y cambia de color cuando se expone a \u00e1cido sulf\u00farico concentrado e hidr\u00f3xido de sodio concentrado.<\/p>\n<p><b>Propiedades f\u00edsicas y qu\u00edmicas:<\/b><\/p>\n<table width=\"753\">\n<tbody>\n<tr>\n<td colspan=\"2\" rowspan=\"2\" width=\"334\">\u7269\u5316\u6570\u636e<br \/>\nDatos f\u00edsicos<\/td>\n<td width=\"239\">\u6bd4\u91cd Densidad g\/CM3<\/td>\n<td width=\"180\">1.70-1.90<\/td>\n<\/tr>\n<tr>\n<td width=\"239\">\u5438\u6cb9\u91cf Aceite de Aborto ml\/100g<\/td>\n<td width=\"180\">40-60<\/td>\n<\/tr>\n<tr>\n<td colspan=\"2\" rowspan=\"7\" width=\"334\">\u7262\u5ea6\u6027\u80fd<br \/>\nPropiedades de solidez<\/td>\n<td width=\"239\">\u8010\u5149\u6027 Solidez a la luz<\/td>\n<td width=\"180\">3<\/td>\n<\/tr>\n<tr>\n<td width=\"239\">\u8010\u70ed\u6027 Resistencia al calor<\/td>\n<td width=\"180\">160<\/td>\n<\/tr>\n<tr>\n<td width=\"239\">\u8010\u6c34\u6027 Resistencia al agua<\/td>\n<td width=\"180\">5<\/td>\n<\/tr>\n<tr>\n<td width=\"239\">\u8010\u6cb9\u6027 Resistencia al aceite<\/td>\n<td width=\"180\">5<\/td>\n<\/tr>\n<tr>\n<td width=\"239\">\u8010\u9178\u6027 Resistencia a los \u00e1cidos<\/td>\n<td width=\"180\">3<\/td>\n<\/tr>\n<tr>\n<td width=\"239\">Resistencia a los \u00e1lcalis<\/td>\n<td width=\"180\">3<\/td>\n<\/tr>\n<tr>\n<td width=\"239\">\u8010\u9187\u6027Resistencia al alcohol<\/td>\n<td width=\"180\">4<\/td>\n<\/tr>\n<\/tbody>\n<\/table>\n<p>&nbsp;<\/p>\n<p><strong>Solicitud:<\/strong><\/p>\n<p>El pigmento rojo 53:1 se utiliza principalmente para colorear tintas, productos de caucho y c\u00e1maras de aire de bicicletas. Tambi\u00e9n se utiliza para colorear suministros culturales, educativos y pl\u00e1sticos. La estructura del rojo caucho LC es la misma que la del rojo dorado C, pero su proceso de s\u00edntesis consiste en preparar directamente la salmuera de bario despu\u00e9s del acoplamiento. El producto es de color amarillo claro brillante, con textura suave, fuerte poder colorante, buena resistencia al calor, sin decoloraci\u00f3n y sin migraci\u00f3n. Se utiliza principalmente para colorear caucho, cables y productos pl\u00e1sticos.<\/p>\n<p>1) Uso de pintura: pintura industrial, recubrimiento en polvo, recubrimiento decorativo, impresi\u00f3n textil, pintura a base de agua<\/p>\n<p>2) Uso de pl\u00e1stico: PVC, PP, PE, PS, ABS<\/p>\n<p>3) Uso de tinta: tinta offset, tinta a base de agua, tinta a base de solvente<\/p>","protected":false},"excerpt":{"rendered":"<p><strong>Nombre del producto:<\/strong> Lago Rojo C<\/p>\n<p><strong>Indice de color:<\/strong> PR53:1<\/p>\n<p><strong>Apariencia:<\/strong> polvo rojo<\/p>\n<p><strong>No CAS.:<\/strong> 5160-02-1<\/p>\n<p><strong>Otro nombre:<\/strong><\/p>\n<p>CI 15585:1;<\/p>\n<p>rojozhb;<\/p>\n<p>AKA204;1860rojo;<\/p>\n<p>d&amp;cred9;<\/p>\n<p>rojo1860;<\/p>\n<p>Rojo 53:1;<\/p>\n<p>&nbsp;<\/p>\n<p>&nbsp;<\/p>\n<p>&nbsp;<\/p>\n<p>&nbsp;<\/p>","protected":false},"featured_media":7616,"template":"","meta":{"_acf_changed":false,"_gspb_post_css":""},"product_brand":[],"product_cat":[161,162,163],"product_tag":[],"class_list":{"0":"post-7495","1":"product","2":"type-product","3":"status-publish","4":"has-post-thumbnail","6":"product_cat-for-plastics","7":"product_cat-for-inks","8":"product_cat-for-paints-and-coatings","10":"first","11":"instock","12":"shipping-taxable","13":"product-type-simple"},"acf":[],"_links":{"self":[{"href":"https:\/\/wpachem.com\/es\/wp-json\/wp\/v2\/product\/7495","targetHints":{"allow":["GET"]}}],"collection":[{"href":"https:\/\/wpachem.com\/es\/wp-json\/wp\/v2\/product"}],"about":[{"href":"https:\/\/wpachem.com\/es\/wp-json\/wp\/v2\/types\/product"}],"version-history":[{"count":0,"href":"https:\/\/wpachem.com\/es\/wp-json\/wp\/v2\/product\/7495\/revisions"}],"wp:featuredmedia":[{"embeddable":true,"href":"https:\/\/wpachem.com\/es\/wp-json\/wp\/v2\/media\/7616"}],"wp:attachment":[{"href":"https:\/\/wpachem.com\/es\/wp-json\/wp\/v2\/media?parent=7495"}],"wp:term":[{"taxonomy":"product_brand","embeddable":true,"href":"https:\/\/wpachem.com\/es\/wp-json\/wp\/v2\/product_brand?post=7495"},{"taxonomy":"product_cat","embeddable":true,"href":"https:\/\/wpachem.com\/es\/wp-json\/wp\/v2\/product_cat?post=7495"},{"taxonomy":"product_tag","embeddable":true,"href":"https:\/\/wpachem.com\/es\/wp-json\/wp\/v2\/product_tag?post=7495"}],"curies":[{"name":"wp","href":"https:\/\/api.w.org\/{rel}","templated":true}]}}