{"id":7507,"date":"2024-01-05T05:24:15","date_gmt":"2024-01-05T05:24:15","guid":{"rendered":"https:\/\/wpapigments.com\/?post_type=product&amp;p=5632"},"modified":"2024-01-05T05:24:15","modified_gmt":"2024-01-05T05:24:15","slug":"pigment-yellow-62-pigment-yellow-srp-p-y-62-cas-no-6528-34-3","status":"publish","type":"product","link":"https:\/\/wpachem.com\/es\/producto\/pigment-yellow-62-pigment-yellow-srp-p-y-62-cas-no-6528-34-3\/","title":{"rendered":"Pigmento amarillo 62 (pigmento amarillo SRP)\/PY62 CAS No.6528-34-3"},"content":{"rendered":"<p><strong>Caracter\u00edstica<\/strong><\/p>\n<p><strong><b>Propiedades del hombre<\/b><\/strong>: F\u00e1cil dispersi\u00f3n, especial para pl\u00e1stico.<\/p>\n<p><strong><b>Solicitud:<\/b><\/strong><\/p>\n<p><strong><b>\u00a0Uso de pl\u00e1stico: <\/b><\/strong>PVC, PP, PE, PS, ABS, EVA, Caucho.<\/p>","protected":false},"excerpt":{"rendered":"<p><strong>Nombre del producto:<\/strong><strong>\u00a0<\/strong>SRP amarillo permanente<\/p>\n<p><strong>Indice de color:<\/strong>\u00a0A\u00f1o 62<\/p>\n<p><strong>Apariencia:<\/strong>\u00a0polvo amarillo<\/p>\n<p><strong>No CAS.:<\/strong><strong>\u00a0<\/strong>6528-34-3<\/p>\n<p><strong>Otro nombre:<\/strong>Pigmento amarillo 62\/Amarillo r\u00e1pido FW<\/p>","protected":false},"featured_media":7620,"template":"","meta":{"_acf_changed":false,"_gspb_post_css":""},"product_brand":[],"product_cat":[161],"product_tag":[],"class_list":{"0":"post-7507","1":"product","2":"type-product","3":"status-publish","4":"has-post-thumbnail","6":"product_cat-for-plastics","8":"first","9":"instock","10":"shipping-taxable","11":"product-type-simple"},"acf":[],"_links":{"self":[{"href":"https:\/\/wpachem.com\/es\/wp-json\/wp\/v2\/product\/7507","targetHints":{"allow":["GET"]}}],"collection":[{"href":"https:\/\/wpachem.com\/es\/wp-json\/wp\/v2\/product"}],"about":[{"href":"https:\/\/wpachem.com\/es\/wp-json\/wp\/v2\/types\/product"}],"version-history":[{"count":0,"href":"https:\/\/wpachem.com\/es\/wp-json\/wp\/v2\/product\/7507\/revisions"}],"wp:featuredmedia":[{"embeddable":true,"href":"https:\/\/wpachem.com\/es\/wp-json\/wp\/v2\/media\/7620"}],"wp:attachment":[{"href":"https:\/\/wpachem.com\/es\/wp-json\/wp\/v2\/media?parent=7507"}],"wp:term":[{"taxonomy":"product_brand","embeddable":true,"href":"https:\/\/wpachem.com\/es\/wp-json\/wp\/v2\/product_brand?post=7507"},{"taxonomy":"product_cat","embeddable":true,"href":"https:\/\/wpachem.com\/es\/wp-json\/wp\/v2\/product_cat?post=7507"},{"taxonomy":"product_tag","embeddable":true,"href":"https:\/\/wpachem.com\/es\/wp-json\/wp\/v2\/product_tag?post=7507"}],"curies":[{"name":"wp","href":"https:\/\/api.w.org\/{rel}","templated":true}]}}