{"id":7557,"date":"2024-01-11T08:55:30","date_gmt":"2024-01-11T08:55:30","guid":{"rendered":"https:\/\/wpapigments.com\/?post_type=product&#038;p=5854"},"modified":"2024-06-12T05:31:32","modified_gmt":"2024-06-12T05:31:32","slug":"titanium-dioxide-wr-773-sulfate-process-masterbatches-using","status":"publish","type":"product","link":"https:\/\/wpachem.com\/es\/producto\/titanium-dioxide-wr-773-sulfate-process-masterbatches-using\/","title":{"rendered":"Masterbatches del proceso del sulfato del di\u00f3xido de titanio WR 773 usando"},"content":{"rendered":"<p><strong>Caracter\u00edsticas:<\/strong><\/p>\n<p>El producto se muele en h\u00famedo mediante un molino importado con buena distribuci\u00f3n del tama\u00f1o de part\u00edculas, se recubre densamente con un compuesto de al\u00famina inorg\u00e1nico y se trata org\u00e1nicamente.<\/p>\n<p>&nbsp;<\/p>\n<p><strong>Especificaci\u00f3n:<\/strong><\/p>\n<table>\n<tbody>\n<tr>\n<td width=\"404\"><strong>Elementos<\/strong><\/p>\n<p>&nbsp;<\/td>\n<td width=\"196\"><strong>Especificaci\u00f3n<\/strong><\/p>\n<p>&nbsp;<\/td>\n<td width=\"251\"><strong>An\u00e1lisis t\u00edpico<\/strong><\/p>\n<p>&nbsp;<\/td>\n<\/tr>\n<tr>\n<td width=\"404\">Contenido de TiO2 (wt%) m\u00edn.<\/td>\n<td width=\"196\">96.0<\/td>\n<td width=\"251\">96.5<\/td>\n<\/tr>\n<tr>\n<td width=\"404\">Materia vol\u00e1til a 105 \u2103 (wt%) m\u00e1x.<\/td>\n<td width=\"196\">0.5<\/td>\n<td width=\"251\">0.2<\/td>\n<\/tr>\n<tr>\n<td width=\"404\">Materia soluble en agua (wt%) m\u00e1x.<\/td>\n<td width=\"196\">0.3<\/td>\n<td width=\"251\">0.2<\/td>\n<\/tr>\n<tr>\n<td width=\"404\">Residuo en tamiz (45\u03bcm) (wt%) m\u00e1x.<\/td>\n<td width=\"196\">0.05<\/td>\n<td width=\"251\">0.02<\/td>\n<\/tr>\n<tr>\n<td width=\"404\">pH de la suspensi\u00f3n acuosa<\/td>\n<td width=\"196\">6.0-8.0<\/td>\n<td width=\"251\">7.2<\/td>\n<\/tr>\n<tr>\n<td width=\"404\">Color\uff08L*\uff09 m\u00edn.<\/td>\n<td width=\"196\">94.5<\/td>\n<td width=\"251\">95.5<\/td>\n<\/tr>\n<tr>\n<td width=\"404\">Poder de dispersi\u00f3n (%) m\u00edn.<\/td>\n<td width=\"196\">100<\/td>\n<td width=\"251\">112<\/td>\n<\/tr>\n<tr>\n<td width=\"404\">Contenido de rutilo (%) m\u00edn.<\/td>\n<td width=\"196\">98<\/td>\n<td width=\"251\">99<\/td>\n<\/tr>\n<tr>\n<td width=\"404\">Resistividad del extracto acuoso(\u03a9\u00b7m) min.<\/td>\n<td width=\"196\">80<\/td>\n<td width=\"251\">150<\/td>\n<\/tr>\n<tr>\n<td width=\"404\">Absorci\u00f3n de aceite (g\/100g) m\u00e1x.<\/td>\n<td width=\"196\">21<\/td>\n<td width=\"251\">18<\/td>\n<\/tr>\n<\/tbody>\n<\/table>\n<p>&nbsp;<\/p>\n<p><strong>Solicitud:\u00a0<\/strong><\/p>\n<p>Se utiliza para lotes maestros, pel\u00edculas pl\u00e1sticas y productos flexibles de PE\/PP\/PVC.<\/p>\n<p>&nbsp;<\/p>\n<p><strong>Paquete:<\/strong> Sacos de 25 kg, 500 kg y 1000 kg<\/p>","protected":false},"excerpt":{"rendered":"<p>Nombre del producto: Masterbatches de proceso de sulfato de di\u00f3xido de titanio WR 773 que utilizan<\/p>\n<p>N\u00famero CAS: 1317-80-2<\/p>\n<p>MF: Tio2<\/p>\n<p>N\u00famero EINECS: 215-282-2<\/p>\n<p>Apariencia: Polvo blanco<\/p>","protected":false},"featured_media":2103,"template":"","meta":{"_acf_changed":false,"_gspb_post_css":""},"product_brand":[],"product_cat":[67,164,54,66],"product_tag":[],"class_list":{"0":"post-7557","1":"product","2":"type-product","3":"status-publish","4":"has-post-thumbnail","6":"product_cat-sulfate-process","7":"product_cat-sulfate-process-titanium-dioxide","8":"product_cat-inorganic-pigments","9":"product_cat-titanium-dioxide","11":"first","12":"instock","13":"shipping-taxable","14":"product-type-simple"},"acf":[],"_links":{"self":[{"href":"https:\/\/wpachem.com\/es\/wp-json\/wp\/v2\/product\/7557","targetHints":{"allow":["GET"]}}],"collection":[{"href":"https:\/\/wpachem.com\/es\/wp-json\/wp\/v2\/product"}],"about":[{"href":"https:\/\/wpachem.com\/es\/wp-json\/wp\/v2\/types\/product"}],"version-history":[{"count":0,"href":"https:\/\/wpachem.com\/es\/wp-json\/wp\/v2\/product\/7557\/revisions"}],"wp:featuredmedia":[{"embeddable":true,"href":"https:\/\/wpachem.com\/es\/wp-json\/wp\/v2\/media\/2103"}],"wp:attachment":[{"href":"https:\/\/wpachem.com\/es\/wp-json\/wp\/v2\/media?parent=7557"}],"wp:term":[{"taxonomy":"product_brand","embeddable":true,"href":"https:\/\/wpachem.com\/es\/wp-json\/wp\/v2\/product_brand?post=7557"},{"taxonomy":"product_cat","embeddable":true,"href":"https:\/\/wpachem.com\/es\/wp-json\/wp\/v2\/product_cat?post=7557"},{"taxonomy":"product_tag","embeddable":true,"href":"https:\/\/wpachem.com\/es\/wp-json\/wp\/v2\/product_tag?post=7557"}],"curies":[{"name":"wp","href":"https:\/\/api.w.org\/{rel}","templated":true}]}}