{"id":7559,"date":"2024-01-11T09:15:20","date_gmt":"2024-01-11T09:15:20","guid":{"rendered":"https:\/\/wpapigments.com\/?post_type=product&#038;p=5862"},"modified":"2024-06-12T05:31:30","modified_gmt":"2024-06-12T05:31:30","slug":"titanium-dioxide-wr-776-sulfate-process-coatingprinting-ink-using","status":"publish","type":"product","link":"https:\/\/wpachem.com\/es\/producto\/titanium-dioxide-wr-776-sulfate-process-coatingprinting-ink-using\/","title":{"rendered":"Proceso de recubrimiento y tinta de impresi\u00f3n de sulfato de di\u00f3xido de titanio WR 776 usando"},"content":{"rendered":"<p><strong>Caracter\u00edsticas:<\/strong><\/p>\n<p>Es un producto multiprop\u00f3sito, molido h\u00famedo mediante molino importado con buena distribuci\u00f3n granulom\u00e9trica, recubierto con compuestos inorg\u00e1nicos de \u00f3xido de circonio y \u00f3xido de aluminio.<\/p>\n<p>&nbsp;<\/p>\n<p><strong>Especificaci\u00f3n:<\/strong><\/p>\n<table>\n<tbody>\n<tr>\n<td width=\"398\"><strong>Elementos<\/strong><\/p>\n<p>&nbsp;<\/td>\n<td width=\"202\"><strong>Especificaci\u00f3n<\/strong><\/p>\n<p>&nbsp;<\/td>\n<td width=\"251\"><strong>An\u00e1lisis t\u00edpico<\/strong><\/p>\n<p>&nbsp;<\/td>\n<\/tr>\n<tr>\n<td width=\"398\">Contenido de TiO2 (wt%) m\u00edn.<\/td>\n<td width=\"202\">95.0<\/td>\n<td width=\"251\">95.0<\/td>\n<\/tr>\n<tr>\n<td width=\"398\">Materia vol\u00e1til a 105 \u2103 (wt%) m\u00e1x.<\/td>\n<td width=\"202\">0.5<\/td>\n<td width=\"251\">0.3<\/td>\n<\/tr>\n<tr>\n<td width=\"398\">Materia soluble en agua (wt%) m\u00e1x.<\/td>\n<td width=\"202\">0.3<\/td>\n<td width=\"251\">0.2<\/td>\n<\/tr>\n<tr>\n<td width=\"398\">Residuo en tamiz (45\u03bcm) (wt%) m\u00e1x.<\/td>\n<td width=\"202\">0.05<\/td>\n<td width=\"251\">0.02<\/td>\n<\/tr>\n<tr>\n<td width=\"398\">pH de la suspensi\u00f3n acuosa<\/td>\n<td width=\"202\">5.5-7.5<\/td>\n<td width=\"251\">6.5<\/td>\n<\/tr>\n<tr>\n<td width=\"398\">Color\uff08L*\uff09 m\u00edn.<\/td>\n<td width=\"202\">94.5<\/td>\n<td width=\"251\">95.5<\/td>\n<\/tr>\n<tr>\n<td width=\"398\">Poder de dispersi\u00f3n (%) m\u00edn.<\/td>\n<td width=\"202\">100<\/td>\n<td width=\"251\">110<\/td>\n<\/tr>\n<tr>\n<td width=\"398\">Contenido de rutilo (%) m\u00edn.<\/td>\n<td width=\"202\">98<\/td>\n<td width=\"251\">99<\/td>\n<\/tr>\n<tr>\n<td width=\"398\">Resistividad del extracto acuoso(\u03a9\u00b7m) min.<\/td>\n<td width=\"202\">100<\/td>\n<td width=\"251\">120<\/td>\n<\/tr>\n<tr>\n<td width=\"398\">Absorci\u00f3n de aceite (g\/100g) m\u00e1x.<\/td>\n<td width=\"202\">21<\/td>\n<td width=\"251\">18<\/td>\n<\/tr>\n<\/tbody>\n<\/table>\n<p>&nbsp;<\/p>\n<p><strong>Solicitud:\u00a0<\/strong><\/p>\n<p>Se utiliza para pintura y revestimiento con tinta de serigraf\u00eda de uso general.<\/p>\n<p>&nbsp;<\/p>\n<p><strong>Paquete:<\/strong> Sacos de 25 kg, 500 kg y 1000 kg<\/p>","protected":false},"excerpt":{"rendered":"<p>Nombre del producto: Uso de tinta de impresi\u00f3n y revestimiento de proceso de sulfato de di\u00f3xido de titanio WR 776<\/p>\n<p>N\u00famero CAS: 1317-80-2<\/p>\n<p>MF: Tio2<\/p>\n<p>N\u00famero EINECS: 215-282-2<\/p>\n<p>Apariencia: Polvo blanco<\/p>","protected":false},"featured_media":2103,"template":"","meta":{"_acf_changed":false,"_gspb_post_css":""},"product_brand":[],"product_cat":[67,164,54,66],"product_tag":[],"class_list":{"0":"post-7559","1":"product","2":"type-product","3":"status-publish","4":"has-post-thumbnail","6":"product_cat-sulfate-process","7":"product_cat-sulfate-process-titanium-dioxide","8":"product_cat-inorganic-pigments","9":"product_cat-titanium-dioxide","11":"first","12":"instock","13":"shipping-taxable","14":"product-type-simple"},"acf":[],"_links":{"self":[{"href":"https:\/\/wpachem.com\/es\/wp-json\/wp\/v2\/product\/7559","targetHints":{"allow":["GET"]}}],"collection":[{"href":"https:\/\/wpachem.com\/es\/wp-json\/wp\/v2\/product"}],"about":[{"href":"https:\/\/wpachem.com\/es\/wp-json\/wp\/v2\/types\/product"}],"version-history":[{"count":0,"href":"https:\/\/wpachem.com\/es\/wp-json\/wp\/v2\/product\/7559\/revisions"}],"wp:featuredmedia":[{"embeddable":true,"href":"https:\/\/wpachem.com\/es\/wp-json\/wp\/v2\/media\/2103"}],"wp:attachment":[{"href":"https:\/\/wpachem.com\/es\/wp-json\/wp\/v2\/media?parent=7559"}],"wp:term":[{"taxonomy":"product_brand","embeddable":true,"href":"https:\/\/wpachem.com\/es\/wp-json\/wp\/v2\/product_brand?post=7559"},{"taxonomy":"product_cat","embeddable":true,"href":"https:\/\/wpachem.com\/es\/wp-json\/wp\/v2\/product_cat?post=7559"},{"taxonomy":"product_tag","embeddable":true,"href":"https:\/\/wpachem.com\/es\/wp-json\/wp\/v2\/product_tag?post=7559"}],"curies":[{"name":"wp","href":"https:\/\/api.w.org\/{rel}","templated":true}]}}