{"id":7560,"date":"2024-01-11T09:22:41","date_gmt":"2024-01-11T09:22:41","guid":{"rendered":"https:\/\/wpapigments.com\/?post_type=product&#038;p=5865"},"modified":"2024-06-12T05:28:17","modified_gmt":"2024-06-12T05:28:17","slug":"titanium-dioxide-wcr-568-chloride-process-masterbatch-using","status":"publish","type":"product","link":"https:\/\/wpachem.com\/es\/producto\/titanium-dioxide-wcr-568-chloride-process-masterbatch-using\/","title":{"rendered":"Masterbatch de proceso de cloruro de di\u00f3xido de titanio WCR 568 utilizando"},"content":{"rendered":"<p><strong>Caracter\u00edsticas:<\/strong><\/p>\n<p>WCR-568 es un pigmento de di\u00f3xido de titanio rutilo producido mediante un proceso avanzado de cloruro y tratado mediante procesos especiales inorg\u00e1nicos y org\u00e1nicos. El producto obtiene una alta cobertura, buena dispersabilidad, excelente fluidez del polvo seco y excelente rendimiento de procesamiento gracias a una tecnolog\u00eda especial de tratamiento de superficies. Es un exclusivo masterbatch de poliolefina tipo di\u00f3xido de titanio.<\/p>\n<p>&nbsp;<\/p>\n<p><strong>Especificaci\u00f3n:<\/strong><\/p>\n<table>\n<tbody>\n<tr>\n<td width=\"426\">Tratamiento de superficies<\/td>\n<td width=\"426\">Al y org\u00e1nicos<\/td>\n<\/tr>\n<tr>\n<td width=\"426\">Est\u00e1ndar graduado<\/td>\n<td width=\"426\">1S0591:R2:ASTM D-476-84:\u2161(\u2163)<\/td>\n<\/tr>\n<tr>\n<td width=\"426\">Caracter\u00edstica<\/td>\n<td width=\"426\">Propiedad<\/td>\n<\/tr>\n<tr>\n<td width=\"426\">Porcentaje de masa de Tio2<\/td>\n<td width=\"426\">\u226596,0<\/td>\n<\/tr>\n<tr>\n<td width=\"426\">Tasa de conversi\u00f3n de rutilo<\/td>\n<td width=\"426\">\u226599,0<\/td>\n<\/tr>\n<tr>\n<td width=\"426\">Luminosidad de la fase oleosa (L*)<\/td>\n<td width=\"426\">\u226597,0<\/td>\n<\/tr>\n<tr>\n<td width=\"426\">b*<\/td>\n<td width=\"426\">\u22642.0<\/td>\n<\/tr>\n<tr>\n<td width=\"426\">(Fuerza de tinte) TCS<\/td>\n<td width=\"426\">\u22651900<\/td>\n<\/tr>\n<tr>\n<td width=\"426\">Absorci\u00f3n de aceite\/g\/100g<\/td>\n<td width=\"426\">\u226416,0<\/td>\n<\/tr>\n<tr>\n<td width=\"426\">valor de pH<\/td>\n<td width=\"426\">6.5-8.5<\/td>\n<\/tr>\n<tr>\n<td width=\"426\">Porcentaje de masa de vol\u00e1tiles en 105 \u2103<\/td>\n<td width=\"426\">\u22640,3<\/td>\n<\/tr>\n<tr>\n<td width=\"426\">El agua extrae la resistividad del l\u00edquido\/\u03a9.m<\/td>\n<td width=\"426\">\u2265100<\/td>\n<\/tr>\n<tr>\n<td width=\"426\">Tinte (SCX)<\/td>\n<td width=\"426\">4.0-5.5<\/td>\n<\/tr>\n<tr>\n<td width=\"426\">Blancura visual<\/td>\n<td width=\"426\">No menos de<\/td>\n<\/tr>\n<tr>\n<td width=\"426\">CEI<\/td>\n<td width=\"426\">\u226590,0<\/td>\n<\/tr>\n<tr>\n<td width=\"426\">Porcentaje en masa de cribados (malla 600)<\/td>\n<td width=\"426\">\u2264 0,002<\/td>\n<\/tr>\n<\/tbody>\n<\/table>\n<p>&nbsp;<\/p>\n<p><strong><b>Caracter\u00edstica del producto<\/b><\/strong><strong><b>mi<\/b><\/strong><\/p>\n<ul>\n<li>\u00a0matiz azulado<\/li>\n<li>\u00a0Fuerte poder cubriente y fuerte poder colorante.<\/li>\n<li>\u00a0F\u00e1cilmente disperso entre las polimeridas.<\/li>\n<li>\u00a0Excelente rendimiento de procesamiento<\/li>\n<\/ul>\n<p>&nbsp;<\/p>\n<p><strong><b>Aplicaciones principales<\/b><\/strong><\/p>\n<ul>\n<li>Pl\u00e1sticos de ingenier\u00eda como PE, PP, ABS<\/li>\n<li>PS y su copol\u00edmero, banco de pl\u00e1stico.<\/li>\n<\/ul>\n<p>&nbsp;<\/p>\n<p><strong>Paquete:<\/strong> Sacos de 25 kg, 500 kg y 1000 kg<\/p>","protected":false},"excerpt":{"rendered":"<p>Nombre del producto: Masterbatch de proceso de cloruro de di\u00f3xido de titanio WCR 568 usando<\/p>\n<p>N\u00famero CAS: 1317-80-2<\/p>\n<p>MF: Tio2<\/p>\n<p>N\u00famero EINECS: 215-282-2<\/p>\n<p>Apariencia: Polvo blanco<\/p>","protected":false},"featured_media":2103,"template":"","meta":{"_acf_changed":false,"_gspb_post_css":""},"product_brand":[],"product_cat":[68,165,54,66],"product_tag":[],"class_list":{"0":"post-7560","1":"product","2":"type-product","3":"status-publish","4":"has-post-thumbnail","6":"product_cat-chloride-process","7":"product_cat-chloride-process-titanium-dioxide","8":"product_cat-inorganic-pigments","9":"product_cat-titanium-dioxide","11":"first","12":"instock","13":"shipping-taxable","14":"product-type-simple"},"acf":[],"_links":{"self":[{"href":"https:\/\/wpachem.com\/es\/wp-json\/wp\/v2\/product\/7560","targetHints":{"allow":["GET"]}}],"collection":[{"href":"https:\/\/wpachem.com\/es\/wp-json\/wp\/v2\/product"}],"about":[{"href":"https:\/\/wpachem.com\/es\/wp-json\/wp\/v2\/types\/product"}],"version-history":[{"count":0,"href":"https:\/\/wpachem.com\/es\/wp-json\/wp\/v2\/product\/7560\/revisions"}],"wp:featuredmedia":[{"embeddable":true,"href":"https:\/\/wpachem.com\/es\/wp-json\/wp\/v2\/media\/2103"}],"wp:attachment":[{"href":"https:\/\/wpachem.com\/es\/wp-json\/wp\/v2\/media?parent=7560"}],"wp:term":[{"taxonomy":"product_brand","embeddable":true,"href":"https:\/\/wpachem.com\/es\/wp-json\/wp\/v2\/product_brand?post=7560"},{"taxonomy":"product_cat","embeddable":true,"href":"https:\/\/wpachem.com\/es\/wp-json\/wp\/v2\/product_cat?post=7560"},{"taxonomy":"product_tag","embeddable":true,"href":"https:\/\/wpachem.com\/es\/wp-json\/wp\/v2\/product_tag?post=7560"}],"curies":[{"name":"wp","href":"https:\/\/api.w.org\/{rel}","templated":true}]}}