{"id":7561,"date":"2024-01-11T09:25:32","date_gmt":"2024-01-11T09:25:32","guid":{"rendered":"https:\/\/wpapigments.com\/?post_type=product&#038;p=5867"},"modified":"2024-06-12T05:28:16","modified_gmt":"2024-06-12T05:28:16","slug":"titanium-dioxide-wcr-588-chloride-process-coating-using","status":"publish","type":"product","link":"https:\/\/wpachem.com\/es\/producto\/titanium-dioxide-wcr-588-chloride-process-coating-using\/","title":{"rendered":"Recubrimiento de proceso de cloruro de di\u00f3xido de titanio WCR 588 usando"},"content":{"rendered":"<p><strong>Caracter\u00edsticas:<\/strong><\/p>\n<p>WCR-588 es un pigmento de di\u00f3xido multiuso producido mediante el proceso de cloruro y tratado mediante un tratamiento superficial especial. Este producto tiene una distribuci\u00f3n \u00f3ptima del tama\u00f1o de part\u00edculas. Est\u00e1 dise\u00f1ado para brindar un alto rendimiento en una amplia gama de aplicaciones, incluidos recubrimientos, tintas, papel y pl\u00e1sticos. WCR-588 puede satisfacer simult\u00e1neamente las necesidades del cliente de utilizar diversos di\u00f3xido de titanio que reducen efectivamente el costo de inventario para los clientes.<\/p>\n<p>&nbsp;<\/p>\n<p><strong>Especificaci\u00f3n:<\/strong><\/p>\n<table>\n<tbody>\n<tr>\n<td width=\"426\">Tratamiento de superficies<\/td>\n<td width=\"426\">Al y org\u00e1nicos<\/td>\n<\/tr>\n<tr>\n<td width=\"426\">Est\u00e1ndar graduado<\/td>\n<td width=\"426\">1S0591:R2:ASTM D-476-84:\u2161(V)\u3011<\/td>\n<\/tr>\n<tr>\n<td width=\"426\">Caracter\u00edstica<\/td>\n<td width=\"426\">\u00cdndice<\/td>\n<\/tr>\n<tr>\n<td width=\"426\">Porcentaje de masa de Tio2<\/td>\n<td width=\"426\">94.0<\/td>\n<\/tr>\n<tr>\n<td width=\"426\">Tasa de conversi\u00f3n de rutilo<\/td>\n<td width=\"426\">\u226599,0<\/td>\n<\/tr>\n<tr>\n<td width=\"426\">Ligereza de la fase oleosa<\/td>\n<td width=\"426\">\u226597,0<\/td>\n<\/tr>\n<tr>\n<td width=\"426\">b*<\/td>\n<td width=\"426\">\u22642.0<\/td>\n<\/tr>\n<tr>\n<td width=\"426\">(Fuerza de tinte)TCS<\/td>\n<td width=\"426\">\u22651900<\/td>\n<\/tr>\n<tr>\n<td width=\"426\">Absorci\u00f3n de aceite\/g\/100g<\/td>\n<td width=\"426\">\u226418,0<\/td>\n<\/tr>\n<tr>\n<td width=\"426\">valor de pH<\/td>\n<td width=\"426\">6.0-8.5<\/td>\n<\/tr>\n<tr>\n<td width=\"426\">Porcentaje de masa de vol\u00e1tiles en 105 \u2103<\/td>\n<td width=\"426\">\u22640,5<\/td>\n<\/tr>\n<tr>\n<td width=\"426\">El agua extrae la resistividad del l\u00edquido\/\u03a9.m<\/td>\n<td width=\"426\">\u2265100<\/td>\n<\/tr>\n<tr>\n<td width=\"426\">Dispersi\u00f3n de aceite<\/td>\n<td width=\"426\">\u22656.0<\/td>\n<\/tr>\n<tr>\n<td width=\"426\">Tinte (SCX)<\/td>\n<td width=\"426\">3.5-5.0<\/td>\n<\/tr>\n<tr>\n<td width=\"426\">Blancura visual<\/td>\n<td width=\"426\">No menos de<\/td>\n<\/tr>\n<tr>\n<td width=\"426\">CEI<\/td>\n<td width=\"426\">\u2265 90,0<\/td>\n<\/tr>\n<tr>\n<td width=\"426\">Porcentaje masivo de proyecciones (45 um)<\/td>\n<td width=\"426\">\u2264 0,05<\/td>\n<\/tr>\n<tr>\n<td width=\"426\">Limpieza<\/td>\n<td width=\"426\">\u2265 Grado B<\/td>\n<\/tr>\n<\/tbody>\n<\/table>\n<p>&nbsp;<\/p>\n<p><strong><b>Caracter\u00edstica del producto<\/b><\/strong><strong><b>mi<\/b><\/strong><\/p>\n<ul>\n<li>\u00a0matiz azulado<\/li>\n<li>\u00a0Brillo alto<\/li>\n<li>Alta durabilidad<\/li>\n<li>\u00a0Multifunci\u00f3n<\/li>\n<\/ul>\n<p><strong><b>Aplicaciones principales<\/b><\/strong><\/p>\n<ul>\n<li>\u00a0Revestimiento arquitect\u00f3nico brillante y semibrillante para interiores y exteriores; Pintura autoacabada OEM y re-acabado, revestimiento de bobinas; Recubrimientos anticorrosivos industriales, recubrimientos decorativos y recubrimientos en polvo;<\/li>\n<li>\u00a0Impresi\u00f3n tipogr\u00e1fica, impresi\u00f3n offset, impresi\u00f3n calcogr\u00e1fica y otras aplicaciones de tinta;<\/li>\n<li>\u00a0Pl\u00e1sticos de ingenier\u00eda, colorantes, perfiles y otras aplicaciones pl\u00e1sticas.<\/li>\n<\/ul>\n<p>&nbsp;<\/p>\n<p><strong>Paquete:<\/strong> Sacos de 25 kg, 500 kg y 1000 kg<\/p>","protected":false},"excerpt":{"rendered":"<p>Nombre del producto: Proceso de recubrimiento de cloruro de di\u00f3xido de titanio WCR 588 utilizando<\/p>\n<p>N\u00famero CAS: 1317-80-2<\/p>\n<p>MF: Tio2<\/p>\n<p>N\u00famero EINECS: 215-282-2<\/p>\n<p>Apariencia: Polvo blanco<\/p>","protected":false},"featured_media":2103,"template":"","meta":{"_acf_changed":false,"_gspb_post_css":""},"product_brand":[],"product_cat":[68,165,54,66],"product_tag":[],"class_list":{"0":"post-7561","1":"product","2":"type-product","3":"status-publish","4":"has-post-thumbnail","6":"product_cat-chloride-process","7":"product_cat-chloride-process-titanium-dioxide","8":"product_cat-inorganic-pigments","9":"product_cat-titanium-dioxide","11":"first","12":"instock","13":"shipping-taxable","14":"product-type-simple"},"acf":[],"_links":{"self":[{"href":"https:\/\/wpachem.com\/es\/wp-json\/wp\/v2\/product\/7561","targetHints":{"allow":["GET"]}}],"collection":[{"href":"https:\/\/wpachem.com\/es\/wp-json\/wp\/v2\/product"}],"about":[{"href":"https:\/\/wpachem.com\/es\/wp-json\/wp\/v2\/types\/product"}],"version-history":[{"count":0,"href":"https:\/\/wpachem.com\/es\/wp-json\/wp\/v2\/product\/7561\/revisions"}],"wp:featuredmedia":[{"embeddable":true,"href":"https:\/\/wpachem.com\/es\/wp-json\/wp\/v2\/media\/2103"}],"wp:attachment":[{"href":"https:\/\/wpachem.com\/es\/wp-json\/wp\/v2\/media?parent=7561"}],"wp:term":[{"taxonomy":"product_brand","embeddable":true,"href":"https:\/\/wpachem.com\/es\/wp-json\/wp\/v2\/product_brand?post=7561"},{"taxonomy":"product_cat","embeddable":true,"href":"https:\/\/wpachem.com\/es\/wp-json\/wp\/v2\/product_cat?post=7561"},{"taxonomy":"product_tag","embeddable":true,"href":"https:\/\/wpachem.com\/es\/wp-json\/wp\/v2\/product_tag?post=7561"}],"curies":[{"name":"wp","href":"https:\/\/api.w.org\/{rel}","templated":true}]}}