{"id":7826,"date":"2024-04-26T06:11:22","date_gmt":"2024-04-26T06:11:22","guid":{"rendered":"https:\/\/wpachem.com\/?post_type=product&#038;p=7826"},"modified":"2024-04-26T06:30:53","modified_gmt":"2024-04-26T06:30:53","slug":"styrene-13-butadiene-polymer-sbs-cas9003-55-8","status":"publish","type":"product","link":"https:\/\/wpachem.com\/es\/producto\/styrene-13-butadiene-polymer-sbs-cas9003-55-8\/","title":{"rendered":"Estireno, pol\u00edmero de 1,3-butadieno SBS CAS9003-55-8"},"content":{"rendered":"<table id=\"mbox\" class=\"mbox\">\n<tbody>\n<tr>\n<td align=\"right\" width=\"90px\"><span style=\"color: #cccccc;\">MF:<\/span><\/td>\n<td>C36H42X2<\/td>\n<\/tr>\n<tr>\n<td align=\"right\" width=\"90px\"><span style=\"color: #cccccc;\">MW:<\/span><\/td>\n<td>474.72<\/td>\n<\/tr>\n<tr>\n<td align=\"right\" width=\"90px\"><span style=\"color: #cccccc;\">CAS:<\/span><\/td>\n<td>9003-55-8<\/td>\n<\/tr>\n<\/tbody>\n<\/table>\n<table class=\"table table-bordered\">\n<tbody>\n<tr>\n<td>Propiedades f\u00edsicas y qu\u00edmicas<\/td>\n<td>Las propiedades qu\u00edmicas incluyen l\u00e1tex l\u00edquido (como el tipo American SBR2000) y caucho s\u00f3lido (como el tipo American SBRl028). Olor a estireno, no completamente soluble en gasolina, benceno y cloroformo. La densidad relativa es de 0,9~0,95 y la temperatura de transici\u00f3n v\u00edtrea es de -60 \u2103 ~-75 \u2103. El valor de pH del l\u00e1tex 50\/50 es de 10,0~11,5 y el contenido de s\u00f3lidos es de 41% ~ 63%. El valor de pH del l\u00e1tex 75\/25 es de 9,5~11,0 y el contenido de s\u00f3lidos es de 26% ~ 42%.<\/td>\n<\/tr>\n<\/tbody>\n<\/table>\n<p><img fetchpriority=\"high\" decoding=\"async\" class=\"alignnone size-full wp-image-7833\" src=\"https:\/\/wpachem.com\/wp-content\/uploads\/2024\/04\/SBS.jpg\" alt=\"\" width=\"1044\" height=\"552\" srcset=\"https:\/\/wpachem.com\/wp-content\/uploads\/2024\/04\/SBS.jpg 1044w, https:\/\/wpachem.com\/wp-content\/uploads\/2024\/04\/SBS-300x159.jpg 300w, https:\/\/wpachem.com\/wp-content\/uploads\/2024\/04\/SBS-1024x541.jpg 1024w, https:\/\/wpachem.com\/wp-content\/uploads\/2024\/04\/SBS-768x406.jpg 768w, https:\/\/wpachem.com\/wp-content\/uploads\/2024\/04\/SBS-18x10.jpg 18w, https:\/\/wpachem.com\/wp-content\/uploads\/2024\/04\/SBS-600x317.jpg 600w\" sizes=\"(max-width: 1044px) 100vw, 1044px\" \/><\/p>\n<p>&nbsp;<\/p>\n<table class=\"table table-bordered\">\n<tbody>\n<tr>\n<td>Sin\u00f3nimos<\/td>\n<td>Mezcla SBS<br \/>\nL\u00e1tex de butadieno-estireno<br \/>\nResina de butadieno-estireno<br \/>\nL\u00e1tex de estireno-butadieno<br \/>\nCaucho de estireno butadieno<br \/>\nCopol\u00edmeros de estireno-butadieno<br \/>\nCaucho de estireno-butadieno 1500<br \/>\nCaucho de estireno-butadieno 1712<br \/>\nCaucho de estireno-butadieno 1502<br \/>\nL\u00e1tex de caucho de estireno-butadieno<br \/>\nPol\u00edmero de estireno, 1,3-butadieno<br \/>\nCaucho de estireno-butadieno (1503)<br \/>\nCaucho de estireno-butadieno, extendido con aceite<br \/>\nGranulado mixto de elast\u00f3mero termopl\u00e1stico SBS<br \/>\nBenceno, etenil-, pol\u00edmero con 1,3-butadieno<\/td>\n<\/tr>\n<\/tbody>\n<\/table>","protected":false},"excerpt":{"rendered":"<h4>Pol\u00edmero de estireno, 1,3-butadieno<\/h4>\n<h4>N\u00famero de serie: 9003-55-8<\/h4>\n<h4>F\u00f3rmula molecular: C12H14<\/h4>","protected":false},"featured_media":7831,"template":"","meta":{"_acf_changed":false,"_gspb_post_css":""},"product_brand":[],"product_cat":[62],"product_tag":[],"class_list":{"0":"post-7826","1":"product","2":"type-product","3":"status-publish","4":"has-post-thumbnail","6":"product_cat-rubberplastic-ingredients","8":"first","9":"instock","10":"shipping-taxable","11":"product-type-simple"},"acf":[],"_links":{"self":[{"href":"https:\/\/wpachem.com\/es\/wp-json\/wp\/v2\/product\/7826","targetHints":{"allow":["GET"]}}],"collection":[{"href":"https:\/\/wpachem.com\/es\/wp-json\/wp\/v2\/product"}],"about":[{"href":"https:\/\/wpachem.com\/es\/wp-json\/wp\/v2\/types\/product"}],"version-history":[{"count":0,"href":"https:\/\/wpachem.com\/es\/wp-json\/wp\/v2\/product\/7826\/revisions"}],"wp:featuredmedia":[{"embeddable":true,"href":"https:\/\/wpachem.com\/es\/wp-json\/wp\/v2\/media\/7831"}],"wp:attachment":[{"href":"https:\/\/wpachem.com\/es\/wp-json\/wp\/v2\/media?parent=7826"}],"wp:term":[{"taxonomy":"product_brand","embeddable":true,"href":"https:\/\/wpachem.com\/es\/wp-json\/wp\/v2\/product_brand?post=7826"},{"taxonomy":"product_cat","embeddable":true,"href":"https:\/\/wpachem.com\/es\/wp-json\/wp\/v2\/product_cat?post=7826"},{"taxonomy":"product_tag","embeddable":true,"href":"https:\/\/wpachem.com\/es\/wp-json\/wp\/v2\/product_tag?post=7826"}],"curies":[{"name":"wp","href":"https:\/\/api.w.org\/{rel}","templated":true}]}}