{"id":7835,"date":"2024-04-26T06:59:48","date_gmt":"2024-04-26T06:59:48","guid":{"rendered":"https:\/\/wpachem.com\/?post_type=product&#038;p=7835"},"modified":"2024-04-26T08:03:38","modified_gmt":"2024-04-26T08:03:38","slug":"s-adenosyl-l-methionine-disulfate-tosylate-sam-1801e-cas-29908-03-0","status":"publish","type":"product","link":"https:\/\/wpachem.com\/es\/producto\/s-adenosyl-l-methionine-disulfate-tosylate-sam-1801e-cas-29908-03-0\/","title":{"rendered":"Tosilato de disulfato de S-adenosil-L-metionina SAM-1801E SAM-1802E SAM-1901H CAS 29908-03-0"},"content":{"rendered":"<p>SAM-1801E<br \/>\nCaracter\u00edsticas: Copol\u00edmero de bloque radial Excelente rendimiento a baja temperatura<br \/>\nAplicaciones: Modificaci\u00f3n de asfalto para pavimentaci\u00f3n Modificaci\u00f3n de membranas impermeables<\/p>\n<table class=\"table table-bordered\">\n<tbody>\n<tr>\n<td>Sin\u00f3nimos<\/td>\n<\/tr>\n<\/tbody>\n<\/table>\n<p>SAM-E ADEMETIONINA adenosilmetionina metioniniladenilato sal de p-toluenosulfonato de S-adenosil-L-metionina S-ADENOSIL-L-METIONINA S-(5-adenosil)-L-metionina S-(5\u2032-adenosil)-L-metionina ADEMETHIOINEDISULFATETOSYLATE S-adenosil-L-metionina disulfato tosilato 5-desoxiadenosina-5-L-metionina disulfato ditosilato adenosina,5\u2032-((1-3-amino-3-carboxipropil)metilsulfonio)-5\u2032-desoxi-,hidr\u00f3xido, (3-amino-3-carboxipropil){[5-(6-amino-9H-purin-9-il)-3,4-dihidroxitetrahidrofuran-2-il]metil}metilsulfonio (nombre no preferido) 2-amino-4-[{[(2S,3S,4R,5R)-5-(6-amino-9H-purin-9-il)-3,4-dihidroxitetrahidrofuran-2-il]metil}(metil)sulfonio]butanoato (nombre no preferido) (3-amino-3-carboxipropil){[(2S,3S,4R,5R)-5-(6-amino-9H-purin-9-il)-3,4-dihidroxitetrahidrofuran-2-il]metil}metilsulfonio (nombre no preferido) (2S)-2-amino-4-[{[(2S,3S,4R,5R)-5-(6-amino-9H-purin-9-il)-3,4-dihidroxitetrahidrofuran-2-il]metil}(metil)sulfonio]butanoato (nombre no preferido) [(3S)-3-amino-3-carboxipropil]{[(2S,3S,4R,5R)-5-(6-amino-9H-purin-9-il)-3,4-dihidroxitetrahidrofuran-2-il]metil}metilsulfonio (nombre no preferido)<\/p>","protected":false},"excerpt":{"rendered":"<table id=\"mbox\" class=\"mbox\">\n<tbody>\n<tr>\n<td align=\"right\" width=\"90px\"><span style=\"color: #cccccc;\">MF:<\/span><\/td>\n<td>C15H22N6O5S<\/td>\n<\/tr>\n<tr>\n<td align=\"right\" width=\"90px\"><span style=\"color: #cccccc;\">MW:<\/span><\/td>\n<td>398.44<\/td>\n<\/tr>\n<tr>\n<td align=\"right\" width=\"90px\"><span style=\"color: #cccccc;\">CAS:<\/span><\/td>\n<td>29908-03-0<\/td>\n<\/tr>\n<\/tbody>\n<\/table>","protected":false},"featured_media":7836,"template":"","meta":{"_acf_changed":false,"_gspb_post_css":""},"product_brand":[],"product_cat":[62],"product_tag":[],"class_list":{"0":"post-7835","1":"product","2":"type-product","3":"status-publish","4":"has-post-thumbnail","6":"product_cat-rubberplastic-ingredients","8":"first","9":"instock","10":"shipping-taxable","11":"product-type-simple"},"acf":[],"_links":{"self":[{"href":"https:\/\/wpachem.com\/es\/wp-json\/wp\/v2\/product\/7835","targetHints":{"allow":["GET"]}}],"collection":[{"href":"https:\/\/wpachem.com\/es\/wp-json\/wp\/v2\/product"}],"about":[{"href":"https:\/\/wpachem.com\/es\/wp-json\/wp\/v2\/types\/product"}],"version-history":[{"count":0,"href":"https:\/\/wpachem.com\/es\/wp-json\/wp\/v2\/product\/7835\/revisions"}],"wp:featuredmedia":[{"embeddable":true,"href":"https:\/\/wpachem.com\/es\/wp-json\/wp\/v2\/media\/7836"}],"wp:attachment":[{"href":"https:\/\/wpachem.com\/es\/wp-json\/wp\/v2\/media?parent=7835"}],"wp:term":[{"taxonomy":"product_brand","embeddable":true,"href":"https:\/\/wpachem.com\/es\/wp-json\/wp\/v2\/product_brand?post=7835"},{"taxonomy":"product_cat","embeddable":true,"href":"https:\/\/wpachem.com\/es\/wp-json\/wp\/v2\/product_cat?post=7835"},{"taxonomy":"product_tag","embeddable":true,"href":"https:\/\/wpachem.com\/es\/wp-json\/wp\/v2\/product_tag?post=7835"}],"curies":[{"name":"wp","href":"https:\/\/api.w.org\/{rel}","templated":true}]}}