{"id":7842,"date":"2024-04-26T08:23:22","date_gmt":"2024-04-26T08:23:22","guid":{"rendered":"https:\/\/wpachem.com\/?post_type=product&#038;p=7842"},"modified":"2024-04-26T08:23:23","modified_gmt":"2024-04-26T08:23:23","slug":"tetraphenylethylene-tpe-cas-632-51-9","status":"publish","type":"product","link":"https:\/\/wpachem.com\/es\/producto\/tetraphenylethylene-tpe-cas-632-51-9\/","title":{"rendered":"Tetrafeniletileno TPE CAS 632-51-9"},"content":{"rendered":"<table class=\"table\">\n<tbody>\n<tr>\n<td>Solicitud<\/td>\n<td>en la s\u00edntesis de gel de imina covalente din\u00e1mico como sensor luminiscente, se utiliz\u00f3 1,1,2,2-tetraestireno como reactivo. Los estudios han demostrado que el 1,1,2, 2-tetraestireno (TPE) se puede ensamblar en nanopart\u00edculas autoluminiscentes, que forman parte de un sistema de administraci\u00f3n de f\u00e1rmacos; el sistema muestra una emisi\u00f3n inducida por agregaci\u00f3n y se puede rastrear f\u00e1cilmente en las c\u00e9lulas.<\/td>\n<\/tr>\n<tr>\n<td>Solicitud<\/td>\n<td>El tetrafeniletileno es un compuesto que se puede utilizar en edificios, as\u00ed como en la fabricaci\u00f3n de dispositivos m\u00e9dicos, embalajes y aparatos el\u00e9ctricos.<\/p>\n<table class=\"table table-bordered\">\n<tbody>\n<tr>\n<td>Sin\u00f3nimos<\/td>\n<td>TPE<br \/>\ntetrafeniletileno<br \/>\ntetrafeniletileno<br \/>\nTETRAFENILO ETILENO<br \/>\ntetrafeniletileno<br \/>\n1,1,2,2-tetrafenileteno<br \/>\n1,1,2,2-Tetrafeniletileno<br \/>\n1,1,2,2-TETRAFENIL ETILENO<br \/>\nalfa,beta-difenilestilbeno<br \/>\n(1,2,2-trifenilvinil)benceno<br \/>\n1,1\u2032,1\u201d,1\u201d&#039;-eteno-1,1,2,2-tetrailtetrabenceno<br \/>\n1,1\u2032,1\u201d,1\u201d&#039;-(1,2-etendiilideno)tetrakis-benceno<\/td>\n<\/tr>\n<tr>\n<td>CAS<\/td>\n<td>632-51-9<\/td>\n<\/tr>\n<tr>\n<td>EINECS<\/td>\n<td>211-179-1<\/td>\n<\/tr>\n<tr>\n<td>InChi<\/td>\n<td>InChI=1\/C26H20\/c1-5-13-21(14-6-1)25(22-15-7-2-8-16-22)26(23-17-9-3-10-18- 23)24-19-11-4-12-20-24\/h1-20H<\/td>\n<\/tr>\n<tr>\n<td>InChiKey<\/td>\n<td>JLZUZNKTTIRERF-UHFFFAOYSA-N<\/td>\n<\/tr>\n<\/tbody>\n<\/table>\n<\/td>\n<\/tr>\n<\/tbody>\n<\/table>","protected":false},"excerpt":{"rendered":"<h4>CAS: 632-51-9<\/h4>\n<h4>F\u00f3rmula molecular: C26H20<\/h4>","protected":false},"featured_media":7843,"template":"","meta":{"_acf_changed":false,"_gspb_post_css":""},"product_brand":[],"product_cat":[62],"product_tag":[],"class_list":{"0":"post-7842","1":"product","2":"type-product","3":"status-publish","4":"has-post-thumbnail","6":"product_cat-rubberplastic-ingredients","8":"first","9":"instock","10":"shipping-taxable","11":"product-type-simple"},"acf":[],"_links":{"self":[{"href":"https:\/\/wpachem.com\/es\/wp-json\/wp\/v2\/product\/7842","targetHints":{"allow":["GET"]}}],"collection":[{"href":"https:\/\/wpachem.com\/es\/wp-json\/wp\/v2\/product"}],"about":[{"href":"https:\/\/wpachem.com\/es\/wp-json\/wp\/v2\/types\/product"}],"version-history":[{"count":0,"href":"https:\/\/wpachem.com\/es\/wp-json\/wp\/v2\/product\/7842\/revisions"}],"wp:featuredmedia":[{"embeddable":true,"href":"https:\/\/wpachem.com\/es\/wp-json\/wp\/v2\/media\/7843"}],"wp:attachment":[{"href":"https:\/\/wpachem.com\/es\/wp-json\/wp\/v2\/media?parent=7842"}],"wp:term":[{"taxonomy":"product_brand","embeddable":true,"href":"https:\/\/wpachem.com\/es\/wp-json\/wp\/v2\/product_brand?post=7842"},{"taxonomy":"product_cat","embeddable":true,"href":"https:\/\/wpachem.com\/es\/wp-json\/wp\/v2\/product_cat?post=7842"},{"taxonomy":"product_tag","embeddable":true,"href":"https:\/\/wpachem.com\/es\/wp-json\/wp\/v2\/product_tag?post=7842"}],"curies":[{"name":"wp","href":"https:\/\/api.w.org\/{rel}","templated":true}]}}