{"id":7846,"date":"2024-04-26T08:45:39","date_gmt":"2024-04-26T08:45:39","guid":{"rendered":"https:\/\/wpachem.com\/?post_type=product&#038;p=7846"},"modified":"2024-04-26T08:45:40","modified_gmt":"2024-04-26T08:45:40","slug":"sis-a-synthetic-polymer-material-composed-of-styrene-isoprene-and-styrene-monomers-alternately-arranged-in-a-block-structure","status":"publish","type":"product","link":"https:\/\/wpachem.com\/es\/producto\/sis-a-synthetic-polymer-material-composed-of-styrene-isoprene-and-styrene-monomers-alternately-arranged-in-a-block-structure\/","title":{"rendered":"SIS es un material polim\u00e9rico sint\u00e9tico compuesto de estireno, isopreno y mon\u00f3meros de estireno dispuestos alternativamente en una estructura de bloques."},"content":{"rendered":"<p>Sin\u00f3nimos<\/p>\n<p>SIS TCP228 RANTES de rata Citocina peque\u00f1a inducible A5 Prote\u00edna espec\u00edfica de c\u00e9lulas T P228 Prote\u00edna RANTES espec\u00edfica de c\u00e9lulas T Caucho de estireno-isopreno-estireno<\/p>\n<h3 class=\"info\">SIS \u2013\u00a0<strong>Propiedades fisicoqu\u00edmicas<\/strong><\/h3>\n<div class=\"portlet-body\">\n<table class=\"table table-bordered\">\n<tbody>\n<tr>\n<td>Condici\u00f3n de almacenamiento<\/td>\n<td>-20\u00b0C<\/td>\n<\/tr>\n<tr>\n<td>Usar<\/td>\n<td>Los usos para adhesivos que ahorran energ\u00eda y adhesivos sensibles a la presi\u00f3n solubles en calor y libres de contaminaci\u00f3n y de bajo consumo de energ\u00eda, tambi\u00e9n se usan ampliamente en industrias m\u00e9dicas, el\u00e9ctricas, de embalaje, de pel\u00edculas compuestas y otras industrias.<\/td>\n<\/tr>\n<\/tbody>\n<\/table>\n<\/div>\n<p>&nbsp;<\/p>","protected":false},"excerpt":{"rendered":"<div class=\"portlet-body\">\n<table class=\"table table-bordered\">\n<tbody>\n<tr>\n<td><\/td>\n<\/tr>\n<\/tbody>\n<\/table>\n<\/div>\n<h3>SIS \u2013\u00a0<strong>Introducci\u00f3n<\/strong><\/h3>\n<div>SIS(SIS) es un material polim\u00e9rico sint\u00e9tico compuesto de mon\u00f3meros de estireno, isopreno y estireno dispuestos alternativamente en una estructura de bloques. A continuaci\u00f3n se ofrece informaci\u00f3n sobre la naturaleza, el uso, el m\u00e9todo y la seguridad del SIS:<\/p>\n<p>Naturaleza:<br \/>\n1. Elasticidad: SIS tiene buena elasticidad y resiliencia y puede recuperar su forma inicial despu\u00e9s de la tensi\u00f3n.<br \/>\n2. Viscosidad: SIS muestra una alta viscosidad y puede proporcionar un buen rendimiento de adhesi\u00f3n.<br \/>\n3. Resistencia al fr\u00edo: SIS a\u00fan puede mantener buena elasticidad y viscosidad a baja temperatura.<br \/>\n4. Resistencia qu\u00edmica: SIS tiene buena resistencia a algunos disolventes y productos qu\u00edmicos comunes.<\/p>\n<p>Usar:<br \/>\n1. Adhesivo: SIS se utiliza ampliamente en el campo de los adhesivos para unir papel, pl\u00e1stico, madera y otros materiales.<br \/>\n2. Material de pel\u00edcula de sellado: SIS se puede utilizar como material de pel\u00edcula de sellado termopl\u00e1stico, como una pel\u00edcula de sellado para materiales conductores.<br \/>\n3. Material muy el\u00e1stico: SIS se utiliza a menudo para preparar materiales el\u00e1sticos y blandos, como negativos de goma, resortes, sellos, etc.<\/p>\n<p>M\u00e9todo:<br \/>\nLa preparaci\u00f3n de SIS suele completarse mediante polimerizaci\u00f3n. Se a\u00f1aden estireno e isopreno a un recipiente de reacci\u00f3n adecuado en una cierta proporci\u00f3n, y se a\u00f1aden iniciadores de polimerizaci\u00f3n y otros aditivos, la reacci\u00f3n de polimerizaci\u00f3n se lleva a cabo en condiciones de reacci\u00f3n apropiadas (por ejemplo, temperatura, tiempo, etc.) para obtener SIS. .<\/p>\n<p>Informaci\u00f3n de seguridad:<br \/>\n1. El SIS suele ser estable y seguro, pero se debe tener cuidado para evitar la producci\u00f3n de combustibles o sustancias nocivas durante su preparaci\u00f3n y uso.<br \/>\n2. Al manipular SIS, se recomienda utilizar guantes y gafas protectoras adecuadas para evitar el contacto con la piel y los ojos.<br \/>\n3. En caso de inhalaci\u00f3n o ingesti\u00f3n accidental de SIS, se debe trasladar a un lugar ventilado lo antes posible y buscar tratamiento m\u00e9dico.<br \/>\n4. Al almacenar y manipular SIS, observe el c\u00f3digo de pr\u00e1cticas de seguridad y las normas medioambientales pertinentes.<\/p><\/div>","protected":false},"featured_media":7847,"template":"","meta":{"_acf_changed":false,"_gspb_post_css":""},"product_brand":[],"product_cat":[62],"product_tag":[168],"class_list":{"0":"post-7846","1":"product","2":"type-product","3":"status-publish","4":"has-post-thumbnail","6":"product_cat-rubberplastic-ingredients","7":"product_tag-sealing-film-material","9":"first","10":"instock","11":"shipping-taxable","12":"product-type-simple"},"acf":[],"_links":{"self":[{"href":"https:\/\/wpachem.com\/es\/wp-json\/wp\/v2\/product\/7846","targetHints":{"allow":["GET"]}}],"collection":[{"href":"https:\/\/wpachem.com\/es\/wp-json\/wp\/v2\/product"}],"about":[{"href":"https:\/\/wpachem.com\/es\/wp-json\/wp\/v2\/types\/product"}],"version-history":[{"count":0,"href":"https:\/\/wpachem.com\/es\/wp-json\/wp\/v2\/product\/7846\/revisions"}],"wp:featuredmedia":[{"embeddable":true,"href":"https:\/\/wpachem.com\/es\/wp-json\/wp\/v2\/media\/7847"}],"wp:attachment":[{"href":"https:\/\/wpachem.com\/es\/wp-json\/wp\/v2\/media?parent=7846"}],"wp:term":[{"taxonomy":"product_brand","embeddable":true,"href":"https:\/\/wpachem.com\/es\/wp-json\/wp\/v2\/product_brand?post=7846"},{"taxonomy":"product_cat","embeddable":true,"href":"https:\/\/wpachem.com\/es\/wp-json\/wp\/v2\/product_cat?post=7846"},{"taxonomy":"product_tag","embeddable":true,"href":"https:\/\/wpachem.com\/es\/wp-json\/wp\/v2\/product_tag?post=7846"}],"curies":[{"name":"wp","href":"https:\/\/api.w.org\/{rel}","templated":true}]}}