{"id":7849,"date":"2024-04-26T09:19:04","date_gmt":"2024-04-26T09:19:04","guid":{"rendered":"https:\/\/wpachem.com\/?post_type=product&#038;p=7849"},"modified":"2024-04-26T09:19:05","modified_gmt":"2024-04-26T09:19:05","slug":"sebs-yh-507-567-yh-505-yh-506-506h-es-series-sebs-sebs-yh-520-sebs-yh-535","status":"publish","type":"product","link":"https:\/\/wpachem.com\/es\/producto\/sebs-yh-507-567-yh-505-yh-506-506h-es-series-sebs-sebs-yh-520-sebs-yh-535\/","title":{"rendered":"SEBS YH-507\/567\/YH-505 YH-506\/506H Serie ES SEBS SEBS YH-520 SEBS YH-535"},"content":{"rendered":"<p>SEBS para pel\u00edcula protectora autoadhesiva<\/p>\n<p>SEBS YH-507\/567<\/p>\n<p>Caracter\u00edsticas:Copol\u00edmero de bloque lineal Contiene di-bloque<\/p>\n<p>Aplicaciones: Para preparar una capa adhesiva en una pel\u00edcula protectora para proteger la superficie de objetos en la industria, incluidos hardware, electr\u00f3nica, arquitectura, pintura automotriz, acero inoxidable, dispositivos \u00f3pticos, pel\u00edculas de algod\u00f3n, etc. Modificaci\u00f3n de pl\u00e1sticos.<\/p>\n<p>Embalaje: bolsa de PE de 13 kg<\/p>\n<p>&nbsp;<\/p>\n<p>Grado SEBS de alta fluidez<\/p>\n<p>SEBS YH-505<\/p>\n<p>Caracter\u00edsticas :<br \/>\nCopol\u00edmero de bloque lineal<br \/>\nAlta fluidez<br \/>\nBuena compatibilidad con poliolefinas.<br \/>\nExcelente procesabilidad<\/p>\n<p>Aplicaciones:<br \/>\nRevestimiento de piel para autom\u00f3viles<\/p>\n<p>Cuero sint\u00e9tico<\/p>\n<p>Hilo de fibra el\u00e1stica<\/p>\n<p>Embalaje: bolsa de PE de 13 kg<\/p>\n<p>&nbsp;<\/p>\n<p>Grados m\u00e9dicos de SEBS SEBS YH-506\/506H<\/p>\n<p>Caracter\u00edsticas :<br \/>\nEstructura de vinilo alta<br \/>\nBuena compatibilidad con PP<\/p>\n<p>Aplicaciones:<br \/>\nDispositivos m\u00e9dicos como tubos de infusi\u00f3n, cat\u00e9teres y acupuntura del cuero cabelludo.<\/p>\n<p>Envases farmac\u00e9uticos<\/p>\n<p>Modificaci\u00f3n de pl\u00e1sticos<\/p>\n<p>Serie ES SEBS<\/p>\n<p>Los productos de la serie ES son productos hidrogenados de copol\u00edmeros de estireno-butadieno. Con un alto m\u00f3dulo el\u00e1stico y resistencia a la tracci\u00f3n, excelente resistencia al rayado y rendimiento de recubrimiento, se pueden aplicar en la fabricaci\u00f3n de calzado militar antiperforaci\u00f3n, entrecapas de vidrio a prueba de balas y productos de alambre resistentes al rayado, etc. M\u00e1s importante a\u00fan, los pol\u00edmeros con esta estructura tienen una mayor resistencia a la fusi\u00f3n durante la formaci\u00f3n de espuma en comparaci\u00f3n con los SEBS tradicionales y son menos propensos a la ruptura celular. Pueden obtener una buena estructura celular de circuito cerrado y los materiales de espuma preparados a partir de ellos tienen mejores propiedades de rebote y compresi\u00f3n. Por lo tanto, son particularmente adecuados para la formaci\u00f3n de espuma de materiales y tableros para calzado, etc.<\/p>\n<p>SEBS YH-520<\/p>\n<p>Caracter\u00edsticas :<br \/>\nCopol\u00edmero en bloque de estireno-butadieno<\/p>\n<p>Alto m\u00f3dulo el\u00e1stico, resistencia al rayado y resistencia a la perforaci\u00f3n.<\/p>\n<p>Excelentes propiedades de rebote y compresi\u00f3n despu\u00e9s de la formaci\u00f3n de espuma.<\/p>\n<p>Aplicaciones:<br \/>\nEntresuela de espuma para calzado deportivo de alto rebote<br \/>\nPel\u00edcula de sujeci\u00f3n de vidrio de seguridad (reemplaza la pel\u00edcula PVB)<\/p>\n<p>SEBS YH-535<\/p>\n<p>Caracter\u00edsticas :<br \/>\nCopol\u00edmero en bloque de estireno-butadieno<br \/>\nAlto rendimiento de rebote<\/p>\n<p>Aplicaciones: Reemplazo de OBC para modificar EVA para mejorar la resiliencia y la resistencia a la contracci\u00f3n de los materiales de espuma.<\/p>\n<p>En comparaci\u00f3n con el EVA sin modificar, el OBC y el 535 pueden mejorar significativamente la resiliencia y la resistencia a la contracci\u00f3n de los materiales de espuma, y el efecto del 535 es equivalente al del OBC, con algunos indicadores superiores al OBC.<\/p>","protected":false},"excerpt":{"rendered":"<p>SEBS para pel\u00edcula protectora autoadhesiva SEBS YH-507\/567 Caracter\u00edsticas: Copol\u00edmero de bloque lineal Contiene di-bloque Aplicaciones: Para preparar una capa adhesiva en una pel\u00edcula protectora para proteger la superficie de los objetos en la industria, incluyendo hardware, electr\u00f3nica, arquitectura, pintura automotriz, acero inoxidable, dispositivos \u00f3pticos, pel\u00edcula de copol\u00edmero, etc. Modificaci\u00f3n de pl\u00e1sticos Embalaje: Bolsa de PE de 13 kg Grado SEBS de alta fluidez SEBS YH-505 Caracter\u00edsticas: Lineal [\u2026]<\/p>","protected":false},"featured_media":7852,"template":"","meta":{"_acf_changed":false,"_gspb_post_css":""},"product_brand":[],"product_cat":[62],"product_tag":[],"class_list":{"0":"post-7849","1":"product","2":"type-product","3":"status-publish","4":"has-post-thumbnail","6":"product_cat-rubberplastic-ingredients","8":"first","9":"instock","10":"shipping-taxable","11":"product-type-simple"},"acf":[],"_links":{"self":[{"href":"https:\/\/wpachem.com\/es\/wp-json\/wp\/v2\/product\/7849","targetHints":{"allow":["GET"]}}],"collection":[{"href":"https:\/\/wpachem.com\/es\/wp-json\/wp\/v2\/product"}],"about":[{"href":"https:\/\/wpachem.com\/es\/wp-json\/wp\/v2\/types\/product"}],"version-history":[{"count":0,"href":"https:\/\/wpachem.com\/es\/wp-json\/wp\/v2\/product\/7849\/revisions"}],"wp:featuredmedia":[{"embeddable":true,"href":"https:\/\/wpachem.com\/es\/wp-json\/wp\/v2\/media\/7852"}],"wp:attachment":[{"href":"https:\/\/wpachem.com\/es\/wp-json\/wp\/v2\/media?parent=7849"}],"wp:term":[{"taxonomy":"product_brand","embeddable":true,"href":"https:\/\/wpachem.com\/es\/wp-json\/wp\/v2\/product_brand?post=7849"},{"taxonomy":"product_cat","embeddable":true,"href":"https:\/\/wpachem.com\/es\/wp-json\/wp\/v2\/product_cat?post=7849"},{"taxonomy":"product_tag","embeddable":true,"href":"https:\/\/wpachem.com\/es\/wp-json\/wp\/v2\/product_tag?post=7849"}],"curies":[{"name":"wp","href":"https:\/\/api.w.org\/{rel}","templated":true}]}}