{"id":7854,"date":"2024-04-28T06:54:50","date_gmt":"2024-04-28T06:54:50","guid":{"rendered":"https:\/\/wpachem.com\/?post_type=product&#038;p=7854"},"modified":"2024-04-28T07:08:52","modified_gmt":"2024-04-28T07:08:52","slug":"ssbr-solution-styrene-butadiene-rubber","status":"publish","type":"product","link":"https:\/\/wpachem.com\/es\/producto\/ssbr-solution-styrene-butadiene-rubber\/","title":{"rendered":"SSBR Soluci\u00f3n de caucho de estireno butadieno SSBR YH-3103 YH-5103"},"content":{"rendered":"<h3>Caucho de estireno butadieno en soluci\u00f3n \u2013\u00a0<strong>Introducci\u00f3n<\/strong><\/h3>\n<div>\n<p>El SSBR (caucho de estireno-butadieno), tambi\u00e9n conocido como caucho de estireno-butadieno, es un tipo de caucho sint\u00e9tico. Se fabrica principalmente mediante la polimerizaci\u00f3n de dos compuestos, estireno y butadieno.<\/p>\n<p>SSBR tiene las siguientes propiedades:<br \/>\n1. Tiene buena resistencia al desgaste y al envejecimiento, lo que lo hace ampliamente utilizado en la industria de los neum\u00e1ticos.<br \/>\n2. Tiene buena elasticidad y resistencia al fr\u00edo, lo que lo hace adecuado para la fabricaci\u00f3n de productos como sellos de caucho y amortiguadores de vibraciones.<br \/>\n3. Tiene alta resistencia al desgarro y m\u00f3dulo el\u00e1stico, por lo que puede proporcionar buena resistencia y rigidez en productos de caucho.<\/p>\n<p>Los principales usos del SSBR incluyen:<br \/>\n1. Fabricaci\u00f3n de neum\u00e1ticos: El SSBR se utiliza ampliamente en bandas de rodadura y compuestos laterales de neum\u00e1ticos para proporcionar una excelente resistencia al desgaste y agarre.<br \/>\n2. Productos de caucho industriales: incluidos sellos de caucho, amortiguadores de vibraciones de caucho, cintas transportadoras, revestimientos de caucho y otras aplicaciones.<br \/>\n3. Botas, guantes y otros productos de caucho: la buena elasticidad y resistencia al fr\u00edo del SSBR lo convierten en un material ideal para la producci\u00f3n de botas a prueba de fr\u00edo, guantes de trabajo y otros productos.<\/p>\n<p>M\u00e9todo de preparaci\u00f3n: el SSBR se sintetiza generalmente mediante una reacci\u00f3n de polimerizaci\u00f3n. El m\u00e9todo de fabricaci\u00f3n m\u00e1s com\u00fan es polimerizar estireno y butadieno en cadenas de pol\u00edmeros mediante polimerizaci\u00f3n en emulsi\u00f3n o polimerizaci\u00f3n en soluci\u00f3n mediante la introducci\u00f3n de iniciadores y reguladores de polimerizaci\u00f3n.<\/p>\n<p>Para obtener informaci\u00f3n de seguridad, tenga en cuenta lo siguiente al utilizar y almacenar un SSBR:<br \/>\n1. Evite el contacto directo con la piel y los ojos, utilice guantes y gafas protectoras adecuadas.<br \/>\n2. Opere en un \u00e1rea bien ventilada para evitar inhalar part\u00edculas SSBR excesivas.<br \/>\n3. Siga las recomendaciones de uso y manipulaci\u00f3n proporcionadas por el proveedor para evitar reacciones peligrosas con otras sustancias.<br \/>\n4. Guarde el SSBR en un lugar seco, fresco y ventilado, lejos del fuego y de materiales inflamables.<\/p>\n<\/div>\n<p>&nbsp;<\/p>\n<p>Reactor de banda estrecha YH-3103<\/p>\n<p>Caracter\u00edsticas :<br \/>\nCopol\u00edmero aleatorio<br \/>\nAlta resistencia al impacto<br \/>\nBuena propiedad \u00f3ptica<\/p>\n<p>Aplicaciones:<br \/>\nModificaci\u00f3n del ABS\/PS<br \/>\nModificaci\u00f3n del asfalto<br \/>\nCalzado<\/p>\n<p>&nbsp;<\/p>\n<p>Receptor de se\u00f1al de radiofrecuencia YH-5103<\/p>\n<p>Caracter\u00edsticas :<br \/>\nCopol\u00edmero aleatorio<\/p>\n<p>Alto contenido de estireno<\/p>\n<p>Resistencia al desgaste, alta resistencia, buena transparencia y estabilidad dimensional en la fabricaci\u00f3n de calzado.<\/p>\n<p>Aplicaciones:<br \/>\nCalzado<br \/>\nModificaci\u00f3n de pl\u00e1sticos<br \/>\nNeum\u00e1tico<\/p>\n<p>&nbsp;<\/p>","protected":false},"excerpt":{"rendered":"<table class=\"table table-bordered\">\n<tbody>\n<tr>\n<td>\u82f1\u6587\u540d<\/td>\n<td>Caucho de estireno butadieno en soluci\u00f3n<\/td>\n<\/tr>\n<tr>\n<td>\u82f1\u6587\u522b\u540d<\/td>\n<td>Caucho de estireno butadieno en soluci\u00f3n<br \/>\nSSBR<br \/>\nCaucho de estireno-butadieno de polimerizaci\u00f3n en soluci\u00f3n<\/td>\n<\/tr>\n<\/tbody>\n<\/table>\n<p>Embalaje: bolsa de papel de 25 kg.<\/p>","protected":false},"featured_media":7855,"template":"","meta":{"_acf_changed":false,"_gspb_post_css":""},"product_brand":[],"product_cat":[62],"product_tag":[],"class_list":{"0":"post-7854","1":"product","2":"type-product","3":"status-publish","4":"has-post-thumbnail","6":"product_cat-rubberplastic-ingredients","8":"first","9":"instock","10":"shipping-taxable","11":"product-type-simple"},"acf":[],"_links":{"self":[{"href":"https:\/\/wpachem.com\/es\/wp-json\/wp\/v2\/product\/7854","targetHints":{"allow":["GET"]}}],"collection":[{"href":"https:\/\/wpachem.com\/es\/wp-json\/wp\/v2\/product"}],"about":[{"href":"https:\/\/wpachem.com\/es\/wp-json\/wp\/v2\/types\/product"}],"version-history":[{"count":0,"href":"https:\/\/wpachem.com\/es\/wp-json\/wp\/v2\/product\/7854\/revisions"}],"wp:featuredmedia":[{"embeddable":true,"href":"https:\/\/wpachem.com\/es\/wp-json\/wp\/v2\/media\/7855"}],"wp:attachment":[{"href":"https:\/\/wpachem.com\/es\/wp-json\/wp\/v2\/media?parent=7854"}],"wp:term":[{"taxonomy":"product_brand","embeddable":true,"href":"https:\/\/wpachem.com\/es\/wp-json\/wp\/v2\/product_brand?post=7854"},{"taxonomy":"product_cat","embeddable":true,"href":"https:\/\/wpachem.com\/es\/wp-json\/wp\/v2\/product_cat?post=7854"},{"taxonomy":"product_tag","embeddable":true,"href":"https:\/\/wpachem.com\/es\/wp-json\/wp\/v2\/product_tag?post=7854"}],"curies":[{"name":"wp","href":"https:\/\/api.w.org\/{rel}","templated":true}]}}