{"id":7859,"date":"2024-04-28T07:19:08","date_gmt":"2024-04-28T07:19:08","guid":{"rendered":"https:\/\/wpachem.com\/?post_type=product&#038;p=7859"},"modified":"2024-04-28T07:22:18","modified_gmt":"2024-04-28T07:22:18","slug":"butadiene-isoprene-rubber-bir-yh-3670","status":"publish","type":"product","link":"https:\/\/wpachem.com\/es\/producto\/butadiene-isoprene-rubber-bir-yh-3670\/","title":{"rendered":"Caucho de butadieno-isopreno BIR YH-3670"},"content":{"rendered":"<p>Caracter\u00edsticas :<br \/>\nCopol\u00edmero de caucho de butadieno-isopreno ramificado en peine<br \/>\nAlta resistencia al deslizamiento en mojado<br \/>\nGeneraci\u00f3n de calor de baja compresi\u00f3n.<br \/>\nPropiedad de amortiguaci\u00f3n<\/p>\n<p>Aplicaciones:<\/p>\n<p>Neum\u00e1tico<\/p>\n<p>Reducci\u00f3n de ruido y absorci\u00f3n de impactos.<\/p>","protected":false},"excerpt":{"rendered":"<p>Caracter\u00edsticas: Copol\u00edmero de caucho de butadieno-isopreno ramificado en peine Alta resistencia al deslizamiento en h\u00famedo Baja generaci\u00f3n de calor por compresi\u00f3n Propiedad de amortiguaci\u00f3n Aplicaciones: Neum\u00e1tico Reducci\u00f3n de ruido y absorci\u00f3n de impactos<\/p>","protected":false},"featured_media":7860,"template":"","meta":{"_acf_changed":false,"_gspb_post_css":""},"product_brand":[],"product_cat":[62],"product_tag":[],"class_list":{"0":"post-7859","1":"product","2":"type-product","3":"status-publish","4":"has-post-thumbnail","6":"product_cat-rubberplastic-ingredients","8":"first","9":"instock","10":"shipping-taxable","11":"product-type-simple"},"acf":[],"_links":{"self":[{"href":"https:\/\/wpachem.com\/es\/wp-json\/wp\/v2\/product\/7859","targetHints":{"allow":["GET"]}}],"collection":[{"href":"https:\/\/wpachem.com\/es\/wp-json\/wp\/v2\/product"}],"about":[{"href":"https:\/\/wpachem.com\/es\/wp-json\/wp\/v2\/types\/product"}],"version-history":[{"count":0,"href":"https:\/\/wpachem.com\/es\/wp-json\/wp\/v2\/product\/7859\/revisions"}],"wp:featuredmedia":[{"embeddable":true,"href":"https:\/\/wpachem.com\/es\/wp-json\/wp\/v2\/media\/7860"}],"wp:attachment":[{"href":"https:\/\/wpachem.com\/es\/wp-json\/wp\/v2\/media?parent=7859"}],"wp:term":[{"taxonomy":"product_brand","embeddable":true,"href":"https:\/\/wpachem.com\/es\/wp-json\/wp\/v2\/product_brand?post=7859"},{"taxonomy":"product_cat","embeddable":true,"href":"https:\/\/wpachem.com\/es\/wp-json\/wp\/v2\/product_cat?post=7859"},{"taxonomy":"product_tag","embeddable":true,"href":"https:\/\/wpachem.com\/es\/wp-json\/wp\/v2\/product_tag?post=7859"}],"curies":[{"name":"wp","href":"https:\/\/api.w.org\/{rel}","templated":true}]}}