{"id":7863,"date":"2024-04-30T07:24:00","date_gmt":"2024-04-30T07:24:00","guid":{"rendered":"https:\/\/wpachem.com\/?post_type=product&#038;p=7863"},"modified":"2024-04-30T07:24:01","modified_gmt":"2024-04-30T07:24:01","slug":"seps-hydrogenated-styrene-ethylene-propylene-styrene","status":"publish","type":"product","link":"https:\/\/wpachem.com\/es\/producto\/seps-hydrogenated-styrene-ethylene-propylene-styrene\/","title":{"rendered":"SEPS Estireno-Etileno Hidrogenado\/Propileno-Estireno"},"content":{"rendered":"<p>El estireno-etileno\/propileno-estireno hidrogenado (SEPS) es un novedoso elast\u00f3mero termopl\u00e1stico que se obtiene hidrogenando selectivamente los dobles enlaces insaturados conjugados en copol\u00edmeros de bloques de estireno-isopreno-estireno (SIS). Actualmente, s\u00f3lo Kuraray de Estados Unidos, Kuraray de Jap\u00f3n y Balin Petrochemical de China y Zhejiang Zhongli tienen capacidades de producci\u00f3n industrial para SEPS. SEPS exhibe excelentes propiedades antioxidantes, as\u00ed como una excelente resistencia a la intemperie, resistencia a \u00e1cidos y \u00e1lcalis, resistencia a la abrasi\u00f3n y flexibilidad, lo que lo hace superior al SIS lineal y en forma de estrella convencional en aplicaciones pr\u00e1cticas. SEPS tiene amplias perspectivas en campos como la medicina, la alimentaci\u00f3n y las comunicaciones 5G, con un importante valor de investigaci\u00f3n.<\/p>","protected":false},"excerpt":{"rendered":"<p>El estireno-etileno\/propileno-estireno hidrogenado (SEPS) es un novedoso elast\u00f3mero termopl\u00e1stico que se obtiene hidrogenando selectivamente los dobles enlaces insaturados conjugados en copol\u00edmeros de bloques de estireno-isopreno-estireno (SIS). Actualmente, s\u00f3lo Kuraray de Estados Unidos, Kuraray de Jap\u00f3n y Balin Petrochemical de China y Zhejiang Zhongli tienen capacidades de producci\u00f3n industrial para SEPS. SEPS exhibe excelentes propiedades antioxidantes, as\u00ed como un excelente clima [\u2026]<\/p>","protected":false},"featured_media":7864,"template":"","meta":{"_acf_changed":false,"_gspb_post_css":""},"product_brand":[],"product_cat":[62],"product_tag":[],"class_list":{"0":"post-7863","1":"product","2":"type-product","3":"status-publish","4":"has-post-thumbnail","6":"product_cat-rubberplastic-ingredients","8":"first","9":"instock","10":"shipping-taxable","11":"product-type-simple"},"acf":[],"_links":{"self":[{"href":"https:\/\/wpachem.com\/es\/wp-json\/wp\/v2\/product\/7863","targetHints":{"allow":["GET"]}}],"collection":[{"href":"https:\/\/wpachem.com\/es\/wp-json\/wp\/v2\/product"}],"about":[{"href":"https:\/\/wpachem.com\/es\/wp-json\/wp\/v2\/types\/product"}],"version-history":[{"count":0,"href":"https:\/\/wpachem.com\/es\/wp-json\/wp\/v2\/product\/7863\/revisions"}],"wp:featuredmedia":[{"embeddable":true,"href":"https:\/\/wpachem.com\/es\/wp-json\/wp\/v2\/media\/7864"}],"wp:attachment":[{"href":"https:\/\/wpachem.com\/es\/wp-json\/wp\/v2\/media?parent=7863"}],"wp:term":[{"taxonomy":"product_brand","embeddable":true,"href":"https:\/\/wpachem.com\/es\/wp-json\/wp\/v2\/product_brand?post=7863"},{"taxonomy":"product_cat","embeddable":true,"href":"https:\/\/wpachem.com\/es\/wp-json\/wp\/v2\/product_cat?post=7863"},{"taxonomy":"product_tag","embeddable":true,"href":"https:\/\/wpachem.com\/es\/wp-json\/wp\/v2\/product_tag?post=7863"}],"curies":[{"name":"wp","href":"https:\/\/api.w.org\/{rel}","templated":true}]}}