{"id":7869,"date":"2024-04-30T07:43:55","date_gmt":"2024-04-30T07:43:55","guid":{"rendered":"https:\/\/wpachem.com\/?post_type=product&#038;p=7869"},"modified":"2024-04-30T07:43:56","modified_gmt":"2024-04-30T07:43:56","slug":"ebs-ethylene-bis-stearamide-cas-110-30-5","status":"publish","type":"product","link":"https:\/\/wpachem.com\/es\/producto\/ebs-ethylene-bis-stearamide-cas-110-30-5\/","title":{"rendered":"EBS Etileno Bis Estearamida CAS 110-30-5"},"content":{"rendered":"<table class=\"table table-bordered\">\n<tbody>\n<tr>\n<td>Nombre<\/td>\n<td>Etileno bis estearamida<\/td>\n<\/tr>\n<tr>\n<td>Sin\u00f3nimos<\/td>\n<td>EBS<br \/>\n1,2-diestearamidoetano<br \/>\n<a href=\"https:\/\/www.chembk.com\/en\/chem\/Ethylene%20Bis%20Stearamide\" target=\"_blank\" rel=\"noopener\">Etileno bis esteara<\/a>metro<a href=\"https:\/\/www.chembk.com\/en\/chem\/Ethylene%20Bis%20Stearamide\" target=\"_blank\" rel=\"noopener\">idea<\/a><br \/>\nN,N-etilendi(estearamida)<br \/>\nN,N&#039;-etileno bis-estearamida<br \/>\n2,5-dihexadecilhexanodiamida<br \/>\nN,N-etilenbisoctadecanamida<br \/>\nN,N&#039;-etano-1,2-diildioctadecanamida<\/td>\n<\/tr>\n<\/tbody>\n<\/table>\n<h3 class=\"info\">Etileno bis estearamida \u2013\u00a0<strong>Propiedades fisicoqu\u00edmicas<\/strong><\/h3>\n<div class=\"portlet-body\">\n<table class=\"table table-bordered\">\n<tbody>\n<tr>\n<td>F\u00f3rmula molecular<\/td>\n<td>C38H76N2O2<\/td>\n<\/tr>\n<tr>\n<td>Masa molar<\/td>\n<td>593.02<\/td>\n<\/tr>\n<tr>\n<td>Densidad<\/td>\n<td>0,901 g\/cm<sup>3<\/sup><\/td>\n<\/tr>\n<tr>\n<td>Punto de fusion<\/td>\n<td>144-146\u2103<\/td>\n<\/tr>\n<tr>\n<td>Punto de Boling<\/td>\n<td>724,138\u00b0C a 760 mmHg<\/td>\n<\/tr>\n<tr>\n<td>Punto de inflamabilidad<\/td>\n<td>391,745\u00b0C<\/td>\n<\/tr>\n<tr>\n<td>Presi\u00f3n de vapor<\/td>\n<td>0 mmHg a 25\u00b0C<\/td>\n<\/tr>\n<tr>\n<td>Apariencia<\/td>\n<td>S\u00f3lido ceroso blanco<\/td>\n<\/tr>\n<tr>\n<td>Condici\u00f3n de almacenamiento<\/td>\n<td>Temperatura ambiente<\/td>\n<\/tr>\n<tr>\n<td>\u00cdndice de refracci\u00f3n<\/td>\n<td>1.475<\/td>\n<\/tr>\n<tr>\n<td>MDL<\/td>\n<td>MFCD00059224<\/td>\n<\/tr>\n<\/tbody>\n<\/table>\n<\/div>\n<h3 class=\"info\">Etileno bis estearamida \u2013\u00a0<strong>Riesgo y seguridad<\/strong><\/h3>\n<div class=\"portlet-body\">\n<table class=\"table table-bordered\">\n<tbody>\n<tr>\n<td>S\u00edmbolos de peligro<\/td>\n<td>Xi \u2013 Irritante<\/td>\n<\/tr>\n<tr>\n<td>C\u00f3digos de riesgo<\/td>\n<td>R36\/37\/38 \u2013 Irrita los ojos, las v\u00edas respiratorias y la piel.<\/td>\n<\/tr>\n<tr>\n<td>Descripci\u00f3n de seguridad<\/td>\n<td>S26 \u2013 En caso de contacto con los ojos, enjuagar inmediatamente con abundante agua y consultar a un m\u00e9dico.<br \/>\nS36 \u2013 \u00dasese indumentaria protectora adecuada.<\/td>\n<\/tr>\n<\/tbody>\n<\/table>\n<p>&nbsp;<\/p>\n<\/div>","protected":false},"excerpt":{"rendered":"<table class=\"table table-bordered\">\n<tbody>\n<tr>\n<td>CAS<\/td>\n<td>110-30-5<\/td>\n<\/tr>\n<tr>\n<td>EINECS<\/td>\n<td>203-755-6<\/td>\n<\/tr>\n<tr>\n<td>InChi<\/td>\n<td>InChI=1\/C38H76N2O2\/c1-3-5-7-9-11-13-15-17-19-21-23-25-27-29-31-35(37(39)41)33-34- 36(38(40)42)32-30-28-26-24-22-20-18-16-14-12-10-8-6-4-2\/h35-36H,3-34H2,1- 2H3,(H2,39,41)(H2,40,42)<\/td>\n<\/tr>\n<\/tbody>\n<\/table>\n<p><strong>Etileno bis estearamida \u2013 Introducci\u00f3n<\/strong><br \/>\nLa N,N&#039;-(etano -1, 2-diil) diestearamida, tambi\u00e9n conocida como acetato de dioctilo, es un compuesto org\u00e1nico. La siguiente es una breve descripci\u00f3n de su naturaleza, uso, preparaci\u00f3n e informaci\u00f3n de seguridad.<\/p>\n<p>Naturaleza:<br \/>\nLa N,N&#039;-(etano-1,2-diil)bisestearamida es un s\u00f3lido ceroso de incoloro a amarillo p\u00e1lido. Tiene buena estabilidad t\u00e9rmica y baja volatilidad. Es insoluble en agua a temperatura ambiente, pero soluble en disolventes org\u00e1nicos, como alcoholes, cetonas e hidrocarburos arom\u00e1ticos.<\/p>\n<p>Usar:<br \/>\nLa N,N&#039;-(etano -1,2-diil)bisestearamida se utiliza principalmente como lubricante y plastificante. Tiene un punto de fusi\u00f3n bajo y un alto coeficiente de fricci\u00f3n, por lo que se utiliza a menudo en la fabricaci\u00f3n de productos pl\u00e1sticos, productos de caucho y grasas. Adem\u00e1s, tambi\u00e9n se puede utilizar como aditivo para la preparaci\u00f3n de recubrimientos, tintas y adhesivos de alto rendimiento.<\/p>\n<p>M\u00e9todo de preparaci\u00f3n:<br \/>\nLa preparaci\u00f3n de N,N&#039;-(etano-1,2-diil)bisestearamida se obtiene generalmente haciendo reaccionar \u00e1cido ox\u00e1lico con octanol. El paso espec\u00edfico es que el \u00e1cido ox\u00e1lico y el octanol se esterifican en presencia de un catalizador para generar N,N&#039;-(etano-1,2-diil)diestearamida. El proceso de reacci\u00f3n necesita controlar la temperatura y el tiempo de reacci\u00f3n para mejorar el rendimiento y la pureza.<\/p>\n<p>Informaci\u00f3n de seguridad:<br \/>\nLa N,N&#039;-(etano -1, 2-diil) diestearamida tiene baja toxicidad, pero se deben prestar atenci\u00f3n a algunas cuestiones de seguridad. Puede provocar irritaci\u00f3n en la piel, ojos y sistema respiratorio, por lo que es necesario utilizar medidas de protecci\u00f3n adecuadas durante la operaci\u00f3n, como guantes, gafas y mascarillas. Al mismo tiempo, tambi\u00e9n se debe evitar la exposici\u00f3n prolongada a altas temperaturas o fuentes de fuego para evitar que se queme. Durante el almacenamiento y transporte, debe mantenerse alejado de \u00e1cidos, \u00e1lcalis y oxidantes fuertes y almacenarse en un lugar fresco y ventilado. Cuando ocurre una fuga, se debe eliminar r\u00e1pidamente y evitar que ingrese a la fuente de agua o al suelo para evitar el impacto ambiental. Si es necesario, se recomienda leer y seguir las pautas de seguridad de los productos qu\u00edmicos relevantes antes de su uso.<\/p>","protected":false},"featured_media":7870,"template":"","meta":{"_acf_changed":false,"_gspb_post_css":""},"product_brand":[],"product_cat":[62],"product_tag":[],"class_list":{"0":"post-7869","1":"product","2":"type-product","3":"status-publish","4":"has-post-thumbnail","6":"product_cat-rubberplastic-ingredients","8":"first","9":"instock","10":"shipping-taxable","11":"product-type-simple"},"acf":[],"_links":{"self":[{"href":"https:\/\/wpachem.com\/es\/wp-json\/wp\/v2\/product\/7869","targetHints":{"allow":["GET"]}}],"collection":[{"href":"https:\/\/wpachem.com\/es\/wp-json\/wp\/v2\/product"}],"about":[{"href":"https:\/\/wpachem.com\/es\/wp-json\/wp\/v2\/types\/product"}],"version-history":[{"count":0,"href":"https:\/\/wpachem.com\/es\/wp-json\/wp\/v2\/product\/7869\/revisions"}],"wp:featuredmedia":[{"embeddable":true,"href":"https:\/\/wpachem.com\/es\/wp-json\/wp\/v2\/media\/7870"}],"wp:attachment":[{"href":"https:\/\/wpachem.com\/es\/wp-json\/wp\/v2\/media?parent=7869"}],"wp:term":[{"taxonomy":"product_brand","embeddable":true,"href":"https:\/\/wpachem.com\/es\/wp-json\/wp\/v2\/product_brand?post=7869"},{"taxonomy":"product_cat","embeddable":true,"href":"https:\/\/wpachem.com\/es\/wp-json\/wp\/v2\/product_cat?post=7869"},{"taxonomy":"product_tag","embeddable":true,"href":"https:\/\/wpachem.com\/es\/wp-json\/wp\/v2\/product_tag?post=7869"}],"curies":[{"name":"wp","href":"https:\/\/api.w.org\/{rel}","templated":true}]}}