{"id":7963,"date":"2024-07-04T05:39:18","date_gmt":"2024-07-04T05:39:18","guid":{"rendered":"https:\/\/wpachem.com\/?post_type=product&#038;p=7963"},"modified":"2024-07-04T05:58:53","modified_gmt":"2024-07-04T05:58:53","slug":"yeast-extract-cas-no-8013-01-2-l-linalyl-acetate-radix-scutellariate","status":"publish","type":"product","link":"https:\/\/wpachem.com\/es\/producto\/yeast-extract-cas-no-8013-01-2-l-linalyl-acetate-radix-scutellariate\/","title":{"rendered":"Extracto de levadura CAS No.8013-01-2 Acetato de L-linalilo Radix scutellariate"},"content":{"rendered":"<h3 class=\"info\">levadura -\u00a0<strong>Propiedades fisicoqu\u00edmicas<\/strong><\/h3>\n<div class=\"portlet-body\">\n<table class=\"table table-bordered\">\n<tbody>\n<tr>\n<td>Condici\u00f3n de almacenamiento<\/td>\n<td>Temperatura ambiente<\/td>\n<\/tr>\n<tr>\n<td>Sensible<\/td>\n<td>Absorbe f\u00e1cilmente la humedad.<\/td>\n<\/tr>\n<tr>\n<td>MDL<\/td>\n<td>MFCD00132599<\/td>\n<\/tr>\n<tr>\n<td>Usar<\/td>\n<td>Extractos hidrosolubles de c\u00e9lulas de levadura autol\u00edtica. Este producto es una mezcla de amino\u00e1cidos, p\u00e9ptidos, vitaminas hidrosolubles y carbohidratos, y puede utilizarse como aditivo para el medio de cultivo.<\/td>\n<\/tr>\n<\/tbody>\n<\/table>\n<\/div>\n<h3 class=\"info\">levadura -\u00a0<strong>Referencia<\/strong><\/h3>\n<div class=\"portlet-body\">\n<table class=\"table table-bordered\">\n<tbody>\n<tr>\n<td>Referencia<\/p>\n<div class=\"badge text-bg-secondary more\">Mostrar m\u00e1s<\/div>\n<\/td>\n<td class=\"refs\">1. Wang Xinchun, Xu Wei, Jiang Jianxin, etc. Estudio sobre el proceso metab\u00f3lico in vitro de los productos de degradaci\u00f3n oxidativa de wi\u2026<\/td>\n<\/tr>\n<\/tbody>\n<\/table>\n<\/div>\n<h3>levadura -\u00a0<strong>Introducci\u00f3n<\/strong><\/h3>\n<div>El extracto de levadura de grado de ultrafiltraci\u00f3n utiliza levadura cultivada purificada de alta calidad como materia prima, adopta degradaci\u00f3n biodirigida avanzada y tratamiento de membrana y otras tecnolog\u00edas clave, combinadas con un sistema de garant\u00eda de calidad estrictamente implementado, y la calidad del producto alcanza el nivel avanzado internacional, llenando el vac\u00edo nacional. Este producto se prepara en determinadas condiciones y conserva el contenido de vitaminas y otros nutrientes, como los amino\u00e1cidos libres. Rico en vitaminas, especialmente vitaminas del complejo B, dichos factores generalmente se proporcionan en el medio de cultivo en una concentraci\u00f3n de 0,3-0,5%. Es especialmente adecuado para su uso en el cultivo de microorganismos en leche u otros productos l\u00e1cteos. Este producto es adecuado para la investigaci\u00f3n de laboratorio, lo que favorece la mejora del metabolismo del producto o el nivel de expresi\u00f3n de prote\u00ednas de las bacterias modificadas gen\u00e9ticamente. La calidad del producto es estable y la repetibilidad de uso es buena. Puede satisfacer plenamente la bioingenier\u00eda de vanguardia de medicamentos modificados gen\u00e9ticamente, \u00e1cido hialur\u00f3nico, vacunas, interfer\u00f3n, etc. Necesidades de producci\u00f3n industrial en el campo. 1. Adecuado para una r\u00e1pida producci\u00f3n microbiana y un cultivo de alta densidad 2. La solubilidad de los productos de ultrafiltraci\u00f3n es mayor que 20%, lo que favorece la purificaci\u00f3n de productos fermentados 3. Bajo contenido de endotoxinas, buena repetibilidad (polvo de levadura de triptona) uso combinado, mejor efecto: 1. Part\u00edculas uniformes, buena fluidez, mejora la capacidad de absorci\u00f3n de humedad 2. Color claro, soluci\u00f3n transparente y transl\u00facida 3. Sin precipitaci\u00f3n de esterilizaci\u00f3n de fosfato<\/div>\n<div>\u00daltima actualizaci\u00f3n: 2022-10-16 17:29:02<\/div>\n<h3>levadura -\u00a0<strong>Usos y m\u00e9todos de s\u00edntesis<\/strong><\/h3>\n<div>\n<p><strong>mecanismo de acci\u00f3n<\/strong><\/p>\n<p>1. Nucle\u00f3tido de levadura<\/p>\n<p>El nucle\u00f3tido (NT, por sus siglas en ingl\u00e9s) se forma mediante la uni\u00f3n de bases que contienen nitr\u00f3geno, ribosa o desoxirribosa, y fosfato. Es la unidad b\u00e1sica del \u00e1cido nucleico y desempe\u00f1a un papel importante en los organismos. La adici\u00f3n de nucle\u00f3tidos ex\u00f3genos puede tener un impacto significativo en el sistema inmunol\u00f3gico gastrointestinal y la funci\u00f3n hep\u00e1tica de los animales. En condiciones espec\u00edficas, los nucle\u00f3tidos deben complementarse para garantizar las funciones fisiol\u00f3gicas normales del cuerpo.<\/p>\n<p>2. \u03b2-glucano de levadura<\/p>\n<p>El \u03b2-glucano (\u03b2-glucano) es uno de los componentes estructurales m\u00e1s importantes de la pared celular de la levadura, la mayor\u00eda de los cuales son part\u00edculas insolubles en agua o coloidales. A diferencia de otros az\u00facares, los monosac\u00e1ridos de los az\u00facares generales est\u00e1n unidos por enlaces \u03b2-1,4, mientras que los monosac\u00e1ridos del \u03b2-glucano est\u00e1n conectados por enlaces \u03b2-1,3 y enlaces \u03b2-1,6. Debido al m\u00e9todo de uni\u00f3n especial y a la existencia de enlaces de hidr\u00f3geno molecular, el \u03b2-glucano tiene una estructura molecular en espiral, y su configuraci\u00f3n especial es f\u00e1cilmente aceptada por el sistema inmunol\u00f3gico. Los estudios han demostrado que el \u03b2-glucano es la matriz de la respuesta inmune, que puede estimular la proliferaci\u00f3n de linfocitos en animales, activar el complemento de macr\u00f3fagos en animales, promover la formaci\u00f3n de anticuerpos e inducir la producci\u00f3n de interfer\u00f3n, y mejorar su inmunidad celular y humoral. Funci\u00f3n inmune, mejorando as\u00ed la funci\u00f3n inmune espec\u00edfica y no espec\u00edfica del cuerpo, mejorando la salud animal y mejorando la tasa de supervivencia.<\/p>\n<p><strong>Preparaci\u00f3n de cepas<\/strong><\/p>\n<p>Las cepas utilizadas son levadura de cerveza (Scerevisiaec Hansen) y pseudomonas rojas (Rhodopseudomonas). Cultivo compuesto en medio l\u00edquido. La composici\u00f3n del medio de cultivo es: glucosa 3%, sulfato de amonio 0,5%, carbonato de calcio 0,003%, cloruro de sodio 0,02%, extracto de levadura 0,2%, esterilizado a 121 \u2103 durante 30 min, enfriado y conectado con las dos cepas anteriores. Condiciones de cultivo: 30 \u00b1 1 \u2103, ventilaci\u00f3n intermitente, ventilaci\u00f3n de 1:0,5-1:0,8 vvm, velocidad de agitaci\u00f3n de 150 r\/min, cultivo de 2-3 d, es decir, l\u00edquido de semilla madura.<\/p>\n<\/div>\n<div>\u00daltima actualizaci\u00f3n: 2024-04-09 01:59:50<\/div>","protected":false},"excerpt":{"rendered":"<table class=\"table table-bordered\">\n<tbody>\n<tr>\n<td>Nombre<\/td>\n<td>levadura<\/td>\n<\/tr>\n<tr>\n<td>Sin\u00f3nimos<\/td>\n<td>levadura<br \/>\nExtracto de levadura<br \/>\nAcetato de L-linalilo<br \/>\nRadix escutelariado<br \/>\nRa\u00edz de la escutelaria del Baikal<br \/>\n5 KG DE EXTRACTO DE LEVADURA SERVABACTER EN POLVO<\/td>\n<\/tr>\n<tr>\n<td>CAS<\/td>\n<td>8013-01-2<\/td>\n<\/tr>\n<tr>\n<td>EINECS<\/td>\n<td>232-387-9<\/td>\n<\/tr>\n<\/tbody>\n<\/table>","protected":false},"featured_media":7965,"template":"elementor_theme","meta":{"_acf_changed":false,"_gspb_post_css":""},"product_brand":[],"product_cat":[55,101],"product_tag":[],"class_list":{"0":"post-7963","1":"product","2":"type-product","3":"status-publish","4":"has-post-thumbnail","6":"product_cat-food-additives","7":"product_cat-flavour-enhancer-food-additives","9":"first","10":"instock","11":"shipping-taxable","12":"product-type-simple"},"acf":[],"_links":{"self":[{"href":"https:\/\/wpachem.com\/es\/wp-json\/wp\/v2\/product\/7963","targetHints":{"allow":["GET"]}}],"collection":[{"href":"https:\/\/wpachem.com\/es\/wp-json\/wp\/v2\/product"}],"about":[{"href":"https:\/\/wpachem.com\/es\/wp-json\/wp\/v2\/types\/product"}],"version-history":[{"count":0,"href":"https:\/\/wpachem.com\/es\/wp-json\/wp\/v2\/product\/7963\/revisions"}],"wp:featuredmedia":[{"embeddable":true,"href":"https:\/\/wpachem.com\/es\/wp-json\/wp\/v2\/media\/7965"}],"wp:attachment":[{"href":"https:\/\/wpachem.com\/es\/wp-json\/wp\/v2\/media?parent=7963"}],"wp:term":[{"taxonomy":"product_brand","embeddable":true,"href":"https:\/\/wpachem.com\/es\/wp-json\/wp\/v2\/product_brand?post=7963"},{"taxonomy":"product_cat","embeddable":true,"href":"https:\/\/wpachem.com\/es\/wp-json\/wp\/v2\/product_cat?post=7963"},{"taxonomy":"product_tag","embeddable":true,"href":"https:\/\/wpachem.com\/es\/wp-json\/wp\/v2\/product_tag?post=7963"}],"curies":[{"name":"wp","href":"https:\/\/api.w.org\/{rel}","templated":true}]}}