{"id":5285,"date":"2023-11-28T03:03:00","date_gmt":"2023-11-28T03:03:00","guid":{"rendered":"https:\/\/wpachem.com\/?page_id=5285"},"modified":"2023-11-28T03:09:26","modified_gmt":"2023-11-28T03:09:26","slug":"pigments-dyes-division","status":"publish","type":"page","link":"https:\/\/wpachem.com\/tr\/pigments-dyes-division\/","title":{"rendered":"Pigmentler ve Boyalar B\u00f6l\u00fcm\u00fc"},"content":{"rendered":"<div data-elementor-type=\"wp-page\" data-elementor-id=\"5285\" class=\"elementor elementor-5285\" data-elementor-post-type=\"page\">\n\t\t\t\t\t\t<section data-particle_enable=\"false\" data-particle-mobile-disabled=\"false\" data-exad-particle-enable=\"false\" class=\"elementor-section elementor-top-section elementor-element elementor-element-419450e ct-section-stretched elementor-section-height-min-height elementor-section-boxed elementor-section-height-default elementor-section-items-middle exad-parallax-effect-no exad-background-color-change-no exad-glass-effect-no exad-sticky-section-no\" data-id=\"419450e\" data-element_type=\"section\" data-settings=\"{&quot;background_background&quot;:&quot;classic&quot;,&quot;shape_divider_bottom&quot;:&quot;waves&quot;}\">\n\t\t\t\t\t<div class=\"elementor-shape elementor-shape-bottom\" aria-hidden=\"true\" data-negative=\"false\">\n\t\t\t<svg xmlns=\"http:\/\/www.w3.org\/2000\/svg\" viewbox=\"0 0 1000 100\" preserveaspectratio=\"none\">\n\t<path class=\"elementor-shape-fill\" d=\"M421.9,6.5c22.6-2.5,51.5,0.4,75.5,5.3c23.6,4.9,70.9,23.5,100.5,35.7c75.8,32.2,133.7,44.5,192.6,49.7\tc23.6,2.1,48.7,3.5,103.4-2.5c54.7-6,106.2-25.6,106.2-25.6V0H0v30.3c0,0,72,32.6,158.4,30.5c39.2-0.7,92.8-6.7,134-22.4\tc21.2-8.1,52.2-18.2,79.7-24.2C399.3,7.9,411.6,7.5,421.9,6.5z\"\/>\n<\/svg>\t\t<\/div>\n\t\t\t\t\t<div class=\"elementor-container elementor-column-gap-default\">\n\t\t\t\t\t<div class=\"elementor-column elementor-col-100 elementor-top-column elementor-element elementor-element-1d08d16 exad-glass-effect-no exad-sticky-section-no\" data-id=\"1d08d16\" data-element_type=\"column\">\n\t\t\t<div class=\"elementor-widget-wrap elementor-element-populated\">\n\t\t\t\t\t\t<div class=\"elementor-element elementor-element-2a8a3ee exad-sticky-section-no exad-glass-effect-no elementor-widget elementor-widget-heading\" data-id=\"2a8a3ee\" data-element_type=\"widget\" data-widget_type=\"heading.default\">\n\t\t\t\t<div class=\"elementor-widget-container\">\n\t\t\t\t\t<h1 class=\"elementor-heading-title elementor-size-default\">Pigmentler ve Boyalar B\u00f6l\u00fcm\u00fc<\/h1>\t\t\t\t<\/div>\n\t\t\t\t<\/div>\n\t\t\t\t\t<\/div>\n\t\t<\/div>\n\t\t\t\t\t<\/div>\n\t\t<\/section>\n\t\t<div data-particle_enable=\"false\" data-particle-mobile-disabled=\"false\" class=\"elementor-element elementor-element-b981cd3 e-flex e-con-boxed e-con e-parent\" data-id=\"b981cd3\" data-element_type=\"container\" data-settings=\"{&quot;background_background&quot;:&quot;classic&quot;}\">\n\t\t\t\t\t<div class=\"e-con-inner\">\n\t\t<div data-particle_enable=\"false\" data-particle-mobile-disabled=\"false\" class=\"elementor-element elementor-element-ba1379c e-con-full e-flex e-con e-child\" data-id=\"ba1379c\" data-element_type=\"container\">\n\t\t\t\t<div class=\"elementor-element elementor-element-ff8c15d exad-sticky-section-no exad-glass-effect-no elementor-widget elementor-widget-text-editor\" data-id=\"ff8c15d\" data-element_type=\"widget\" data-widget_type=\"text-editor.default\">\n\t\t\t\t<div class=\"elementor-widget-container\">\n\t\t\t\t\t\t\t\t\t<p>WPA, \u00c7in&#039;de \u00f6nde gelen bir \u00f6zel pigment hizmeti sa\u011flay\u0131c\u0131s\u0131d\u0131r. Kaplamalar, plastikler, kau\u00e7uk, m\u00fcrekkep, ka\u011f\u0131t ve di\u011fer uygulamalar\u0131 kapsayan \u00f6zel pigment segmentinde geni\u015f bir \u00fcr\u00fcn yelpazesine sahibiz. Temel i\u015fimiz olan titanyum dioksit, sekt\u00f6rdeki \u00fcnl\u00fc titanyum dioksit \u00fcreticileriyle acentelik ve hissedarl\u0131k yoluyla, rekabet\u00e7i tedarik kanallar\u0131 ve \u00e7e\u015fitli sekt\u00f6rlerdeki uzmanlardan teknik destekle i\u015fbirli\u011fi yapmakt\u0131r. 2023 itibar\u0131yla, d\u00fcnya \u00e7ap\u0131nda 20.000 tondan fazla sat\u0131lm\u0131\u015ft\u0131r. Titanyum dioksiti s\u00fclf\u00fcrik asit y\u00f6ntemi, klorlama y\u00f6ntemi ve \u00f6zel ama\u00e7l\u0131 titanyum dioksit (\u00f6rne\u011fin g\u0131da s\u0131n\u0131f\u0131, kozmetik s\u0131n\u0131f\u0131, elektronik s\u0131n\u0131f\u0131) ile tedarik edebiliriz. Ortak fabrikalar\u0131m\u0131z\u0131n laboratuvarlar\u0131na g\u00fcvenerek, m\u00fc\u015fterilerimiz i\u00e7in y\u00fcksek kaliteli ve istikrarl\u0131 hammaddelerin yan\u0131 s\u0131ra \u00f6zelle\u015ftirilmi\u015f \u00fcr\u00fcnler ve profesyonel \u00fcr\u00fcn \u00e7\u00f6z\u00fcmleri sa\u011flamaya kararl\u0131y\u0131z. \u00dcr\u00fcnlerimiz Avrupa, Asya, Kuzey ve G\u00fcney Amerika&#039;ya ihra\u00e7 edilmektedir.<\/p>\t\t\t\t\t\t\t\t<\/div>\n\t\t\t\t<\/div>\n\t\t\t\t<\/div>\n\t\t<div data-particle_enable=\"false\" data-particle-mobile-disabled=\"false\" class=\"elementor-element elementor-element-04dbd7b e-con-full e-flex e-con e-child\" data-id=\"04dbd7b\" data-element_type=\"container\" data-settings=\"{&quot;background_background&quot;:&quot;classic&quot;}\">\n\t\t\t\t<div class=\"elementor-element elementor-element-e2f9a73 exad-sticky-section-no exad-glass-effect-no elementor-widget elementor-widget-spacer\" data-id=\"e2f9a73\" data-element_type=\"widget\" data-widget_type=\"spacer.default\">\n\t\t\t\t<div class=\"elementor-widget-container\">\n\t\t\t\t\t\t\t<div class=\"elementor-spacer\">\n\t\t\t<div class=\"elementor-spacer-inner\"><\/div>\n\t\t<\/div>\n\t\t\t\t\t\t<\/div>\n\t\t\t\t<\/div>\n\t\t\t\t<\/div>\n\t\t\t\t\t<\/div>\n\t\t\t\t<\/div>\n\t\t\t\t<\/div>","protected":false},"excerpt":{"rendered":"<p>Pigmentler ve Boyalar B\u00f6l\u00fcm\u00fc WPA, \u00c7in&#039;in \u00f6nde gelen \u00f6zel pigment hizmet sa\u011flay\u0131c\u0131lar\u0131ndan biridir. Kaplamalar, plastikler, kau\u00e7uk, m\u00fcrekkep, ka\u011f\u0131t ve di\u011fer uygulamalar\u0131 kapsayan \u00f6zel pigment segmentinde geni\u015f bir \u00fcr\u00fcn yelpazesine sahibiz. Ana faaliyet alan\u0131m\u0131z olan titanyum dioksit, sekt\u00f6rdeki \u00fcnl\u00fc titanyum dioksit \u00fcreticileriyle ajan [\u2026] yoluyla i\u015f birli\u011fi yapmakt\u0131r.<\/p>","protected":false},"author":3,"featured_media":0,"parent":0,"menu_order":0,"comment_status":"closed","ping_status":"closed","template":"","meta":{"_acf_changed":false,"_gspb_post_css":"","footnotes":""},"class_list":["post-5285","page","type-page","status-publish","hentry"],"blocksy_meta":[],"acf":[],"_links":{"self":[{"href":"https:\/\/wpachem.com\/tr\/wp-json\/wp\/v2\/pages\/5285","targetHints":{"allow":["GET"]}}],"collection":[{"href":"https:\/\/wpachem.com\/tr\/wp-json\/wp\/v2\/pages"}],"about":[{"href":"https:\/\/wpachem.com\/tr\/wp-json\/wp\/v2\/types\/page"}],"author":[{"embeddable":true,"href":"https:\/\/wpachem.com\/tr\/wp-json\/wp\/v2\/users\/3"}],"replies":[{"embeddable":true,"href":"https:\/\/wpachem.com\/tr\/wp-json\/wp\/v2\/comments?post=5285"}],"version-history":[{"count":0,"href":"https:\/\/wpachem.com\/tr\/wp-json\/wp\/v2\/pages\/5285\/revisions"}],"wp:attachment":[{"href":"https:\/\/wpachem.com\/tr\/wp-json\/wp\/v2\/media?parent=5285"}],"curies":[{"name":"wp","href":"https:\/\/api.w.org\/{rel}","templated":true}]}}