{"id":5293,"date":"2023-11-28T03:07:34","date_gmt":"2023-11-28T03:07:34","guid":{"rendered":"https:\/\/wpachem.com\/?page_id=5293"},"modified":"2023-11-28T03:10:13","modified_gmt":"2023-11-28T03:10:13","slug":"rubber-plastic-chemicals-division","status":"publish","type":"page","link":"https:\/\/wpachem.com\/tr\/rubber-plastic-chemicals-division\/","title":{"rendered":"Kau\u00e7uk ve Plastik Kimyasallar\u0131 B\u00f6l\u00fcm\u00fc"},"content":{"rendered":"<div data-elementor-type=\"wp-page\" data-elementor-id=\"5293\" class=\"elementor elementor-5293\" data-elementor-post-type=\"page\">\n\t\t\t\t\t\t<section data-particle_enable=\"false\" data-particle-mobile-disabled=\"false\" data-exad-particle-enable=\"false\" class=\"elementor-section elementor-top-section elementor-element elementor-element-368579c ct-section-stretched elementor-section-height-min-height elementor-section-boxed elementor-section-height-default elementor-section-items-middle exad-parallax-effect-no exad-background-color-change-no exad-glass-effect-no exad-sticky-section-no\" data-id=\"368579c\" data-element_type=\"section\" data-settings=\"{&quot;background_background&quot;:&quot;classic&quot;,&quot;shape_divider_bottom&quot;:&quot;waves&quot;}\">\n\t\t\t\t\t<div class=\"elementor-shape elementor-shape-bottom\" aria-hidden=\"true\" data-negative=\"false\">\n\t\t\t<svg xmlns=\"http:\/\/www.w3.org\/2000\/svg\" viewbox=\"0 0 1000 100\" preserveaspectratio=\"none\">\n\t<path class=\"elementor-shape-fill\" d=\"M421.9,6.5c22.6-2.5,51.5,0.4,75.5,5.3c23.6,4.9,70.9,23.5,100.5,35.7c75.8,32.2,133.7,44.5,192.6,49.7\tc23.6,2.1,48.7,3.5,103.4-2.5c54.7-6,106.2-25.6,106.2-25.6V0H0v30.3c0,0,72,32.6,158.4,30.5c39.2-0.7,92.8-6.7,134-22.4\tc21.2-8.1,52.2-18.2,79.7-24.2C399.3,7.9,411.6,7.5,421.9,6.5z\"\/>\n<\/svg>\t\t<\/div>\n\t\t\t\t\t<div class=\"elementor-container elementor-column-gap-default\">\n\t\t\t\t\t<div class=\"elementor-column elementor-col-100 elementor-top-column elementor-element elementor-element-6b4b850 exad-glass-effect-no exad-sticky-section-no\" data-id=\"6b4b850\" data-element_type=\"column\">\n\t\t\t<div class=\"elementor-widget-wrap elementor-element-populated\">\n\t\t\t\t\t\t<div class=\"elementor-element elementor-element-8484edb exad-sticky-section-no exad-glass-effect-no elementor-widget elementor-widget-heading\" data-id=\"8484edb\" data-element_type=\"widget\" data-widget_type=\"heading.default\">\n\t\t\t\t<div class=\"elementor-widget-container\">\n\t\t\t\t\t<h1 class=\"elementor-heading-title elementor-size-default\">Kau\u00e7uk ve Plastik Kimyasallar\u0131 B\u00f6l\u00fcm\u00fc<\/h1>\t\t\t\t<\/div>\n\t\t\t\t<\/div>\n\t\t\t\t\t<\/div>\n\t\t<\/div>\n\t\t\t\t\t<\/div>\n\t\t<\/section>\n\t\t<div data-particle_enable=\"false\" data-particle-mobile-disabled=\"false\" class=\"elementor-element elementor-element-4eecb7e e-flex e-con-boxed e-con e-parent\" data-id=\"4eecb7e\" data-element_type=\"container\" data-settings=\"{&quot;background_background&quot;:&quot;classic&quot;}\">\n\t\t\t\t\t<div class=\"e-con-inner\">\n\t\t<div data-particle_enable=\"false\" data-particle-mobile-disabled=\"false\" class=\"elementor-element elementor-element-fa7c063 e-con-full e-flex e-con e-child\" data-id=\"fa7c063\" data-element_type=\"container\">\n\t\t\t\t<div class=\"elementor-element elementor-element-b301740 exad-sticky-section-no exad-glass-effect-no elementor-widget elementor-widget-text-editor\" data-id=\"b301740\" data-element_type=\"widget\" data-widget_type=\"text-editor.default\">\n\t\t\t\t<div class=\"elementor-widget-container\">\n\t\t\t\t\t\t\t\t\t<p>WPA, 10 y\u0131ldan uzun s\u00fcredir kau\u00e7uk alan\u0131na odaklan\u0131yor ve \u00c7in&#039;de \u00f6nde gelen bir kau\u00e7uk katk\u0131 maddesi malzeme hizmeti sa\u011flay\u0131c\u0131s\u0131d\u0131r. D\u00fcnyan\u0131n en b\u00fcy\u00fck kau\u00e7uk katk\u0131 maddesi \u00fcretim ve tedarik \u00fclkelerinde, sekt\u00f6r\u00fcn y\u00fcksek kaliteli kaynaklar\u0131n\u0131 ve tedarik kanallar\u0131n\u0131 entegre ettik ve tan\u0131nm\u0131\u015f yerli ve yabanc\u0131 \u00fcreticilerle yak\u0131n temas ve i\u015fbirli\u011fi i\u00e7indeyiz. \u00dcr\u00fcnlerimiz aras\u0131nda kau\u00e7uk h\u0131zland\u0131r\u0131c\u0131lar, kau\u00e7uk antioksidanlar, vulkanize edici maddeler, fonksiyonel kau\u00e7uk katk\u0131 maddeleri ve \u00f6zel kau\u00e7uk bulunur. Uygulama alanlar\u0131, lastikler, kau\u00e7uk hortumlar, kau\u00e7uk kay\u0131\u015flar, kau\u00e7uk levhalar ve kau\u00e7uk ayakkab\u0131 tabanlar\u0131 dahil olmak \u00fczere her t\u00fcrl\u00fc kau\u00e7uk \u00fcr\u00fcn\u00fcn\u00fc kapsar. \u00dcr\u00fcnlerimiz Avrupa, Asya, Kuzey Amerika ve G\u00fcney Amerika&#039;ya ihra\u00e7 edilmektedir.<\/p>\t\t\t\t\t\t\t\t<\/div>\n\t\t\t\t<\/div>\n\t\t\t\t<\/div>\n\t\t<div data-particle_enable=\"false\" data-particle-mobile-disabled=\"false\" class=\"elementor-element elementor-element-1f0876a e-con-full e-flex e-con e-child\" data-id=\"1f0876a\" data-element_type=\"container\" data-settings=\"{&quot;background_background&quot;:&quot;classic&quot;}\">\n\t\t\t\t<div class=\"elementor-element elementor-element-50d2cdf exad-sticky-section-no exad-glass-effect-no elementor-widget elementor-widget-spacer\" data-id=\"50d2cdf\" data-element_type=\"widget\" data-widget_type=\"spacer.default\">\n\t\t\t\t<div class=\"elementor-widget-container\">\n\t\t\t\t\t\t\t<div class=\"elementor-spacer\">\n\t\t\t<div class=\"elementor-spacer-inner\"><\/div>\n\t\t<\/div>\n\t\t\t\t\t\t<\/div>\n\t\t\t\t<\/div>\n\t\t\t\t<\/div>\n\t\t\t\t\t<\/div>\n\t\t\t\t<\/div>\n\t\t\t\t<\/div>","protected":false},"excerpt":{"rendered":"<p>Kau\u00e7uk ve Plastik Kimyasallar\u0131 B\u00f6l\u00fcm\u00fc WPA, 10 y\u0131l\u0131 a\u015fk\u0131n s\u00fcredir kau\u00e7uk alan\u0131na odaklanm\u0131\u015f olup, \u00c7in&#039;de lider bir kau\u00e7uk katk\u0131 maddesi malzeme hizmet sa\u011flay\u0131c\u0131s\u0131d\u0131r. D\u00fcnyan\u0131n en b\u00fcy\u00fck kau\u00e7uk katk\u0131 maddesi \u00fcretim ve tedarik \u00fclkelerinde, sekt\u00f6r\u00fcn y\u00fcksek kaliteli kaynaklar\u0131n\u0131 ve tedarik kanallar\u0131n\u0131 entegre etmi\u015f, yak\u0131n temas ve i\u015f birli\u011fi i\u00e7indeyiz [\u2026]<\/p>","protected":false},"author":3,"featured_media":0,"parent":0,"menu_order":0,"comment_status":"closed","ping_status":"closed","template":"","meta":{"_acf_changed":false,"_gspb_post_css":"","footnotes":""},"class_list":["post-5293","page","type-page","status-publish","hentry"],"blocksy_meta":[],"acf":[],"_links":{"self":[{"href":"https:\/\/wpachem.com\/tr\/wp-json\/wp\/v2\/pages\/5293","targetHints":{"allow":["GET"]}}],"collection":[{"href":"https:\/\/wpachem.com\/tr\/wp-json\/wp\/v2\/pages"}],"about":[{"href":"https:\/\/wpachem.com\/tr\/wp-json\/wp\/v2\/types\/page"}],"author":[{"embeddable":true,"href":"https:\/\/wpachem.com\/tr\/wp-json\/wp\/v2\/users\/3"}],"replies":[{"embeddable":true,"href":"https:\/\/wpachem.com\/tr\/wp-json\/wp\/v2\/comments?post=5293"}],"version-history":[{"count":0,"href":"https:\/\/wpachem.com\/tr\/wp-json\/wp\/v2\/pages\/5293\/revisions"}],"wp:attachment":[{"href":"https:\/\/wpachem.com\/tr\/wp-json\/wp\/v2\/media?parent=5293"}],"curies":[{"name":"wp","href":"https:\/\/api.w.org\/{rel}","templated":true}]}}