{"id":5301,"date":"2023-11-28T03:11:01","date_gmt":"2023-11-28T03:11:01","guid":{"rendered":"https:\/\/wpachem.com\/?page_id=5301"},"modified":"2023-11-28T03:14:03","modified_gmt":"2023-11-28T03:14:03","slug":"personal-care-and-cosmetic-ingredients-division","status":"publish","type":"page","link":"https:\/\/wpachem.com\/tr\/personal-care-and-cosmetic-ingredients-division\/","title":{"rendered":"Ki\u015fisel Bak\u0131m ve Kozmetik \u0130\u00e7erikleri B\u00f6l\u00fcm\u00fc"},"content":{"rendered":"<div data-elementor-type=\"wp-page\" data-elementor-id=\"5301\" class=\"elementor elementor-5301\" data-elementor-post-type=\"page\">\n\t\t\t\t\t\t<section data-particle_enable=\"false\" data-particle-mobile-disabled=\"false\" data-exad-particle-enable=\"false\" class=\"elementor-section elementor-top-section elementor-element elementor-element-db2e752 ct-section-stretched elementor-section-height-min-height elementor-section-boxed elementor-section-height-default elementor-section-items-middle exad-parallax-effect-no exad-background-color-change-no exad-glass-effect-no exad-sticky-section-no\" data-id=\"db2e752\" data-element_type=\"section\" data-settings=\"{&quot;background_background&quot;:&quot;classic&quot;,&quot;shape_divider_bottom&quot;:&quot;waves&quot;}\">\n\t\t\t\t\t\t\t<div class=\"elementor-background-overlay\"><\/div>\n\t\t\t\t\t\t<div class=\"elementor-shape elementor-shape-bottom\" aria-hidden=\"true\" data-negative=\"false\">\n\t\t\t<svg xmlns=\"http:\/\/www.w3.org\/2000\/svg\" viewbox=\"0 0 1000 100\" preserveaspectratio=\"none\">\n\t<path class=\"elementor-shape-fill\" d=\"M421.9,6.5c22.6-2.5,51.5,0.4,75.5,5.3c23.6,4.9,70.9,23.5,100.5,35.7c75.8,32.2,133.7,44.5,192.6,49.7\tc23.6,2.1,48.7,3.5,103.4-2.5c54.7-6,106.2-25.6,106.2-25.6V0H0v30.3c0,0,72,32.6,158.4,30.5c39.2-0.7,92.8-6.7,134-22.4\tc21.2-8.1,52.2-18.2,79.7-24.2C399.3,7.9,411.6,7.5,421.9,6.5z\"\/>\n<\/svg>\t\t<\/div>\n\t\t\t\t\t<div class=\"elementor-container elementor-column-gap-default\">\n\t\t\t\t\t<div class=\"elementor-column elementor-col-100 elementor-top-column elementor-element elementor-element-8a4e424 exad-glass-effect-no exad-sticky-section-no\" data-id=\"8a4e424\" data-element_type=\"column\">\n\t\t\t<div class=\"elementor-widget-wrap elementor-element-populated\">\n\t\t\t\t\t\t<div class=\"elementor-element elementor-element-d7af9b0 exad-sticky-section-no exad-glass-effect-no elementor-widget elementor-widget-heading\" data-id=\"d7af9b0\" data-element_type=\"widget\" data-widget_type=\"heading.default\">\n\t\t\t\t<div class=\"elementor-widget-container\">\n\t\t\t\t\t<h1 class=\"elementor-heading-title elementor-size-default\">Ki\u015fisel Bak\u0131m ve Kozmetik \u0130\u00e7erikleri B\u00f6l\u00fcm\u00fc<\/h1>\t\t\t\t<\/div>\n\t\t\t\t<\/div>\n\t\t\t\t\t<\/div>\n\t\t<\/div>\n\t\t\t\t\t<\/div>\n\t\t<\/section>\n\t\t<div data-particle_enable=\"false\" data-particle-mobile-disabled=\"false\" class=\"elementor-element elementor-element-3e4de06 e-flex e-con-boxed e-con e-parent\" data-id=\"3e4de06\" data-element_type=\"container\" data-settings=\"{&quot;background_background&quot;:&quot;classic&quot;}\">\n\t\t\t\t\t<div class=\"e-con-inner\">\n\t\t<div data-particle_enable=\"false\" data-particle-mobile-disabled=\"false\" class=\"elementor-element elementor-element-ea31193 e-con-full e-flex e-con e-child\" data-id=\"ea31193\" data-element_type=\"container\">\n\t\t\t\t<div class=\"elementor-element elementor-element-c304c82 exad-sticky-section-no exad-glass-effect-no elementor-widget elementor-widget-text-editor\" data-id=\"c304c82\" data-element_type=\"widget\" data-widget_type=\"text-editor.default\">\n\t\t\t\t<div class=\"elementor-widget-container\">\n\t\t\t\t\t\t\t\t\t<p>&quot;Koyula\u015ft\u0131r\u0131c\u0131lar, koruyucular, dolgu maddeleri, sedefle\u015ftiriciler, antioksidanlar, PH d\u00fczenleyiciler vb. gibi farkl\u0131 i\u015flevlere sahip geni\u015f bir yelpazede kozmetik bazl\u0131 hammaddeler ve cilt bak\u0131m\u0131, makyaj, parf\u00fcm, g\u00fcne\u015f kremi ve di\u011fer g\u00fcnl\u00fck kimyasallar alan\u0131nda yayg\u0131n olarak kullan\u0131lan yumu\u015fat\u0131c\u0131lar, nemlendiriciler, temizleyiciler, renklendiriciler, beyazlat\u0131c\u0131lar, sa\u00e7 boyalar\u0131 vb. gibi etkili hammaddeler sa\u011fl\u0131yoruz. WPA, sekt\u00f6rdeki tan\u0131nm\u0131\u015f teknik dan\u0131\u015fmanlar\u0131n eklenmesiyle, yeni hammaddeleri pazar dinamiklerine g\u00f6re uyumluluk, risk, uygulama d\u00fczeyi, tedarik zinciri ve di\u011fer boyutlar a\u00e7\u0131s\u0131ndan de\u011ferlendirir, y\u00fcksek kaliteli tedarik\u00e7ileri tarar, y\u00fcksek kaliteli \u00fcr\u00fcnler tedarik eder ve ayn\u0131 zamanda uygulama sistemine g\u00f6re form\u00fclasyon i\u00e7in farkl\u0131 m\u00fc\u015fterilerin hizmet gereksinimlerini kar\u015f\u0131lar.<\/p>\t\t\t\t\t\t\t\t<\/div>\n\t\t\t\t<\/div>\n\t\t\t\t<\/div>\n\t\t<div data-particle_enable=\"false\" data-particle-mobile-disabled=\"false\" class=\"elementor-element elementor-element-9b011d6 e-con-full e-flex e-con e-child\" data-id=\"9b011d6\" data-element_type=\"container\" data-settings=\"{&quot;background_background&quot;:&quot;classic&quot;}\">\n\t\t\t\t<div class=\"elementor-element elementor-element-3c52c2c exad-sticky-section-no exad-glass-effect-no elementor-widget elementor-widget-spacer\" data-id=\"3c52c2c\" data-element_type=\"widget\" data-widget_type=\"spacer.default\">\n\t\t\t\t<div class=\"elementor-widget-container\">\n\t\t\t\t\t\t\t<div class=\"elementor-spacer\">\n\t\t\t<div class=\"elementor-spacer-inner\"><\/div>\n\t\t<\/div>\n\t\t\t\t\t\t<\/div>\n\t\t\t\t<\/div>\n\t\t\t\t<\/div>\n\t\t\t\t\t<\/div>\n\t\t\t\t<\/div>\n\t\t\t\t<\/div>","protected":false},"excerpt":{"rendered":"<p>Personal Care and Cosmetic Ingredients Division We provide a wide range of cosmetic-based raw materials with different functions, such as &#8220;thickeners, preservatives, fillers, pearlizing agents, antioxidants, PH regulators, etc., and efficacy raw materials such as emollients, moisturizers, cleansers, colorants, whiteners, hair dyes, etc., which are widely used in the field of skin care, make-up, perfume, [&hellip;]<\/p>","protected":false},"author":3,"featured_media":0,"parent":0,"menu_order":0,"comment_status":"closed","ping_status":"closed","template":"","meta":{"_acf_changed":false,"_gspb_post_css":"","footnotes":""},"class_list":["post-5301","page","type-page","status-publish","hentry"],"blocksy_meta":[],"acf":[],"_links":{"self":[{"href":"https:\/\/wpachem.com\/tr\/wp-json\/wp\/v2\/pages\/5301","targetHints":{"allow":["GET"]}}],"collection":[{"href":"https:\/\/wpachem.com\/tr\/wp-json\/wp\/v2\/pages"}],"about":[{"href":"https:\/\/wpachem.com\/tr\/wp-json\/wp\/v2\/types\/page"}],"author":[{"embeddable":true,"href":"https:\/\/wpachem.com\/tr\/wp-json\/wp\/v2\/users\/3"}],"replies":[{"embeddable":true,"href":"https:\/\/wpachem.com\/tr\/wp-json\/wp\/v2\/comments?post=5301"}],"version-history":[{"count":0,"href":"https:\/\/wpachem.com\/tr\/wp-json\/wp\/v2\/pages\/5301\/revisions"}],"wp:attachment":[{"href":"https:\/\/wpachem.com\/tr\/wp-json\/wp\/v2\/media?parent=5301"}],"curies":[{"name":"wp","href":"https:\/\/api.w.org\/{rel}","templated":true}]}}